{"id":8667,"date":"2025-09-03T07:05:04","date_gmt":"2025-09-03T05:05:04","guid":{"rendered":"https:\/\/cvrcak-daruvar.com.hr\/?page_id=8667"},"modified":"2025-09-03T07:11:18","modified_gmt":"2025-09-03T05:11:18","slug":"nastup-skolskog-benda-s-pjesmom-skolska-torba-na-67-zupanijskom-natjecanju-mladih-tehnicara","status":"publish","type":"page","link":"https:\/\/cvrcak-daruvar.com.hr\/?page_id=8667","title":{"rendered":"Nastup \u0161kolskog benda s pjesmom \u0160kolska torba na 67. \u017eupanijskom natjecanju mladih tehni\u010dara"},"content":{"rendered":"\n<p>U\u010denici O\u0160 Vladimira Nazora u srijedu, 02. travnja 2025. godine na \u017eupanijskom natjecanju mladih tehni\u010dara premijerno su izveli svoju autorsku pjesmu \u0160kolska torba te su izveli himnu Lijepa na\u0161a domovino. Nastupali su ovi u\u010denici: David Jambrovi\u0107 (klavir), Lea Petkovi\u0107 (violon\u010delo), Gabriela Borojevi\u0107 (flaute) i Tena Kurtz (pjeva\u010dica).<\/p>\n\n\n\n<p>\u00a0\u00a0\u00a0\u00a0\u00a0\u00a0\u00a0\u00a0\u00a0\u00a0\u00a0\u00a0\u00a0\u00a0\u00a0\u00a0\u00a0\u00a0\u00a0\u00a0\u00a0\u00a0\u00a0\u00a0\u00a0\u00a0\u00a0\u00a0\u00a0\u00a0\u00a0\u00a0\u00a0\u00a0\u00a0\u00a0\u00a0\u00a0\u00a0\u00a0\u00a0\u00a0\u00a0\u00a0\u00a0\u00a0\u00a0\u00a0\u00a0\u00a0\u00a0\u00a0\u00a0\u00a0\u00a0\u00a0\u00a0\u00a0 Mentorica: Andrea Pavi\u0107, nastavnica glazbene kulture<\/p>\n\n\n\n<figure class=\"wp-block-gallery has-nested-images columns-2 wp-block-gallery-1 is-layout-flex\">\n<figure class=\"wp-block-image size-large\"><a href=\"https:\/\/cvrcak-daruvar.com.hr\/wp-content\/uploads\/2025\/09\/3-ST-3-preview.jpg\" class=\"gallery_colorbox\"><img decoding=\"async\" loading=\"lazy\" width=\"500\" height=\"375\" data-id=\"8674\"  src=\"https:\/\/cvrcak-daruvar.com.hr\/wp-content\/uploads\/2025\/09\/3-ST-3-preview.jpg\"  alt=\"\" class=\"wp-image-8674\" srcset=\"https:\/\/cvrcak-daruvar.com.hr\/wp-content\/uploads\/2025\/09\/3-ST-3-preview.jpg 500w, https:\/\/cvrcak-daruvar.com.hr\/wp-content\/uploads\/2025\/09\/3-ST-3-preview-300x225.jpg 300w\" sizes=\"(max-width: 500px) 100vw, 500px\" \/><\/a><\/figure>\n\n\n\n<figure class=\"wp-block-image size-large\"><a href=\"https:\/\/cvrcak-daruvar.com.hr\/wp-content\/uploads\/2025\/09\/4-ST-4-preview.jpg\" class=\"gallery_colorbox\"><img decoding=\"async\" loading=\"lazy\" width=\"500\" height=\"375\" data-id=\"8677\"  src=\"https:\/\/cvrcak-daruvar.com.hr\/wp-content\/uploads\/2025\/09\/4-ST-4-preview.jpg\"  alt=\"\" class=\"wp-image-8677\" srcset=\"https:\/\/cvrcak-daruvar.com.hr\/wp-content\/uploads\/2025\/09\/4-ST-4-preview.jpg 500w, https:\/\/cvrcak-daruvar.com.hr\/wp-content\/uploads\/2025\/09\/4-ST-4-preview-300x225.jpg 300w\" sizes=\"(max-width: 500px) 100vw, 500px\" \/><\/a><\/figure>\n\n\n\n<figure class=\"wp-block-image size-large\"><a href=\"https:\/\/cvrcak-daruvar.com.hr\/wp-content\/uploads\/2025\/09\/5-ST-5-preview.jpg\" class=\"gallery_colorbox\"><img decoding=\"async\" loading=\"lazy\" width=\"500\" height=\"375\" data-id=\"8675\"  src=\"https:\/\/cvrcak-daruvar.com.hr\/wp-content\/uploads\/2025\/09\/5-ST-5-preview.jpg\"  alt=\"\" class=\"wp-image-8675\" srcset=\"https:\/\/cvrcak-daruvar.com.hr\/wp-content\/uploads\/2025\/09\/5-ST-5-preview.jpg 500w, https:\/\/cvrcak-daruvar.com.hr\/wp-content\/uploads\/2025\/09\/5-ST-5-preview-300x225.jpg 300w\" sizes=\"(max-width: 500px) 100vw, 500px\" \/><\/a><\/figure>\n\n\n\n<figure class=\"wp-block-image size-large\"><a href=\"https:\/\/cvrcak-daruvar.com.hr\/wp-content\/uploads\/2025\/09\/1-ST-1-preview.jpg\" class=\"gallery_colorbox\"><img decoding=\"async\" loading=\"lazy\" width=\"500\" height=\"375\" data-id=\"8678\"  src=\"https:\/\/cvrcak-daruvar.com.hr\/wp-content\/uploads\/2025\/09\/1-ST-1-preview.jpg\"  alt=\"\" class=\"wp-image-8678\" srcset=\"https:\/\/cvrcak-daruvar.com.hr\/wp-content\/uploads\/2025\/09\/1-ST-1-preview.jpg 500w, https:\/\/cvrcak-daruvar.com.hr\/wp-content\/uploads\/2025\/09\/1-ST-1-preview-300x225.jpg 300w\" sizes=\"(max-width: 500px) 100vw, 500px\" \/><\/a><\/figure>\n\n\n\n<figure class=\"wp-block-image size-large\"><a href=\"https:\/\/cvrcak-daruvar.com.hr\/wp-content\/uploads\/2025\/09\/2-ST-2-preview.jpg\" class=\"gallery_colorbox\"><img decoding=\"async\" loading=\"lazy\" width=\"500\" height=\"375\" data-id=\"8676\"  src=\"https:\/\/cvrcak-daruvar.com.hr\/wp-content\/uploads\/2025\/09\/2-ST-2-preview.jpg\"  alt=\"\" class=\"wp-image-8676\" srcset=\"https:\/\/cvrcak-daruvar.com.hr\/wp-content\/uploads\/2025\/09\/2-ST-2-preview.jpg 500w, https:\/\/cvrcak-daruvar.com.hr\/wp-content\/uploads\/2025\/09\/2-ST-2-preview-300x225.jpg 300w\" sizes=\"(max-width: 500px) 100vw, 500px\" \/><\/a><\/figure>\n<\/figure>\n","protected":false},"excerpt":{"rendered":"<p>U\u010denici O\u0160 Vladimira Nazora u srijedu, 02. travnja 2025. godine na \u017eupanijskom natjecanju mladih tehni\u010dara premijerno su izveli svoju autorsku pjesmu \u0160kolska torba te su izveli himnu Lijepa na\u0161a domovino. Nastupali su ovi u\u010denici: David Jambrovi\u0107 (klavir), Lea Petkovi\u0107 (violon\u010delo), Gabriela Borojevi\u0107 (flaute) i Tena Kurtz (pjeva\u010dica). \u00a0\u00a0\u00a0\u00a0\u00a0\u00a0\u00a0\u00a0\u00a0\u00a0\u00a0\u00a0\u00a0\u00a0\u00a0\u00a0\u00a0\u00a0\u00a0\u00a0\u00a0\u00a0\u00a0\u00a0\u00a0\u00a0\u00a0\u00a0\u00a0\u00a0\u00a0\u00a0\u00a0\u00a0\u00a0\u00a0\u00a0\u00a0\u00a0\u00a0\u00a0\u00a0\u00a0\u00a0\u00a0\u00a0\u00a0\u00a0\u00a0\u00a0\u00a0\u00a0\u00a0\u00a0\u00a0\u00a0\u00a0\u00a0 Mentorica: Andrea Pavi\u0107, nastavnica glazbene kulture<\/p>\n","protected":false},"author":16,"featured_media":0,"parent":0,"menu_order":0,"comment_status":"closed","ping_status":"closed","template":"","meta":[],"_links":{"self":[{"href":"https:\/\/cvrcak-daruvar.com.hr\/index.php?rest_route=\/wp\/v2\/pages\/8667"}],"collection":[{"href":"https:\/\/cvrcak-daruvar.com.hr\/index.php?rest_route=\/wp\/v2\/pages"}],"about":[{"href":"https:\/\/cvrcak-daruvar.com.hr\/index.php?rest_route=\/wp\/v2\/types\/page"}],"author":[{"embeddable":true,"href":"https:\/\/cvrcak-daruvar.com.hr\/index.php?rest_route=\/wp\/v2\/users\/16"}],"replies":[{"embeddable":true,"href":"https:\/\/cvrcak-daruvar.com.hr\/index.php?rest_route=%2Fwp%2Fv2%2Fcomments&post=8667"}],"version-history":[{"count":3,"href":"https:\/\/cvrcak-daruvar.com.hr\/index.php?rest_route=\/wp\/v2\/pages\/8667\/revisions"}],"predecessor-version":[{"id":8680,"href":"https:\/\/cvrcak-daruvar.com.hr\/index.php?rest_route=\/wp\/v2\/pages\/8667\/revisions\/8680"}],"wp:attachment":[{"href":"https:\/\/cvrcak-daruvar.com.hr\/index.php?rest_route=%2Fwp%2Fv2%2Fmedia&parent=8667"}],"curies":[{"name":"wp","href":"https:\/\/api.w.org\/{rel}","templated":true}]}}