{"id":8663,"date":"2025-09-03T06:55:45","date_gmt":"2025-09-03T04:55:45","guid":{"rendered":"https:\/\/cvrcak-daruvar.com.hr\/?page_id=8663"},"modified":"2025-09-03T06:55:45","modified_gmt":"2025-09-03T04:55:45","slug":"nastup-na-festivalu-djecjeg-glazbenog-stvaralastva-u-velikoj-gorici","status":"publish","type":"page","link":"https:\/\/cvrcak-daruvar.com.hr\/?page_id=8663","title":{"rendered":"Nastup na Festivalu dje\u010djeg glazbenog stvarala\u0161tva u Velikoj Gorici"},"content":{"rendered":"\n<p>U\u010denici \u0161estih i osmih razreda O\u0160 Vladimira Nazora imali su priliku sudjelovati na FDGS u Velikoj Gorici na kojem su osvojili II. nagradu.<\/p>\n\n\n\n<p>Na festivalu se u tri kategorije natjecalo oko 20 osnovnih \u0161kola iz cijele Hrvatske, a gotovo 600 djece je predstavljalo svoje talente koje su vrijedno razvijali, kako na nastavi glazbene kulture, tako i u slobodno vrijeme u izvannastavnim glazbenim aktivnostima. Talenti se odnose na glazbeno stvarala\u0161tvo u naj\u0161irem smislu: od skladanja, pjevanja i sviranja, do pripreme i izvedbe najkompleksnijeg glazbeno-scenskog djela \u2013 mjuzikla. Organizator festivala, udruga Opus, pokrenula je ovaj projekt 2015. godine s ciljem poticanja kreativnosti kod u\u010denika i u\u010ditelja glazbene kulture u osnovnim \u0161kolama i stvaranje novih kvalitetnih skladbi slobodnog sadr\u017eaja i stila. Raznolikost izri\u010daja, tematika i \u017eanrova, kao i predanost djece da svoje skladbe i izvedbe \u0161to bolje predstave, ve\u0107 su tada pokazali velik potencijal festivala.<\/p>\n\n\n\n<p>Na\u0161u \u0161kolu u kategoriji&nbsp;<strong>Mladi autori<\/strong>&nbsp;s autorskom pjesmom<strong> \u0160kolska torba&nbsp;<\/strong>predstavili su u\u010denici: David Jambrovi\u0107 (klavir), Lea Petkovi\u0107 (violon\u010delo), Gabriela Borojevi\u0107 i Tereza Bolan\u010da (flaute) i Tena Kurtz (pjeva\u010dica).&nbsp;&nbsp;&nbsp;&nbsp;&nbsp;&nbsp;&nbsp;&nbsp;&nbsp;&nbsp;&nbsp;&nbsp;&nbsp;&nbsp;&nbsp;<\/p>\n\n\n\n<p>\u010cestitke!<\/p>\n\n\n\n<p>\u00a0\u00a0\u00a0\u00a0\u00a0\u00a0\u00a0\u00a0\u00a0\u00a0\u00a0\u00a0\u00a0\u00a0\u00a0\u00a0\u00a0\u00a0\u00a0\u00a0\u00a0\u00a0\u00a0\u00a0\u00a0\u00a0\u00a0\u00a0\u00a0\u00a0\u00a0\u00a0\u00a0\u00a0\u00a0\u00a0\u00a0\u00a0\u00a0\u00a0\u00a0\u00a0\u00a0\u00a0\u00a0\u00a0\u00a0\u00a0\u00a0\u00a0\u00a0\u00a0\u00a0\u00a0\u00a0\u00a0\u00a0\u00a0 Mentorica: Andrea Pavi\u0107, nastavnica glazbene kulture\u00a0\u00a0\u00a0\u00a0\u00a0\u00a0\u00a0\u00a0\u00a0\u00a0\u00a0<\/p>\n\n\n\n<figure class=\"wp-block-embed is-type-video is-provider-youtube wp-block-embed-youtube wp-embed-aspect-16-9 wp-has-aspect-ratio\"><div class=\"wp-block-embed__wrapper\">\n<iframe loading=\"lazy\" title=\"FDGS 2025\" width=\"500\" height=\"281\" src=\"https:\/\/www.youtube.com\/embed\/OoVxZxbLATQ?feature=oembed\" frameborder=\"0\" allow=\"accelerometer; autoplay; clipboard-write; encrypted-media; gyroscope; picture-in-picture; web-share\" referrerpolicy=\"strict-origin-when-cross-origin\" allowfullscreen><\/iframe>\n<\/div><\/figure>\n","protected":false},"excerpt":{"rendered":"<p>U\u010denici \u0161estih i osmih razreda O\u0160 Vladimira Nazora imali su priliku sudjelovati na FDGS u Velikoj Gorici na kojem su osvojili II. nagradu. Na festivalu se u tri kategorije natjecalo oko 20 osnovnih \u0161kola iz cijele Hrvatske, a gotovo 600 djece je predstavljalo svoje talente koje su vrijedno razvijali, kako na nastavi glazbene kulture, tako [&hellip;]<\/p>\n","protected":false},"author":16,"featured_media":0,"parent":0,"menu_order":0,"comment_status":"closed","ping_status":"closed","template":"","meta":[],"_links":{"self":[{"href":"https:\/\/cvrcak-daruvar.com.hr\/index.php?rest_route=\/wp\/v2\/pages\/8663"}],"collection":[{"href":"https:\/\/cvrcak-daruvar.com.hr\/index.php?rest_route=\/wp\/v2\/pages"}],"about":[{"href":"https:\/\/cvrcak-daruvar.com.hr\/index.php?rest_route=\/wp\/v2\/types\/page"}],"author":[{"embeddable":true,"href":"https:\/\/cvrcak-daruvar.com.hr\/index.php?rest_route=\/wp\/v2\/users\/16"}],"replies":[{"embeddable":true,"href":"https:\/\/cvrcak-daruvar.com.hr\/index.php?rest_route=%2Fwp%2Fv2%2Fcomments&post=8663"}],"version-history":[{"count":1,"href":"https:\/\/cvrcak-daruvar.com.hr\/index.php?rest_route=\/wp\/v2\/pages\/8663\/revisions"}],"predecessor-version":[{"id":8664,"href":"https:\/\/cvrcak-daruvar.com.hr\/index.php?rest_route=\/wp\/v2\/pages\/8663\/revisions\/8664"}],"wp:attachment":[{"href":"https:\/\/cvrcak-daruvar.com.hr\/index.php?rest_route=%2Fwp%2Fv2%2Fmedia&parent=8663"}],"curies":[{"name":"wp","href":"https:\/\/api.w.org\/{rel}","templated":true}]}}