{"id":8598,"date":"2025-09-03T06:36:10","date_gmt":"2025-09-03T04:36:10","guid":{"rendered":"https:\/\/cvrcak-daruvar.com.hr\/?page_id=8598"},"modified":"2025-09-03T06:40:26","modified_gmt":"2025-09-03T04:40:26","slug":"majcin-dan","status":"publish","type":"page","link":"https:\/\/cvrcak-daruvar.com.hr\/?page_id=8598","title":{"rendered":"Maj\u010din Dan"},"content":{"rendered":"\n<p>&nbsp;U \u017eivotu svakog djeteta, ali i odraslih, majka zauzima posebno mjesto, mjesto koje je neprocjenjive vrijednosti. Svoju ljubav prema majkama, ali i cijeloj obitelji, koncertom u \u010dast majkama ususret Maj\u010dinom danu, pripremili su u\u010denici O\u0160 Vladimira Nazora Daruvar u auli \u0161kole. Naime, u\u010denici ove \u0161kole, po prvi put pod mentorstvom Andree Pavi\u0107, nastavnice glazbene kulture, svojim su majkama pripremili prigodan koncert u suradnji s glazbenom \u0161kolom Brune Bjelinskog Daruvar, kako bi im na simboli\u010dan na\u010din pokazali koliko im zna\u010de u njihovim malim srcima. Punim srcima, iskrenim osmijehom u\u010denici su pjevali, svirali, plesali i recitirali u \u010dast svojim mamama. Osje\u0107aji i emocije, koje su ovi mali\u0161ani utkali u sve prisutne nisu ostali skriveni. Osmijeh na licima, a suzu u oku izmamili su svima, a najvi\u0161e suza radosnica bilo je u oku onih dama, koje s ljubavlju i u tuzi i u sre\u0107i i u boli zovemo mama. Po zavr\u0161etku koncerta svako dijete svojoj majci je poklonilo cvijet kao mali znak pa\u017enje i ljubavi.<\/p>\n\n\n\n<p>Mama hvala Ti!<\/p>\n\n\n\n<figure class=\"wp-block-embed is-type-video is-provider-youtube wp-block-embed-youtube wp-embed-aspect-16-9 wp-has-aspect-ratio\"><div class=\"wp-block-embed__wrapper\">\n<iframe loading=\"lazy\" title=\"Maj\u010din dan\" width=\"500\" height=\"281\" src=\"https:\/\/www.youtube.com\/embed\/4ilZGYlitJw?feature=oembed\" frameborder=\"0\" allow=\"accelerometer; autoplay; clipboard-write; encrypted-media; gyroscope; picture-in-picture; web-share\" referrerpolicy=\"strict-origin-when-cross-origin\" allowfullscreen><\/iframe>\n<\/div><\/figure>\n","protected":false},"excerpt":{"rendered":"<p>&nbsp;U \u017eivotu svakog djeteta, ali i odraslih, majka zauzima posebno mjesto, mjesto koje je neprocjenjive vrijednosti. Svoju ljubav prema majkama, ali i cijeloj obitelji, koncertom u \u010dast majkama ususret Maj\u010dinom danu, pripremili su u\u010denici O\u0160 Vladimira Nazora Daruvar u auli \u0161kole. Naime, u\u010denici ove \u0161kole, po prvi put pod mentorstvom Andree Pavi\u0107, nastavnice glazbene kulture, [&hellip;]<\/p>\n","protected":false},"author":16,"featured_media":0,"parent":0,"menu_order":0,"comment_status":"closed","ping_status":"closed","template":"","meta":[],"_links":{"self":[{"href":"https:\/\/cvrcak-daruvar.com.hr\/index.php?rest_route=\/wp\/v2\/pages\/8598"}],"collection":[{"href":"https:\/\/cvrcak-daruvar.com.hr\/index.php?rest_route=\/wp\/v2\/pages"}],"about":[{"href":"https:\/\/cvrcak-daruvar.com.hr\/index.php?rest_route=\/wp\/v2\/types\/page"}],"author":[{"embeddable":true,"href":"https:\/\/cvrcak-daruvar.com.hr\/index.php?rest_route=\/wp\/v2\/users\/16"}],"replies":[{"embeddable":true,"href":"https:\/\/cvrcak-daruvar.com.hr\/index.php?rest_route=%2Fwp%2Fv2%2Fcomments&post=8598"}],"version-history":[{"count":1,"href":"https:\/\/cvrcak-daruvar.com.hr\/index.php?rest_route=\/wp\/v2\/pages\/8598\/revisions"}],"predecessor-version":[{"id":8660,"href":"https:\/\/cvrcak-daruvar.com.hr\/index.php?rest_route=\/wp\/v2\/pages\/8598\/revisions\/8660"}],"wp:attachment":[{"href":"https:\/\/cvrcak-daruvar.com.hr\/index.php?rest_route=%2Fwp%2Fv2%2Fmedia&parent=8598"}],"curies":[{"name":"wp","href":"https:\/\/api.w.org\/{rel}","templated":true}]}}