{"id":8149,"date":"2024-10-20T08:25:26","date_gmt":"2024-10-20T06:25:26","guid":{"rendered":"https:\/\/cvrcak-daruvar.com.hr\/?page_id=8149"},"modified":"2025-11-09T16:27:10","modified_gmt":"2025-11-09T15:27:10","slug":"natjecanja-i-smotre-3","status":"publish","type":"page","link":"https:\/\/cvrcak-daruvar.com.hr\/?page_id=8149","title":{"rendered":"Natjecanja i smotre 2024.\/2025."},"content":{"rendered":"\n<p><\/p>\n\n\n\n<p>67. natjecanje mladih tehni\u010dara Republike Hrvatske \u2013 dr\u017eavna razina <\/p>\n\n\n\n<p>31. dr\u017eavno natjecanje Sigurno u prometu <a href=\"https:\/\/os-vnazora-daruvar.skole.hr\/31-drzavno-natjecanje-sigurno-u-prometu\/\" data-type=\"URL\" data-id=\"https:\/\/os-vnazora-daruvar.skole.hr\/31-drzavno-natjecanje-sigurno-u-prometu\/\" target=\"_blank\" rel=\"noreferrer noopener\">https:\/\/os-vnazora-daruvar.skole.hr\/31-drzavno-natjecanje-sigurno-u-prometu\/<\/a><a href=\"https:\/\/os-vnazora-daruvar.skole.hr\/67-natjecanje-mladih-tehnicara-republike-hrvatske-drzavna-razina\/\" data-type=\"URL\" data-id=\"https:\/\/os-vnazora-daruvar.skole.hr\/67-natjecanje-mladih-tehnicara-republike-hrvatske-drzavna-razina\/\" target=\"_blank\" rel=\"noreferrer noopener\">https:\/\/os-vnazora-daruvar.skole.hr\/67-natjecanje-mladih-tehnicara-republike-hrvatske-drzavna-razina\/<\/a><\/p>\n\n\n\n<p>Pogledajte kako je bilo na \u017eupanijskom 67. NMT <a href=\"https:\/\/os-vnazora-daruvar.skole.hr\/pogledajte-kako-je-bilo-na-zupanijskom-67-nmt\/\" data-type=\"URL\" data-id=\"https:\/\/os-vnazora-daruvar.skole.hr\/pogledajte-kako-je-bilo-na-zupanijskom-67-nmt\/\" target=\"_blank\" rel=\"noreferrer noopener\">https:\/\/os-vnazora-daruvar.skole.hr\/pogledajte-kako-je-bilo-na-zupanijskom-67-nmt\/<\/a><\/p>\n\n\n\n<p>\u017dupanijsko Natjecanje u poznavanju Hrvatskoga jezika <a href=\"https:\/\/os-vnazora-daruvar.skole.hr\/zupanijsko-natjecanje-u-poznavanju-hrvatskoga-jezika\/\" data-type=\"URL\" data-id=\"https:\/\/os-vnazora-daruvar.skole.hr\/zupanijsko-natjecanje-u-poznavanju-hrvatskoga-jezika\/\" target=\"_blank\" rel=\"noreferrer noopener\">https:\/\/os-vnazora-daruvar.skole.hr\/zupanijsko-natjecanje-u-poznavanju-hrvatskoga-jezika\/<\/a><\/p>\n\n\n\n<p>Rezultati 67. NMT \u2013 \u017eupanijska razina <a href=\"https:\/\/os-vnazora-daruvar.skole.hr\/rezultati-67-nmt-zupanijska-razina\/\" data-type=\"URL\" data-id=\"https:\/\/os-vnazora-daruvar.skole.hr\/rezultati-67-nmt-zupanijska-razina\/\" target=\"_blank\" rel=\"noreferrer noopener\">https:\/\/os-vnazora-daruvar.skole.hr\/rezultati-67-nmt-zupanijska-razina\/<\/a><\/p>\n\n\n\n<p>\u017dupanijsko natjecanje iz Fizike <a href=\"https:\/\/os-vnazora-daruvar.skole.hr\/zupanijsko-natjecanje-iz-fizike\/\" data-type=\"URL\" data-id=\"https:\/\/os-vnazora-daruvar.skole.hr\/zupanijsko-natjecanje-iz-fizike\/\" target=\"_blank\" rel=\"noreferrer noopener\">https:\/\/os-vnazora-daruvar.skole.hr\/zupanijsko-natjecanje-iz-fizike\/<\/a><\/p>\n\n\n\n<p>\u017dupanijsko natjecanje iz informatike 2025 <a rel=\"noreferrer noopener\" href=\"https:\/\/os-vnazora-daruvar.skole.hr\/zupanijsko-natjecanje-iz-informatike-2025\/\" data-type=\"URL\" data-id=\"https:\/\/os-vnazora-daruvar.skole.hr\/zupanijsko-natjecanje-iz-informatike-2025\/\" target=\"_blank\">https:\/\/os-vnazora-daruvar.skole.hr\/zupanijsko-natjecanje-iz-informatike-2025\/<\/a><\/p>\n\n\n\n<p>\u017dupanijsko natjecanje iz engleskog jezika 2025. <a href=\"https:\/\/os-vnazora-daruvar.skole.hr\/zupanijsko-natjecanje-iz-engleskog-jezika-2025\/\" data-type=\"URL\" data-id=\"https:\/\/os-vnazora-daruvar.skole.hr\/zupanijsko-natjecanje-iz-engleskog-jezika-2025\/\" target=\"_blank\" rel=\"noreferrer noopener\">https:\/\/os-vnazora-daruvar.skole.hr\/zupanijsko-natjecanje-iz-engleskog-jezika-2025\/<\/a><\/p>\n\n\n\n<p>Lidrano 2025. <a href=\"https:\/\/os-vnazora-daruvar.skole.hr\/lidrano-2025\/\" data-type=\"URL\" data-id=\"https:\/\/os-vnazora-daruvar.skole.hr\/lidrano-2025\/\" target=\"_blank\" rel=\"noreferrer noopener\">https:\/\/os-vnazora-daruvar.skole.hr\/lidrano-2025\/<\/a><\/p>\n\n\n\n<p>Tre\u0107e kolo Croatian Makers lige <a href=\"https:\/\/os-vnazora-daruvar.skole.hr\/299517-2\/\" data-type=\"URL\" data-id=\"https:\/\/os-vnazora-daruvar.skole.hr\/299517-2\/\" target=\"_blank\" rel=\"noreferrer noopener\">https:\/\/os-vnazora-daruvar.skole.hr\/299517-2\/<\/a><\/p>\n\n\n\n<p><strong><a href=\"https:\/\/web-arhiva.skole.hr\/os-vnazora-daruvar\/index.html%3Fnews_hk=1&amp;news_id=11596&amp;mshow=5884.html#mod_news\" data-type=\"URL\" data-id=\"https:\/\/web-arhiva.skole.hr\/os-vnazora-daruvar\/index.html%3Fnews_hk=1&amp;news_id=11596&amp;mshow=5884.html#mod_news\" target=\"_blank\" rel=\"noreferrer noopener\">Spelling Elf 2024<\/a><\/strong><\/p>\n\n\n\n<p><strong><a href=\"https:\/\/web-arhiva.skole.hr\/os-vnazora-daruvar\/index.html%3Fnews_hk=1&amp;news_id=11597&amp;mshow=5884.html#mod_news\" data-type=\"URL\" data-id=\"https:\/\/web-arhiva.skole.hr\/os-vnazora-daruvar\/index.html%3Fnews_hk=1&amp;news_id=11597&amp;mshow=5884.html#mod_news\" target=\"_blank\" rel=\"noreferrer noopener\">Natjecanje Dabar 2024<\/a><\/strong><\/p>\n\n\n\n<p><strong><a href=\"https:\/\/web-arhiva.skole.hr\/os-vnazora-daruvar\/index.html%3Fnews_hk=1&amp;news_id=11559&amp;mshow=5884.html#mod_news\" data-type=\"URL\" data-id=\"https:\/\/web-arhiva.skole.hr\/os-vnazora-daruvar\/index.html%3Fnews_hk=1&amp;news_id=11559&amp;mshow=5884.html#mod_news\" target=\"_blank\" rel=\"noreferrer noopener\">\u0160AHISTI ODLI\u010cNI NA \u017dUPANIJSKOJ ZAVR\u0160NICI<\/a><\/strong><\/p>\n\n\n\n<p><strong><a href=\"https:\/\/web-arhiva.skole.hr\/os-vnazora-daruvar\/index.html%3Fnews_hk=1&amp;news_id=11548&amp;mshow=5884.html#mod_news\" data-type=\"URL\" data-id=\"https:\/\/web-arhiva.skole.hr\/os-vnazora-daruvar\/index.html%3Fnews_hk=1&amp;news_id=11548&amp;mshow=5884.html#mod_news\" target=\"_blank\" rel=\"noreferrer noopener\">Natan Pintar nastupio na Natjecanju u \u010ditanju naglas<\/a><\/strong><\/p>\n","protected":false},"excerpt":{"rendered":"<p>67. natjecanje mladih tehni\u010dara Republike Hrvatske \u2013 dr\u017eavna razina 31. dr\u017eavno natjecanje Sigurno u prometu https:\/\/os-vnazora-daruvar.skole.hr\/31-drzavno-natjecanje-sigurno-u-prometu\/https:\/\/os-vnazora-daruvar.skole.hr\/67-natjecanje-mladih-tehnicara-republike-hrvatske-drzavna-razina\/ Pogledajte kako je bilo na \u017eupanijskom 67. NMT https:\/\/os-vnazora-daruvar.skole.hr\/pogledajte-kako-je-bilo-na-zupanijskom-67-nmt\/ \u017dupanijsko Natjecanje u poznavanju Hrvatskoga jezika https:\/\/os-vnazora-daruvar.skole.hr\/zupanijsko-natjecanje-u-poznavanju-hrvatskoga-jezika\/ Rezultati 67. NMT \u2013 \u017eupanijska razina https:\/\/os-vnazora-daruvar.skole.hr\/rezultati-67-nmt-zupanijska-razina\/ \u017dupanijsko natjecanje iz Fizike https:\/\/os-vnazora-daruvar.skole.hr\/zupanijsko-natjecanje-iz-fizike\/ \u017dupanijsko natjecanje iz informatike 2025 https:\/\/os-vnazora-daruvar.skole.hr\/zupanijsko-natjecanje-iz-informatike-2025\/ \u017dupanijsko natjecanje iz engleskog jezika [&hellip;]<\/p>\n","protected":false},"author":2,"featured_media":0,"parent":0,"menu_order":0,"comment_status":"closed","ping_status":"closed","template":"","meta":[],"_links":{"self":[{"href":"https:\/\/cvrcak-daruvar.com.hr\/index.php?rest_route=\/wp\/v2\/pages\/8149"}],"collection":[{"href":"https:\/\/cvrcak-daruvar.com.hr\/index.php?rest_route=\/wp\/v2\/pages"}],"about":[{"href":"https:\/\/cvrcak-daruvar.com.hr\/index.php?rest_route=\/wp\/v2\/types\/page"}],"author":[{"embeddable":true,"href":"https:\/\/cvrcak-daruvar.com.hr\/index.php?rest_route=\/wp\/v2\/users\/2"}],"replies":[{"embeddable":true,"href":"https:\/\/cvrcak-daruvar.com.hr\/index.php?rest_route=%2Fwp%2Fv2%2Fcomments&post=8149"}],"version-history":[{"count":10,"href":"https:\/\/cvrcak-daruvar.com.hr\/index.php?rest_route=\/wp\/v2\/pages\/8149\/revisions"}],"predecessor-version":[{"id":8724,"href":"https:\/\/cvrcak-daruvar.com.hr\/index.php?rest_route=\/wp\/v2\/pages\/8149\/revisions\/8724"}],"wp:attachment":[{"href":"https:\/\/cvrcak-daruvar.com.hr\/index.php?rest_route=%2Fwp%2Fv2%2Fmedia&parent=8149"}],"curies":[{"name":"wp","href":"https:\/\/api.w.org\/{rel}","templated":true}]}}