{"id":8134,"date":"2024-10-20T08:22:19","date_gmt":"2024-10-20T06:22:19","guid":{"rendered":"https:\/\/cvrcak-daruvar.com.hr\/?page_id=8134"},"modified":"2025-11-09T15:48:54","modified_gmt":"2025-11-09T14:48:54","slug":"skolski-kutak-8","status":"publish","type":"page","link":"https:\/\/cvrcak-daruvar.com.hr\/?page_id=8134","title":{"rendered":"\u0160kolski kutak 2024.\/2025."},"content":{"rendered":"\n<h2 class=\"wp-block-heading\"><a href=\"https:\/\/cvrcak-daruvar.com.hr\/?page_id=8667\" data-type=\"page\" data-id=\"8667\">Nastup \u0161kolskog benda s pjesmom \u0160kolska torba na 67. \u017eupanijskom natjecanju mladih tehni\u010dara<\/a><\/h2>\n\n\n\n<h2 class=\"wp-block-heading\"><a href=\"https:\/\/cvrcak-daruvar.com.hr\/?page_id=8663\" data-type=\"page\" data-id=\"8663\">Nastup na Festivalu dje\u010djeg glazbenog stvarala\u0161tva u Velikoj Gorici<\/a><\/h2>\n\n\n\n<h2 class=\"wp-block-heading\"><a href=\"https:\/\/cvrcak-daruvar.com.hr\/?page_id=8598\" data-type=\"page\" data-id=\"8598\">Maj\u010din Dan<\/a><\/h2>\n\n\n\n<h2 class=\"wp-block-heading\"><a href=\"https:\/\/cvrcak-daruvar.com.hr\/?p=8384\" data-type=\"post\" data-id=\"8384\">Sveti Nikola u P\u0160 Batinjani<\/a><\/h2>\n\n\n\n<h2 class=\"wp-block-heading\"><a href=\"https:\/\/cvrcak-daruvar.com.hr\/?page_id=8190\" data-type=\"page\" data-id=\"8190\">Prvi nastavni dan<\/a><\/h2>\n\n\n\n<h2 class=\"wp-block-heading\"><a href=\"https:\/\/cvrcak-daruvar.com.hr\/?p=8260\" data-type=\"post\" data-id=\"8260\">Predavanje o pona\u0161anju djece na internetu<\/a><\/h2>\n\n\n\n<h2 class=\"wp-block-heading\"><a href=\"https:\/\/cvrcak-daruvar.com.hr\/?p=8270\" data-type=\"post\" data-id=\"8270\">Dani kruha i zahvalnosti za plodove zemlje<\/a><\/h2>\n\n\n\n<h2 class=\"wp-block-heading\"><a href=\"https:\/\/cvrcak-daruvar.com.hr\/?p=8426&amp;preview_id=8426&amp;preview_nonce=9ac02497e2&amp;preview=true\">Ma\u0161kare 2025.<\/a><\/h2>\n\n\n\n<h2 class=\"wp-block-heading\"><a href=\"https:\/\/cvrcak-daruvar.com.hr\/?p=8470\" data-type=\"post\" data-id=\"8470\">Knji\u017eevni susret<\/a> &#8211; Sanja Pili\u0107<\/h2>\n","protected":false},"excerpt":{"rendered":"<p>Nastup \u0161kolskog benda s pjesmom \u0160kolska torba na 67. \u017eupanijskom natjecanju mladih tehni\u010dara Nastup na Festivalu dje\u010djeg glazbenog stvarala\u0161tva u Velikoj Gorici Maj\u010din Dan Sveti Nikola u P\u0160 Batinjani Prvi nastavni dan Predavanje o pona\u0161anju djece na internetu Dani kruha i zahvalnosti za plodove zemlje Ma\u0161kare 2025. Knji\u017eevni susret &#8211; Sanja Pili\u0107<\/p>\n","protected":false},"author":2,"featured_media":0,"parent":0,"menu_order":0,"comment_status":"closed","ping_status":"closed","template":"","meta":[],"_links":{"self":[{"href":"https:\/\/cvrcak-daruvar.com.hr\/index.php?rest_route=\/wp\/v2\/pages\/8134"}],"collection":[{"href":"https:\/\/cvrcak-daruvar.com.hr\/index.php?rest_route=\/wp\/v2\/pages"}],"about":[{"href":"https:\/\/cvrcak-daruvar.com.hr\/index.php?rest_route=\/wp\/v2\/types\/page"}],"author":[{"embeddable":true,"href":"https:\/\/cvrcak-daruvar.com.hr\/index.php?rest_route=\/wp\/v2\/users\/2"}],"replies":[{"embeddable":true,"href":"https:\/\/cvrcak-daruvar.com.hr\/index.php?rest_route=%2Fwp%2Fv2%2Fcomments&post=8134"}],"version-history":[{"count":14,"href":"https:\/\/cvrcak-daruvar.com.hr\/index.php?rest_route=\/wp\/v2\/pages\/8134\/revisions"}],"predecessor-version":[{"id":8700,"href":"https:\/\/cvrcak-daruvar.com.hr\/index.php?rest_route=\/wp\/v2\/pages\/8134\/revisions\/8700"}],"wp:attachment":[{"href":"https:\/\/cvrcak-daruvar.com.hr\/index.php?rest_route=%2Fwp%2Fv2%2Fmedia&parent=8134"}],"curies":[{"name":"wp","href":"https:\/\/api.w.org\/{rel}","templated":true}]}}