{"id":8128,"date":"2024-10-20T08:19:22","date_gmt":"2024-10-20T06:19:22","guid":{"rendered":"https:\/\/cvrcak-daruvar.com.hr\/?page_id=8128"},"modified":"2025-11-09T16:03:27","modified_gmt":"2025-11-09T15:03:27","slug":"erasmus-3","status":"publish","type":"page","link":"https:\/\/cvrcak-daruvar.com.hr\/?page_id=8128","title":{"rendered":"Erasmus+ 2024.\/2025."},"content":{"rendered":"\n<p><a href=\"https:\/\/cvrcak-daruvar.com.hr\/?page_id=7971\" target=\"_blank\" rel=\"noreferrer noopener\">Mobilnost u\u010denika \u2013 Igualada, \u0160panjolska<\/a><\/p>\n\n\n\n<p><a href=\"https:\/\/cvrcak-daruvar.com.hr\/?page_id=7967\" target=\"_blank\" rel=\"noreferrer noopener\">Rim<\/a><\/p>\n\n\n\n<p><strong><a href=\"http:\/\/cvrcak-daruvar.com.hr\/?page_id=7426\">Barcelona- Including Sustainability Education in Everyday Classes with PBL<\/a><\/strong><\/p>\n\n\n\n<p><a href=\"https:\/\/cvrcak-daruvar.com.hr\/?page_id=7798\">Brinemo za prirodu<\/a><\/p>\n\n\n\n<p><a href=\"https:\/\/cvrcak-daruvar.com.hr\/?page_id=7879\">Kako su se u\u010denici s Gran Canarije proveli u na\u0161oj \u0161koli<\/a><\/p>\n","protected":false},"excerpt":{"rendered":"<p>Mobilnost u\u010denika \u2013 Igualada, \u0160panjolska Rim Barcelona- Including Sustainability Education in Everyday Classes with PBL Brinemo za prirodu Kako su se u\u010denici s Gran Canarije proveli u na\u0161oj \u0161koli<\/p>\n","protected":false},"author":2,"featured_media":0,"parent":0,"menu_order":0,"comment_status":"closed","ping_status":"closed","template":"","meta":[],"_links":{"self":[{"href":"https:\/\/cvrcak-daruvar.com.hr\/index.php?rest_route=\/wp\/v2\/pages\/8128"}],"collection":[{"href":"https:\/\/cvrcak-daruvar.com.hr\/index.php?rest_route=\/wp\/v2\/pages"}],"about":[{"href":"https:\/\/cvrcak-daruvar.com.hr\/index.php?rest_route=\/wp\/v2\/types\/page"}],"author":[{"embeddable":true,"href":"https:\/\/cvrcak-daruvar.com.hr\/index.php?rest_route=\/wp\/v2\/users\/2"}],"replies":[{"embeddable":true,"href":"https:\/\/cvrcak-daruvar.com.hr\/index.php?rest_route=%2Fwp%2Fv2%2Fcomments&post=8128"}],"version-history":[{"count":3,"href":"https:\/\/cvrcak-daruvar.com.hr\/index.php?rest_route=\/wp\/v2\/pages\/8128\/revisions"}],"predecessor-version":[{"id":8705,"href":"https:\/\/cvrcak-daruvar.com.hr\/index.php?rest_route=\/wp\/v2\/pages\/8128\/revisions\/8705"}],"wp:attachment":[{"href":"https:\/\/cvrcak-daruvar.com.hr\/index.php?rest_route=%2Fwp%2Fv2%2Fmedia&parent=8128"}],"curies":[{"name":"wp","href":"https:\/\/api.w.org\/{rel}","templated":true}]}}