{"id":8066,"date":"2024-06-15T18:23:32","date_gmt":"2024-06-15T16:23:32","guid":{"rendered":"https:\/\/cvrcak-daruvar.com.hr\/?page_id=8066"},"modified":"2024-06-15T18:23:32","modified_gmt":"2024-06-15T16:23:32","slug":"ilustracija-biblijskog-teksta","status":"publish","type":"page","link":"https:\/\/cvrcak-daruvar.com.hr\/?page_id=8066","title":{"rendered":"Ilustracija biblijskog teksta"},"content":{"rendered":"\n<p>U\u010denici 8. razreda na\u0161e \u0161kole sudjelovali su u zanimljivom i kreativnom projektu na satovima vjeronauka Kroz ovaj projekt, u\u010denici su \u010ditali Bibliju, birali re\u010denicu koja ih inspirira te je vizualno interpretirali koriste\u0107i razli\u010dite likovne tehnike. Cilj ovog projekta bio je dublje promi\u0161ljanje zna\u010denja i smisla biblijskih re\u010denica te kreativno izra\u017eavanje njihovih do\u017eivljaja biblijskih poruka.<\/p>\n\n\n\n<p>Rezultati ovog projekta bili su iznimno kreativni i inspirativni. Svaki likovni rad bio je jedinstven i odra\u017eavao je osobni do\u017eivljaj u\u010denika. <\/p>\n\n\n\n<p>U\u010denici su pokazali veliku ma\u0161tovitost i sposobnost dubljeg promi\u0161ljanja o biblijskim porukama, \u010dime su dodatno obogatili svoje razumijevanje i povezivanje s vjerom. Ovaj projekt je omogu\u0107io u\u010denicima da na kreativan na\u010din izraze svoje misli i osje\u0107aje.<\/p>\n\n\n\n<figure class=\"wp-block-gallery columns-3 is-cropped wp-block-gallery-1 is-layout-flex\"><ul class=\"blocks-gallery-grid\"><li class=\"blocks-gallery-item\"><figure><a href=\"https:\/\/cvrcak-daruvar.com.hr\/wp-content\/uploads\/2024\/06\/viber_slika_2024-06-15_18-15-34-808.jpg\" class=\"gallery_colorbox\"><img decoding=\"async\" loading=\"lazy\" width=\"321\" height=\"428\" src=\"https:\/\/cvrcak-daruvar.com.hr\/wp-content\/uploads\/2024\/06\/viber_slika_2024-06-15_18-15-34-808.jpg\"  alt=\"\" data-id=\"8068\" data-link=\"https:\/\/cvrcak-daruvar.com.hr\/?attachment_id=8068\" class=\"wp-image-8068\" srcset=\"https:\/\/cvrcak-daruvar.com.hr\/wp-content\/uploads\/2024\/06\/viber_slika_2024-06-15_18-15-34-808.jpg 321w, https:\/\/cvrcak-daruvar.com.hr\/wp-content\/uploads\/2024\/06\/viber_slika_2024-06-15_18-15-34-808-225x300.jpg 225w\" sizes=\"(max-width: 321px) 100vw, 321px\" \/><\/a><\/figure><\/li><li class=\"blocks-gallery-item\"><figure><a href=\"https:\/\/cvrcak-daruvar.com.hr\/wp-content\/uploads\/2024\/06\/viber_slika_2024-06-15_18-15-34-837.jpg\" class=\"gallery_colorbox\"><img decoding=\"async\" loading=\"lazy\" width=\"321\" height=\"428\" src=\"https:\/\/cvrcak-daruvar.com.hr\/wp-content\/uploads\/2024\/06\/viber_slika_2024-06-15_18-15-34-837.jpg\"  alt=\"\" data-id=\"8069\" data-link=\"https:\/\/cvrcak-daruvar.com.hr\/?attachment_id=8069\" class=\"wp-image-8069\" srcset=\"https:\/\/cvrcak-daruvar.com.hr\/wp-content\/uploads\/2024\/06\/viber_slika_2024-06-15_18-15-34-837.jpg 321w, https:\/\/cvrcak-daruvar.com.hr\/wp-content\/uploads\/2024\/06\/viber_slika_2024-06-15_18-15-34-837-225x300.jpg 225w\" sizes=\"(max-width: 321px) 100vw, 321px\" \/><\/a><\/figure><\/li><li class=\"blocks-gallery-item\"><figure><a href=\"https:\/\/cvrcak-daruvar.com.hr\/wp-content\/uploads\/2024\/06\/viber_slika_2024-06-15_18-15-34-915.jpg\" class=\"gallery_colorbox\"><img decoding=\"async\" loading=\"lazy\" width=\"308\" height=\"412\" src=\"https:\/\/cvrcak-daruvar.com.hr\/wp-content\/uploads\/2024\/06\/viber_slika_2024-06-15_18-15-34-915.jpg\"  alt=\"\" data-id=\"8071\" data-link=\"https:\/\/cvrcak-daruvar.com.hr\/?attachment_id=8071\" class=\"wp-image-8071\" srcset=\"https:\/\/cvrcak-daruvar.com.hr\/wp-content\/uploads\/2024\/06\/viber_slika_2024-06-15_18-15-34-915.jpg 308w, https:\/\/cvrcak-daruvar.com.hr\/wp-content\/uploads\/2024\/06\/viber_slika_2024-06-15_18-15-34-915-224x300.jpg 224w\" sizes=\"(max-width: 308px) 100vw, 308px\" \/><\/a><\/figure><\/li><li class=\"blocks-gallery-item\"><figure><a href=\"https:\/\/cvrcak-daruvar.com.hr\/wp-content\/uploads\/2024\/06\/viber_slika_2024-06-15_18-15-34-861-1.jpg\" class=\"gallery_colorbox\"><img decoding=\"async\" loading=\"lazy\" width=\"414\" height=\"313\" src=\"https:\/\/cvrcak-daruvar.com.hr\/wp-content\/uploads\/2024\/06\/viber_slika_2024-06-15_18-15-34-861-1.jpg\"  alt=\"\" data-id=\"8076\" data-link=\"https:\/\/cvrcak-daruvar.com.hr\/?attachment_id=8076\" class=\"wp-image-8076\" srcset=\"https:\/\/cvrcak-daruvar.com.hr\/wp-content\/uploads\/2024\/06\/viber_slika_2024-06-15_18-15-34-861-1.jpg 414w, https:\/\/cvrcak-daruvar.com.hr\/wp-content\/uploads\/2024\/06\/viber_slika_2024-06-15_18-15-34-861-1-300x227.jpg 300w\" sizes=\"(max-width: 414px) 100vw, 414px\" \/><\/a><\/figure><\/li><li class=\"blocks-gallery-item\"><figure><a href=\"https:\/\/cvrcak-daruvar.com.hr\/wp-content\/uploads\/2024\/06\/viber_slika_2024-06-15_18-15-34-964-2.jpg\" class=\"gallery_colorbox\"><img decoding=\"async\" loading=\"lazy\" width=\"414\" height=\"321\" src=\"https:\/\/cvrcak-daruvar.com.hr\/wp-content\/uploads\/2024\/06\/viber_slika_2024-06-15_18-15-34-964-2.jpg\"  alt=\"\" data-id=\"8077\" data-link=\"https:\/\/cvrcak-daruvar.com.hr\/?attachment_id=8077\" class=\"wp-image-8077\" srcset=\"https:\/\/cvrcak-daruvar.com.hr\/wp-content\/uploads\/2024\/06\/viber_slika_2024-06-15_18-15-34-964-2.jpg 414w, https:\/\/cvrcak-daruvar.com.hr\/wp-content\/uploads\/2024\/06\/viber_slika_2024-06-15_18-15-34-964-2-300x233.jpg 300w\" sizes=\"(max-width: 414px) 100vw, 414px\" \/><\/a><\/figure><\/li><li class=\"blocks-gallery-item\"><figure><a href=\"https:\/\/cvrcak-daruvar.com.hr\/wp-content\/uploads\/2024\/06\/viber_slika_2024-06-15_18-15-34-779-1.jpg\" class=\"gallery_colorbox\"><img decoding=\"async\" loading=\"lazy\" width=\"397\" height=\"301\" src=\"https:\/\/cvrcak-daruvar.com.hr\/wp-content\/uploads\/2024\/06\/viber_slika_2024-06-15_18-15-34-779-1.jpg\"  alt=\"\" data-id=\"8078\" data-full-url=\"https:\/\/cvrcak-daruvar.com.hr\/wp-content\/uploads\/2024\/06\/viber_slika_2024-06-15_18-15-34-779-1.jpg\" data-link=\"https:\/\/cvrcak-daruvar.com.hr\/?attachment_id=8078\" class=\"wp-image-8078\" srcset=\"https:\/\/cvrcak-daruvar.com.hr\/wp-content\/uploads\/2024\/06\/viber_slika_2024-06-15_18-15-34-779-1.jpg 397w, https:\/\/cvrcak-daruvar.com.hr\/wp-content\/uploads\/2024\/06\/viber_slika_2024-06-15_18-15-34-779-1-300x227.jpg 300w\" sizes=\"(max-width: 397px) 100vw, 397px\" \/><\/a><\/figure><\/li><li class=\"blocks-gallery-item\"><figure><a href=\"https:\/\/cvrcak-daruvar.com.hr\/wp-content\/uploads\/2024\/06\/viber_slika_2024-06-15_18-15-34-922-1.jpg\" class=\"gallery_colorbox\"><img decoding=\"async\" loading=\"lazy\" width=\"321\" height=\"428\" src=\"https:\/\/cvrcak-daruvar.com.hr\/wp-content\/uploads\/2024\/06\/viber_slika_2024-06-15_18-15-34-922-1.jpg\"  alt=\"\" data-id=\"8079\" data-full-url=\"https:\/\/cvrcak-daruvar.com.hr\/wp-content\/uploads\/2024\/06\/viber_slika_2024-06-15_18-15-34-922-1.jpg\" data-link=\"https:\/\/cvrcak-daruvar.com.hr\/?attachment_id=8079\" class=\"wp-image-8079\" srcset=\"https:\/\/cvrcak-daruvar.com.hr\/wp-content\/uploads\/2024\/06\/viber_slika_2024-06-15_18-15-34-922-1.jpg 321w, https:\/\/cvrcak-daruvar.com.hr\/wp-content\/uploads\/2024\/06\/viber_slika_2024-06-15_18-15-34-922-1-225x300.jpg 225w\" sizes=\"(max-width: 321px) 100vw, 321px\" \/><\/a><\/figure><\/li><\/ul><\/figure>\n","protected":false},"excerpt":{"rendered":"<p>U\u010denici 8. razreda na\u0161e \u0161kole sudjelovali su u zanimljivom i kreativnom projektu na satovima vjeronauka Kroz ovaj projekt, u\u010denici su \u010ditali Bibliju, birali re\u010denicu koja ih inspirira te je vizualno interpretirali koriste\u0107i razli\u010dite likovne tehnike. Cilj ovog projekta bio je dublje promi\u0161ljanje zna\u010denja i smisla biblijskih re\u010denica te kreativno izra\u017eavanje njihovih do\u017eivljaja biblijskih poruka. Rezultati [&hellip;]<\/p>\n","protected":false},"author":13,"featured_media":0,"parent":0,"menu_order":0,"comment_status":"closed","ping_status":"closed","template":"","meta":[],"_links":{"self":[{"href":"https:\/\/cvrcak-daruvar.com.hr\/index.php?rest_route=\/wp\/v2\/pages\/8066"}],"collection":[{"href":"https:\/\/cvrcak-daruvar.com.hr\/index.php?rest_route=\/wp\/v2\/pages"}],"about":[{"href":"https:\/\/cvrcak-daruvar.com.hr\/index.php?rest_route=\/wp\/v2\/types\/page"}],"author":[{"embeddable":true,"href":"https:\/\/cvrcak-daruvar.com.hr\/index.php?rest_route=\/wp\/v2\/users\/13"}],"replies":[{"embeddable":true,"href":"https:\/\/cvrcak-daruvar.com.hr\/index.php?rest_route=%2Fwp%2Fv2%2Fcomments&post=8066"}],"version-history":[{"count":1,"href":"https:\/\/cvrcak-daruvar.com.hr\/index.php?rest_route=\/wp\/v2\/pages\/8066\/revisions"}],"predecessor-version":[{"id":8080,"href":"https:\/\/cvrcak-daruvar.com.hr\/index.php?rest_route=\/wp\/v2\/pages\/8066\/revisions\/8080"}],"wp:attachment":[{"href":"https:\/\/cvrcak-daruvar.com.hr\/index.php?rest_route=%2Fwp%2Fv2%2Fmedia&parent=8066"}],"curies":[{"name":"wp","href":"https:\/\/api.w.org\/{rel}","templated":true}]}}