{"id":8049,"date":"2024-06-15T18:02:51","date_gmt":"2024-06-15T16:02:51","guid":{"rendered":"https:\/\/cvrcak-daruvar.com.hr\/?page_id=8049"},"modified":"2024-06-15T18:04:57","modified_gmt":"2024-06-15T16:04:57","slug":"motivacijski-poster-s-izrekama-hrvatskih-svetaca-i-blazenika","status":"publish","type":"page","link":"https:\/\/cvrcak-daruvar.com.hr\/?page_id=8049","title":{"rendered":"Motivacijski poster  s izrekama hrvatskih svetaca i bla\u017eenika"},"content":{"rendered":"\n<p>Na Katoli\u010dkom vjeronauku u\u010denici su istra\u017eivali \u017eivote hrvatskih svetaca i bla\u017eenika. Prou\u010davali su vrednote za koje su se ovi uzori zalagali te su razmi\u0161ljali kako te vrednote mogu biti relevantne i u na\u0161em svakodnevnom \u017eivotu.<\/p>\n\n\n\n<p>Kako bi bolje razumjeli te vrednote, u\u010denici su odabrali jednu izreku ili misao svetca ili bla\u017eenika i trebali su je pretvoriti u sliku, odnosno motivacijski poster. Kroz taj zadatak, u\u010denici su koristili razli\u010dite veli\u010dine slova, raznovrsne fontove i grafike kako bi na kreativan na\u010din izrazili svoj do\u017eivljaj odabrane poruke.<\/p>\n\n\n\n<p><\/p>\n\n\n\n<figure class=\"wp-block-gallery columns-3 is-cropped wp-block-gallery-1 is-layout-flex\"><ul class=\"blocks-gallery-grid\"><li class=\"blocks-gallery-item\"><figure><a href=\"https:\/\/cvrcak-daruvar.com.hr\/wp-content\/uploads\/2024\/06\/viber_slika_2024-06-07_14-03-02-638.jpg\" class=\"gallery_colorbox\"><img decoding=\"async\" loading=\"lazy\" width=\"618\" height=\"816\" src=\"https:\/\/cvrcak-daruvar.com.hr\/wp-content\/uploads\/2024\/06\/viber_slika_2024-06-07_14-03-02-638.jpg\"  alt=\"\" data-id=\"8051\" data-link=\"https:\/\/cvrcak-daruvar.com.hr\/?attachment_id=8051\" class=\"wp-image-8051\" srcset=\"https:\/\/cvrcak-daruvar.com.hr\/wp-content\/uploads\/2024\/06\/viber_slika_2024-06-07_14-03-02-638.jpg 618w, https:\/\/cvrcak-daruvar.com.hr\/wp-content\/uploads\/2024\/06\/viber_slika_2024-06-07_14-03-02-638-227x300.jpg 227w\" sizes=\"(max-width: 618px) 100vw, 618px\" \/><\/a><\/figure><\/li><li class=\"blocks-gallery-item\"><figure><a href=\"https:\/\/cvrcak-daruvar.com.hr\/wp-content\/uploads\/2024\/06\/viber_slika_2024-06-07_14-58-47-852.jpg\" class=\"gallery_colorbox\"><img decoding=\"async\" loading=\"lazy\" width=\"455\" height=\"698\" src=\"https:\/\/cvrcak-daruvar.com.hr\/wp-content\/uploads\/2024\/06\/viber_slika_2024-06-07_14-58-47-852.jpg\"  alt=\"\" data-id=\"8052\" data-link=\"https:\/\/cvrcak-daruvar.com.hr\/?attachment_id=8052\" class=\"wp-image-8052\" srcset=\"https:\/\/cvrcak-daruvar.com.hr\/wp-content\/uploads\/2024\/06\/viber_slika_2024-06-07_14-58-47-852.jpg 455w, https:\/\/cvrcak-daruvar.com.hr\/wp-content\/uploads\/2024\/06\/viber_slika_2024-06-07_14-58-47-852-196x300.jpg 196w\" sizes=\"(max-width: 455px) 100vw, 455px\" \/><\/a><\/figure><\/li><li class=\"blocks-gallery-item\"><figure><a href=\"https:\/\/cvrcak-daruvar.com.hr\/wp-content\/uploads\/2024\/06\/viber_slika_2024-06-07_14-58-48-073.jpg\" class=\"gallery_colorbox\"><img decoding=\"async\" loading=\"lazy\" width=\"641\" height=\"846\" src=\"https:\/\/cvrcak-daruvar.com.hr\/wp-content\/uploads\/2024\/06\/viber_slika_2024-06-07_14-58-48-073.jpg\"  alt=\"\" data-id=\"8053\" data-link=\"https:\/\/cvrcak-daruvar.com.hr\/?attachment_id=8053\" class=\"wp-image-8053\" srcset=\"https:\/\/cvrcak-daruvar.com.hr\/wp-content\/uploads\/2024\/06\/viber_slika_2024-06-07_14-58-48-073.jpg 641w, https:\/\/cvrcak-daruvar.com.hr\/wp-content\/uploads\/2024\/06\/viber_slika_2024-06-07_14-58-48-073-227x300.jpg 227w\" sizes=\"(max-width: 641px) 100vw, 641px\" \/><\/a><\/figure><\/li><li class=\"blocks-gallery-item\"><figure><a href=\"https:\/\/cvrcak-daruvar.com.hr\/wp-content\/uploads\/2024\/06\/viber_slika_2024-06-07_14-58-47-904.jpg\" class=\"gallery_colorbox\"><img decoding=\"async\" loading=\"lazy\" width=\"641\" height=\"822\" src=\"https:\/\/cvrcak-daruvar.com.hr\/wp-content\/uploads\/2024\/06\/viber_slika_2024-06-07_14-58-47-904.jpg\"  alt=\"\" data-id=\"8054\" data-link=\"https:\/\/cvrcak-daruvar.com.hr\/?attachment_id=8054\" class=\"wp-image-8054\" srcset=\"https:\/\/cvrcak-daruvar.com.hr\/wp-content\/uploads\/2024\/06\/viber_slika_2024-06-07_14-58-47-904.jpg 641w, https:\/\/cvrcak-daruvar.com.hr\/wp-content\/uploads\/2024\/06\/viber_slika_2024-06-07_14-58-47-904-234x300.jpg 234w\" sizes=\"(max-width: 641px) 100vw, 641px\" \/><\/a><\/figure><\/li><li class=\"blocks-gallery-item\"><figure><a href=\"https:\/\/cvrcak-daruvar.com.hr\/wp-content\/uploads\/2024\/06\/viber_slika_2024-06-07_14-58-47-746.jpg\" class=\"gallery_colorbox\"><img decoding=\"async\" loading=\"lazy\" width=\"468\" height=\"723\" src=\"https:\/\/cvrcak-daruvar.com.hr\/wp-content\/uploads\/2024\/06\/viber_slika_2024-06-07_14-58-47-746.jpg\"  alt=\"\" data-id=\"8055\" data-link=\"https:\/\/cvrcak-daruvar.com.hr\/?attachment_id=8055\" class=\"wp-image-8055\" srcset=\"https:\/\/cvrcak-daruvar.com.hr\/wp-content\/uploads\/2024\/06\/viber_slika_2024-06-07_14-58-47-746.jpg 468w, https:\/\/cvrcak-daruvar.com.hr\/wp-content\/uploads\/2024\/06\/viber_slika_2024-06-07_14-58-47-746-194x300.jpg 194w\" sizes=\"(max-width: 468px) 100vw, 468px\" \/><\/a><\/figure><\/li><li class=\"blocks-gallery-item\"><figure><a href=\"https:\/\/cvrcak-daruvar.com.hr\/wp-content\/uploads\/2024\/06\/viber_slika_2024-06-07_14-03-02-804.jpg\" class=\"gallery_colorbox\"><img decoding=\"async\" loading=\"lazy\" width=\"625\" height=\"840\" src=\"https:\/\/cvrcak-daruvar.com.hr\/wp-content\/uploads\/2024\/06\/viber_slika_2024-06-07_14-03-02-804.jpg\"  alt=\"\" data-id=\"8056\" data-link=\"https:\/\/cvrcak-daruvar.com.hr\/?attachment_id=8056\" class=\"wp-image-8056\" srcset=\"https:\/\/cvrcak-daruvar.com.hr\/wp-content\/uploads\/2024\/06\/viber_slika_2024-06-07_14-03-02-804.jpg 625w, https:\/\/cvrcak-daruvar.com.hr\/wp-content\/uploads\/2024\/06\/viber_slika_2024-06-07_14-03-02-804-223x300.jpg 223w\" sizes=\"(max-width: 625px) 100vw, 625px\" \/><\/a><\/figure><\/li><li class=\"blocks-gallery-item\"><figure><a href=\"https:\/\/cvrcak-daruvar.com.hr\/wp-content\/uploads\/2024\/06\/viber_slika_2024-06-07_14-03-02-742.jpg\" class=\"gallery_colorbox\"><img decoding=\"async\" loading=\"lazy\" width=\"641\" height=\"845\" src=\"https:\/\/cvrcak-daruvar.com.hr\/wp-content\/uploads\/2024\/06\/viber_slika_2024-06-07_14-03-02-742.jpg\"  alt=\"\" data-id=\"8057\" data-link=\"https:\/\/cvrcak-daruvar.com.hr\/?attachment_id=8057\" class=\"wp-image-8057\" srcset=\"https:\/\/cvrcak-daruvar.com.hr\/wp-content\/uploads\/2024\/06\/viber_slika_2024-06-07_14-03-02-742.jpg 641w, https:\/\/cvrcak-daruvar.com.hr\/wp-content\/uploads\/2024\/06\/viber_slika_2024-06-07_14-03-02-742-228x300.jpg 228w\" sizes=\"(max-width: 641px) 100vw, 641px\" \/><\/a><\/figure><\/li><li class=\"blocks-gallery-item\"><figure><a href=\"https:\/\/cvrcak-daruvar.com.hr\/wp-content\/uploads\/2024\/06\/viber_slika_2024-06-07_14-03-02-568.jpg\" class=\"gallery_colorbox\"><img decoding=\"async\" loading=\"lazy\" width=\"641\" height=\"844\" src=\"https:\/\/cvrcak-daruvar.com.hr\/wp-content\/uploads\/2024\/06\/viber_slika_2024-06-07_14-03-02-568.jpg\"  alt=\"\" data-id=\"8058\" data-link=\"https:\/\/cvrcak-daruvar.com.hr\/?attachment_id=8058\" class=\"wp-image-8058\" srcset=\"https:\/\/cvrcak-daruvar.com.hr\/wp-content\/uploads\/2024\/06\/viber_slika_2024-06-07_14-03-02-568.jpg 641w, https:\/\/cvrcak-daruvar.com.hr\/wp-content\/uploads\/2024\/06\/viber_slika_2024-06-07_14-03-02-568-228x300.jpg 228w\" sizes=\"(max-width: 641px) 100vw, 641px\" \/><\/a><\/figure><\/li><\/ul><\/figure>\n\n\n\n<figure class=\"wp-block-image size-full\"><a href=\"https:\/\/cvrcak-daruvar.com.hr\/wp-content\/uploads\/2024\/06\/viber_slika_2024-06-07_14-58-48-136-1-2.jpg\" class=\"gallery_colorbox\"><img decoding=\"async\" loading=\"lazy\" width=\"500\" height=\"382\" src=\"https:\/\/cvrcak-daruvar.com.hr\/wp-content\/uploads\/2024\/06\/viber_slika_2024-06-07_14-58-48-136-1-2.jpg\"  alt=\"\" class=\"wp-image-8063\" srcset=\"https:\/\/cvrcak-daruvar.com.hr\/wp-content\/uploads\/2024\/06\/viber_slika_2024-06-07_14-58-48-136-1-2.jpg 500w, https:\/\/cvrcak-daruvar.com.hr\/wp-content\/uploads\/2024\/06\/viber_slika_2024-06-07_14-58-48-136-1-2-300x229.jpg 300w\" sizes=\"(max-width: 500px) 100vw, 500px\" \/><\/a><\/figure>\n","protected":false},"excerpt":{"rendered":"<p>Na Katoli\u010dkom vjeronauku u\u010denici su istra\u017eivali \u017eivote hrvatskih svetaca i bla\u017eenika. Prou\u010davali su vrednote za koje su se ovi uzori zalagali te su razmi\u0161ljali kako te vrednote mogu biti relevantne i u na\u0161em svakodnevnom \u017eivotu. Kako bi bolje razumjeli te vrednote, u\u010denici su odabrali jednu izreku ili misao svetca ili bla\u017eenika i trebali su je [&hellip;]<\/p>\n","protected":false},"author":13,"featured_media":0,"parent":0,"menu_order":0,"comment_status":"closed","ping_status":"closed","template":"","meta":[],"_links":{"self":[{"href":"https:\/\/cvrcak-daruvar.com.hr\/index.php?rest_route=\/wp\/v2\/pages\/8049"}],"collection":[{"href":"https:\/\/cvrcak-daruvar.com.hr\/index.php?rest_route=\/wp\/v2\/pages"}],"about":[{"href":"https:\/\/cvrcak-daruvar.com.hr\/index.php?rest_route=\/wp\/v2\/types\/page"}],"author":[{"embeddable":true,"href":"https:\/\/cvrcak-daruvar.com.hr\/index.php?rest_route=\/wp\/v2\/users\/13"}],"replies":[{"embeddable":true,"href":"https:\/\/cvrcak-daruvar.com.hr\/index.php?rest_route=%2Fwp%2Fv2%2Fcomments&post=8049"}],"version-history":[{"count":2,"href":"https:\/\/cvrcak-daruvar.com.hr\/index.php?rest_route=\/wp\/v2\/pages\/8049\/revisions"}],"predecessor-version":[{"id":8064,"href":"https:\/\/cvrcak-daruvar.com.hr\/index.php?rest_route=\/wp\/v2\/pages\/8049\/revisions\/8064"}],"wp:attachment":[{"href":"https:\/\/cvrcak-daruvar.com.hr\/index.php?rest_route=%2Fwp%2Fv2%2Fmedia&parent=8049"}],"curies":[{"name":"wp","href":"https:\/\/api.w.org\/{rel}","templated":true}]}}