{"id":7906,"date":"2024-05-19T17:46:03","date_gmt":"2024-05-19T15:46:03","guid":{"rendered":"https:\/\/cvrcak-daruvar.com.hr\/?page_id=7906"},"modified":"2024-05-19T17:46:03","modified_gmt":"2024-05-19T15:46:03","slug":"moja_obitelj","status":"publish","type":"page","link":"https:\/\/cvrcak-daruvar.com.hr\/?page_id=7906","title":{"rendered":"Moja_obitelj"},"content":{"rendered":"\n<pre class=\"wp-block-verse\">Moja obitelj je samo moja\njer je puna \u0161arenih boja.\n\nMoja je obitelj zagrljaj nje\u017eni,\ntopla je i kad je trenutak najte\u017ei.\n\nMoja je obitelj sunce \u0161to blista\njer svaku tugu izbri\u0161e s lista.\n\n<\/pre>\n\n\n\n<p class=\"has-text-align-right\">Gabrijel Doljanin, 6.e<\/p>\n","protected":false},"excerpt":{"rendered":"<p>Moja obitelj je samo moja jer je puna \u0161arenih boja. Moja je obitelj zagrljaj nje\u017eni, topla je i kad je trenutak najte\u017ei. Moja je obitelj sunce \u0161to blista jer svaku tugu izbri\u0161e s lista. Gabrijel Doljanin, 6.e<\/p>\n","protected":false},"author":2,"featured_media":0,"parent":0,"menu_order":0,"comment_status":"closed","ping_status":"closed","template":"","meta":[],"_links":{"self":[{"href":"https:\/\/cvrcak-daruvar.com.hr\/index.php?rest_route=\/wp\/v2\/pages\/7906"}],"collection":[{"href":"https:\/\/cvrcak-daruvar.com.hr\/index.php?rest_route=\/wp\/v2\/pages"}],"about":[{"href":"https:\/\/cvrcak-daruvar.com.hr\/index.php?rest_route=\/wp\/v2\/types\/page"}],"author":[{"embeddable":true,"href":"https:\/\/cvrcak-daruvar.com.hr\/index.php?rest_route=\/wp\/v2\/users\/2"}],"replies":[{"embeddable":true,"href":"https:\/\/cvrcak-daruvar.com.hr\/index.php?rest_route=%2Fwp%2Fv2%2Fcomments&post=7906"}],"version-history":[{"count":1,"href":"https:\/\/cvrcak-daruvar.com.hr\/index.php?rest_route=\/wp\/v2\/pages\/7906\/revisions"}],"predecessor-version":[{"id":7907,"href":"https:\/\/cvrcak-daruvar.com.hr\/index.php?rest_route=\/wp\/v2\/pages\/7906\/revisions\/7907"}],"wp:attachment":[{"href":"https:\/\/cvrcak-daruvar.com.hr\/index.php?rest_route=%2Fwp%2Fv2%2Fmedia&parent=7906"}],"curies":[{"name":"wp","href":"https:\/\/api.w.org\/{rel}","templated":true}]}}