{"id":7859,"date":"2024-04-02T08:43:27","date_gmt":"2024-04-02T06:43:27","guid":{"rendered":"https:\/\/cvrcak-daruvar.com.hr\/?page_id=7859"},"modified":"2024-04-02T08:43:27","modified_gmt":"2024-04-02T06:43:27","slug":"sreca-3","status":"publish","type":"page","link":"https:\/\/cvrcak-daruvar.com.hr\/?page_id=7859","title":{"rendered":"Sre\u0107a"},"content":{"rendered":"\n<pre class=\"wp-block-verse\">Sre\u0107a se mo\u017ee pretvoriti u  \r\nsre\u010dinu kad ti netko da osmijeh. \r\nSre\u0107a se mo\u017ee pretvoriti u  \r\nsre\u0107icu kad te netko pozdravi. \r\n \r\nSre\u0107a ima puno lica, ali \r\nuvijek izgleda isto, Englezi vole biti  \r\n\u201e happy\u201c, \u0160panjolci \u201e feliz\u201c, \r\nA Francuzi \u201e herrely\u201c. \r\n \r\nOsmjeh je vidjeti dragu osobu. \r\nSrce po\u010dne ja\u010de kucati kad \r\nnetko pita: Kako si, jesi dobro? \r\n \r\nKada nema sre\u0107e tada do\u0111e radost \r\nkoja isto zna izmamiti osmijeh  \r\nna lice. \r\n \r\nKada nema sre\u0107e, a radost nije  \r\nu srcu, tada dolazi tuga. \r\nOna nam poku\u0161ava izvu\u0107i smije\u0161ak,\r\nali svaki put \r\nizabere krivu rije\u010d. \r\n\r\nSre\u0107a ima sto lica, mo\u017eemo \r\nje pozvati i jednim dobrim djelom. \r\n<\/pre>\n\n\n\n<p class=\"has-text-align-right\">Patrik Karnik, 7. a<\/p>\n","protected":false},"excerpt":{"rendered":"<p>Sre\u0107a se mo\u017ee pretvoriti u sre\u010dinu kad ti netko da osmijeh. Sre\u0107a se mo\u017ee pretvoriti u sre\u0107icu kad te netko pozdravi. Sre\u0107a ima puno lica, ali uvijek izgleda isto, Englezi vole biti \u201e happy\u201c, \u0160panjolci \u201e feliz\u201c, A Francuzi \u201e herrely\u201c. Osmjeh je vidjeti dragu osobu. Srce po\u010dne ja\u010de kucati kad netko pita: Kako si, [&hellip;]<\/p>\n","protected":false},"author":2,"featured_media":0,"parent":0,"menu_order":0,"comment_status":"closed","ping_status":"closed","template":"","meta":[],"_links":{"self":[{"href":"https:\/\/cvrcak-daruvar.com.hr\/index.php?rest_route=\/wp\/v2\/pages\/7859"}],"collection":[{"href":"https:\/\/cvrcak-daruvar.com.hr\/index.php?rest_route=\/wp\/v2\/pages"}],"about":[{"href":"https:\/\/cvrcak-daruvar.com.hr\/index.php?rest_route=\/wp\/v2\/types\/page"}],"author":[{"embeddable":true,"href":"https:\/\/cvrcak-daruvar.com.hr\/index.php?rest_route=\/wp\/v2\/users\/2"}],"replies":[{"embeddable":true,"href":"https:\/\/cvrcak-daruvar.com.hr\/index.php?rest_route=%2Fwp%2Fv2%2Fcomments&post=7859"}],"version-history":[{"count":1,"href":"https:\/\/cvrcak-daruvar.com.hr\/index.php?rest_route=\/wp\/v2\/pages\/7859\/revisions"}],"predecessor-version":[{"id":7860,"href":"https:\/\/cvrcak-daruvar.com.hr\/index.php?rest_route=\/wp\/v2\/pages\/7859\/revisions\/7860"}],"wp:attachment":[{"href":"https:\/\/cvrcak-daruvar.com.hr\/index.php?rest_route=%2Fwp%2Fv2%2Fmedia&parent=7859"}],"curies":[{"name":"wp","href":"https:\/\/api.w.org\/{rel}","templated":true}]}}