{"id":7602,"date":"2023-11-19T19:42:59","date_gmt":"2023-11-19T18:42:59","guid":{"rendered":"https:\/\/cvrcak-daruvar.com.hr\/?page_id=7602"},"modified":"2023-11-19T19:42:59","modified_gmt":"2023-11-19T18:42:59","slug":"prijatelji","status":"publish","type":"page","link":"https:\/\/cvrcak-daruvar.com.hr\/?page_id=7602","title":{"rendered":"Prijatelji"},"content":{"rendered":"\n<pre class=\"wp-block-verse\">Da je \u017eivotinjama prijatelj biti lako,\r\nbio bi to svatko.\r\nOne nas uvijek \u010duvaju i paze,\r\nu krilu na\u0161emu se maze.\r\n\r\nMa\u010dka, pas, ribica i ptica,\r\nmogu biti jedna zajednica.\r\nAko se s njima ne mo\u017eete zabavljati,\r\nnemojte ih ni nabavljati.\r\n<\/pre>\n\n\n\n<p class=\"has-text-align-right\">Mihaela Borojevi\u0107, 5.d<\/p>\n","protected":false},"excerpt":{"rendered":"<p>Da je \u017eivotinjama prijatelj biti lako, bio bi to svatko. One nas uvijek \u010duvaju i paze, u krilu na\u0161emu se maze. Ma\u010dka, pas, ribica i ptica, mogu biti jedna zajednica. Ako se s njima ne mo\u017eete zabavljati, nemojte ih ni nabavljati. Mihaela Borojevi\u0107, 5.d<\/p>\n","protected":false},"author":5,"featured_media":0,"parent":0,"menu_order":0,"comment_status":"closed","ping_status":"closed","template":"","meta":[],"_links":{"self":[{"href":"https:\/\/cvrcak-daruvar.com.hr\/index.php?rest_route=\/wp\/v2\/pages\/7602"}],"collection":[{"href":"https:\/\/cvrcak-daruvar.com.hr\/index.php?rest_route=\/wp\/v2\/pages"}],"about":[{"href":"https:\/\/cvrcak-daruvar.com.hr\/index.php?rest_route=\/wp\/v2\/types\/page"}],"author":[{"embeddable":true,"href":"https:\/\/cvrcak-daruvar.com.hr\/index.php?rest_route=\/wp\/v2\/users\/5"}],"replies":[{"embeddable":true,"href":"https:\/\/cvrcak-daruvar.com.hr\/index.php?rest_route=%2Fwp%2Fv2%2Fcomments&post=7602"}],"version-history":[{"count":1,"href":"https:\/\/cvrcak-daruvar.com.hr\/index.php?rest_route=\/wp\/v2\/pages\/7602\/revisions"}],"predecessor-version":[{"id":7603,"href":"https:\/\/cvrcak-daruvar.com.hr\/index.php?rest_route=\/wp\/v2\/pages\/7602\/revisions\/7603"}],"wp:attachment":[{"href":"https:\/\/cvrcak-daruvar.com.hr\/index.php?rest_route=%2Fwp%2Fv2%2Fmedia&parent=7602"}],"curies":[{"name":"wp","href":"https:\/\/api.w.org\/{rel}","templated":true}]}}