{"id":7596,"date":"2023-11-19T19:40:41","date_gmt":"2023-11-19T18:40:41","guid":{"rendered":"https:\/\/cvrcak-daruvar.com.hr\/?page_id=7596"},"modified":"2023-11-19T19:40:46","modified_gmt":"2023-11-19T18:40:46","slug":"skolska-torba","status":"publish","type":"page","link":"https:\/\/cvrcak-daruvar.com.hr\/?page_id=7596","title":{"rendered":"\u0160kolska torba"},"content":{"rendered":"\n<pre class=\"wp-block-verse\">Dugo je stajala sama i prazna,\r\ngurali je, spremali, na mjesta razna.\r\n\u0160kolu ona voli,\r\na kad \u0161kole nema, to je boli. \r\n\r\nDing \u2013 dong, zvono se \u010duje,\r\n\u0161kola otvara vrata,\r\ni \u0161kolska torba tu je!\r\n\r\nSada je sretna, sada je prava,\r\nvrjednija je i od mrava,\r\npuna knjiga nema vi\u0161e briga. \r\n<\/pre>\n\n\n\n<p class=\"has-text-align-right\">Filip Geng, 5.d<\/p>\n","protected":false},"excerpt":{"rendered":"<p>Dugo je stajala sama i prazna, gurali je, spremali, na mjesta razna. \u0160kolu ona voli, a kad \u0161kole nema, to je boli. Ding \u2013 dong, zvono se \u010duje, \u0161kola otvara vrata, i \u0161kolska torba tu je! Sada je sretna, sada je prava, vrjednija je i od mrava, puna knjiga nema vi\u0161e briga. Filip Geng, 5.d<\/p>\n","protected":false},"author":5,"featured_media":0,"parent":0,"menu_order":0,"comment_status":"closed","ping_status":"closed","template":"","meta":[],"_links":{"self":[{"href":"https:\/\/cvrcak-daruvar.com.hr\/index.php?rest_route=\/wp\/v2\/pages\/7596"}],"collection":[{"href":"https:\/\/cvrcak-daruvar.com.hr\/index.php?rest_route=\/wp\/v2\/pages"}],"about":[{"href":"https:\/\/cvrcak-daruvar.com.hr\/index.php?rest_route=\/wp\/v2\/types\/page"}],"author":[{"embeddable":true,"href":"https:\/\/cvrcak-daruvar.com.hr\/index.php?rest_route=\/wp\/v2\/users\/5"}],"replies":[{"embeddable":true,"href":"https:\/\/cvrcak-daruvar.com.hr\/index.php?rest_route=%2Fwp%2Fv2%2Fcomments&post=7596"}],"version-history":[{"count":1,"href":"https:\/\/cvrcak-daruvar.com.hr\/index.php?rest_route=\/wp\/v2\/pages\/7596\/revisions"}],"predecessor-version":[{"id":7597,"href":"https:\/\/cvrcak-daruvar.com.hr\/index.php?rest_route=\/wp\/v2\/pages\/7596\/revisions\/7597"}],"wp:attachment":[{"href":"https:\/\/cvrcak-daruvar.com.hr\/index.php?rest_route=%2Fwp%2Fv2%2Fmedia&parent=7596"}],"curies":[{"name":"wp","href":"https:\/\/api.w.org\/{rel}","templated":true}]}}