{"id":7594,"date":"2023-11-19T19:39:51","date_gmt":"2023-11-19T18:39:51","guid":{"rendered":"https:\/\/cvrcak-daruvar.com.hr\/?page_id=7594"},"modified":"2023-11-19T19:39:51","modified_gmt":"2023-11-19T18:39:51","slug":"jesen","status":"publish","type":"page","link":"https:\/\/cvrcak-daruvar.com.hr\/?page_id=7594","title":{"rendered":"Jesen"},"content":{"rendered":"\n<pre class=\"wp-block-verse\">Vrijeme se mijenja,\r\nstigla je jesen \r\ni zadnji je klas\r\n\u017eita odnesen.\r\n\r\nDozrelo so\u010dno je vo\u0107e,\r\nmiris se \u0161iri do neba,\r\nu slatki ga pekmez\r\npretvoriti treba. \r\n\r\nDragi moji,\r\nto nije moda,\r\ndolazak jeseni \r\nnajavljuje i roda.\r\n\r\nPo\u010dela je \u0161kola,\r\nigranja sve manje.\r\nOko radnog stola \r\n\u0161ulja se znanje. \r\n<\/pre>\n\n\n\n<p class=\"has-text-align-right\">Lara \u0110uki\u0107, 5.d<\/p>\n","protected":false},"excerpt":{"rendered":"<p>Vrijeme se mijenja, stigla je jesen i zadnji je klas \u017eita odnesen. Dozrelo so\u010dno je vo\u0107e, miris se \u0161iri do neba, u slatki ga pekmez pretvoriti treba. Dragi moji, to nije moda, dolazak jeseni najavljuje i roda. Po\u010dela je \u0161kola, igranja sve manje. Oko radnog stola \u0161ulja se znanje. Lara \u0110uki\u0107, 5.d<\/p>\n","protected":false},"author":5,"featured_media":0,"parent":0,"menu_order":0,"comment_status":"closed","ping_status":"closed","template":"","meta":[],"_links":{"self":[{"href":"https:\/\/cvrcak-daruvar.com.hr\/index.php?rest_route=\/wp\/v2\/pages\/7594"}],"collection":[{"href":"https:\/\/cvrcak-daruvar.com.hr\/index.php?rest_route=\/wp\/v2\/pages"}],"about":[{"href":"https:\/\/cvrcak-daruvar.com.hr\/index.php?rest_route=\/wp\/v2\/types\/page"}],"author":[{"embeddable":true,"href":"https:\/\/cvrcak-daruvar.com.hr\/index.php?rest_route=\/wp\/v2\/users\/5"}],"replies":[{"embeddable":true,"href":"https:\/\/cvrcak-daruvar.com.hr\/index.php?rest_route=%2Fwp%2Fv2%2Fcomments&post=7594"}],"version-history":[{"count":1,"href":"https:\/\/cvrcak-daruvar.com.hr\/index.php?rest_route=\/wp\/v2\/pages\/7594\/revisions"}],"predecessor-version":[{"id":7595,"href":"https:\/\/cvrcak-daruvar.com.hr\/index.php?rest_route=\/wp\/v2\/pages\/7594\/revisions\/7595"}],"wp:attachment":[{"href":"https:\/\/cvrcak-daruvar.com.hr\/index.php?rest_route=%2Fwp%2Fv2%2Fmedia&parent=7594"}],"curies":[{"name":"wp","href":"https:\/\/api.w.org\/{rel}","templated":true}]}}