{"id":7588,"date":"2023-11-19T19:36:48","date_gmt":"2023-11-19T18:36:48","guid":{"rendered":"https:\/\/cvrcak-daruvar.com.hr\/?page_id=7588"},"modified":"2023-11-19T19:37:12","modified_gmt":"2023-11-19T18:37:12","slug":"ljubav-2","status":"publish","type":"page","link":"https:\/\/cvrcak-daruvar.com.hr\/?page_id=7588","title":{"rendered":"Ljubav"},"content":{"rendered":"\n<pre class=\"wp-block-verse\">Dogodila se ljubav,\nnje\u017ena kao rosa,\nSvidjela se njemu\nnjena duga kosa.\n\nMlada je to ljubav,\nona prva, \u0161kolska,\npo\u010dela je, kradom, ko' romansa morska.\n\nUpoznali oni,\ni radost i tugu,\nzajedno su \u0161etali\nispod duge.\n\nPro\u0161li su dani,\ni ljubavi druge,\nona prva u srcu ostaje,\nza godine duge.\n<\/pre>\n\n\n\n<p class=\"has-text-align-right\">Nata\u0161a Radulovi\u0107, 8.e<\/p>\n","protected":false},"excerpt":{"rendered":"<p>Dogodila se ljubav, nje\u017ena kao rosa, Svidjela se njemu njena duga kosa. Mlada je to ljubav, ona prva, \u0161kolska, po\u010dela je, kradom, ko&#8217; romansa morska. Upoznali oni, i radost i tugu, zajedno su \u0161etali ispod duge. Pro\u0161li su dani, i ljubavi druge, ona prva u srcu ostaje, za godine duge. Nata\u0161a Radulovi\u0107, 8.e<\/p>\n","protected":false},"author":5,"featured_media":0,"parent":0,"menu_order":0,"comment_status":"closed","ping_status":"closed","template":"","meta":[],"_links":{"self":[{"href":"https:\/\/cvrcak-daruvar.com.hr\/index.php?rest_route=\/wp\/v2\/pages\/7588"}],"collection":[{"href":"https:\/\/cvrcak-daruvar.com.hr\/index.php?rest_route=\/wp\/v2\/pages"}],"about":[{"href":"https:\/\/cvrcak-daruvar.com.hr\/index.php?rest_route=\/wp\/v2\/types\/page"}],"author":[{"embeddable":true,"href":"https:\/\/cvrcak-daruvar.com.hr\/index.php?rest_route=\/wp\/v2\/users\/5"}],"replies":[{"embeddable":true,"href":"https:\/\/cvrcak-daruvar.com.hr\/index.php?rest_route=%2Fwp%2Fv2%2Fcomments&post=7588"}],"version-history":[{"count":1,"href":"https:\/\/cvrcak-daruvar.com.hr\/index.php?rest_route=\/wp\/v2\/pages\/7588\/revisions"}],"predecessor-version":[{"id":7589,"href":"https:\/\/cvrcak-daruvar.com.hr\/index.php?rest_route=\/wp\/v2\/pages\/7588\/revisions\/7589"}],"wp:attachment":[{"href":"https:\/\/cvrcak-daruvar.com.hr\/index.php?rest_route=%2Fwp%2Fv2%2Fmedia&parent=7588"}],"curies":[{"name":"wp","href":"https:\/\/api.w.org\/{rel}","templated":true}]}}