{"id":7492,"date":"2023-11-14T18:11:27","date_gmt":"2023-11-14T17:11:27","guid":{"rendered":"https:\/\/cvrcak-daruvar.com.hr\/?page_id=7492"},"modified":"2023-11-14T18:11:27","modified_gmt":"2023-11-14T17:11:27","slug":"proljece-3","status":"publish","type":"page","link":"https:\/\/cvrcak-daruvar.com.hr\/?page_id=7492","title":{"rendered":"Prolje\u0107e"},"content":{"rendered":"\n<pre class=\"wp-block-verse\">Na livadi cvije\u0107e miri\u0161e,\r\nptice pjevaju pjesme sre\u0107e,\r\npod suncem se srce raduje,\r\ns tobom, dragi, \u017eivot ljep\u0161i je.\r\n\r\nTvoj osmijeh je kao sunce,\r\ntvoje o\u010di zvijezde su sjajne, \r\ntvoj zagrljaj donosi sre\u0107u,\r\ntvoju ljubav nikad zaboravit ne\u0107u.\r\n\r\nNek' ljubav traje vje\u010dno,\r\nko' rijeka \u0161to brzo te\u010de,\r\ns tobom svaki dan je avantura,\r\ns tobom, dragi, \u017eivot ljep\u0161i je.\r\n<\/pre>\n\n\n\n<p class=\"has-text-align-right\">Tara Jedvaj, 8.e<\/p>\n","protected":false},"excerpt":{"rendered":"<p>Na livadi cvije\u0107e miri\u0161e, ptice pjevaju pjesme sre\u0107e, pod suncem se srce raduje, s tobom, dragi, \u017eivot ljep\u0161i je. Tvoj osmijeh je kao sunce, tvoje o\u010di zvijezde su sjajne, tvoj zagrljaj donosi sre\u0107u, tvoju ljubav nikad zaboravit ne\u0107u. Nek&#8217; ljubav traje vje\u010dno, ko&#8217; rijeka \u0161to brzo te\u010de, s tobom svaki dan je avantura, s tobom, [&hellip;]<\/p>\n","protected":false},"author":5,"featured_media":0,"parent":0,"menu_order":0,"comment_status":"closed","ping_status":"closed","template":"","meta":[],"_links":{"self":[{"href":"https:\/\/cvrcak-daruvar.com.hr\/index.php?rest_route=\/wp\/v2\/pages\/7492"}],"collection":[{"href":"https:\/\/cvrcak-daruvar.com.hr\/index.php?rest_route=\/wp\/v2\/pages"}],"about":[{"href":"https:\/\/cvrcak-daruvar.com.hr\/index.php?rest_route=\/wp\/v2\/types\/page"}],"author":[{"embeddable":true,"href":"https:\/\/cvrcak-daruvar.com.hr\/index.php?rest_route=\/wp\/v2\/users\/5"}],"replies":[{"embeddable":true,"href":"https:\/\/cvrcak-daruvar.com.hr\/index.php?rest_route=%2Fwp%2Fv2%2Fcomments&post=7492"}],"version-history":[{"count":1,"href":"https:\/\/cvrcak-daruvar.com.hr\/index.php?rest_route=\/wp\/v2\/pages\/7492\/revisions"}],"predecessor-version":[{"id":7499,"href":"https:\/\/cvrcak-daruvar.com.hr\/index.php?rest_route=\/wp\/v2\/pages\/7492\/revisions\/7499"}],"wp:attachment":[{"href":"https:\/\/cvrcak-daruvar.com.hr\/index.php?rest_route=%2Fwp%2Fv2%2Fmedia&parent=7492"}],"curies":[{"name":"wp","href":"https:\/\/api.w.org\/{rel}","templated":true}]}}