{"id":7429,"date":"2023-11-14T18:08:27","date_gmt":"2023-11-14T17:08:27","guid":{"rendered":"https:\/\/cvrcak-daruvar.com.hr\/?page_id=7429"},"modified":"2023-11-14T18:13:21","modified_gmt":"2023-11-14T17:13:21","slug":"radionica-mali-arheolozi-u-ps-doljani-ruksak-pun-kulture","status":"publish","type":"page","link":"https:\/\/cvrcak-daruvar.com.hr\/?page_id=7429","title":{"rendered":"Radionica &#8221;Mali arheolozi&#8221; u P\u0160 Doljani \u2013 Ruksak (pun) kulture"},"content":{"rendered":"\n<p><\/p>\n\n\n\n<p>U\u010denici i u\u010diteljice 5 podru\u010dnih \u0161kola \u2013 P\u0160 Gornji Sre\u0111ani, P\u0160 Ivanovo Polje, P\u0160 Gornji Daruvar, P\u0160 Batinjani okupili su se dana 14. studenog 2023. u P\u0160 Doljani kako bi svi zajedno sudjelovali u radionici &#8221;Mali arheolozi&#8221; koju su odr\u017eali kustosi Arheolo\u0161kog muzeja iz Zagreba Ozren Domiter i Hana Ivezi\u0107.<\/p>\n\n\n\n<p>Radionica &#8221;Mali arheolozi&#8221; prire\u0111ena je u sklopu programa Ruksak (pun) kulture, a Ruksak je u na\u0161oj \u0161koli gostovao ve\u0107 tre\u0107i put zaredom.<\/p>\n\n\n\n<p>U\u010denici su s velikim zanimanjem slu\u0161ali predavanje o vrstama muzeja, zanimanju arheolog te mnogo toga nau\u010dili o arheolo\u0161kim nalazima na podru\u010dju Republike Hrvatske poput Vu\u010dedolske golubice (Posuda u obliku ptice iz Vu\u010dedola prona\u0111ena tijekom istra\u017eivanja polo\u017eaja Gradac na Vu\u010dedolu kod Vukovara.), Solinjanke (Djevojka iz Salone &#8211; rimska mramorna portretna skulptura u prirodnoj veli\u010dini s po\u010detka 2. stolje\u0107a prona\u0111ena u drevnoj Saloni.)\u00a0itd.<\/p>\n\n\n\n<figure class=\"wp-block-image size-large is-resized\"><a href=\"https:\/\/cvrcak-daruvar.com.hr\/wp-content\/uploads\/2023\/11\/MALI-arheolozi.jpg\" class=\"gallery_colorbox\"><img decoding=\"async\" loading=\"lazy\" src=\"https:\/\/cvrcak-daruvar.com.hr\/wp-content\/uploads\/2023\/11\/MALI-arheolozi-1024x768.jpg\"  alt=\"\" class=\"wp-image-7437\" width=\"512\" height=\"384\" srcset=\"https:\/\/cvrcak-daruvar.com.hr\/wp-content\/uploads\/2023\/11\/MALI-arheolozi-1024x768.jpg 1024w, https:\/\/cvrcak-daruvar.com.hr\/wp-content\/uploads\/2023\/11\/MALI-arheolozi-300x225.jpg 300w, https:\/\/cvrcak-daruvar.com.hr\/wp-content\/uploads\/2023\/11\/MALI-arheolozi-768x576.jpg 768w, https:\/\/cvrcak-daruvar.com.hr\/wp-content\/uploads\/2023\/11\/MALI-arheolozi-1536x1152.jpg 1536w, https:\/\/cvrcak-daruvar.com.hr\/wp-content\/uploads\/2023\/11\/MALI-arheolozi.jpg 1600w\" sizes=\"(max-width: 512px) 100vw, 512px\" \/><\/a><figcaption>Kustos Ozren Domiter<\/figcaption><\/figure>\n\n\n\n<figure class=\"wp-block-gallery columns-3 is-cropped wp-block-gallery-1 is-layout-flex\"><ul class=\"blocks-gallery-grid\"><li class=\"blocks-gallery-item\"><figure><a href=\"https:\/\/cvrcak-daruvar.com.hr\/wp-content\/uploads\/2023\/11\/IMG-2ab5f81aa4d17da799972e6b5f54acce-V-1-1024x768.jpg\" class=\"gallery_colorbox\"><img decoding=\"async\" loading=\"lazy\" width=\"1024\" height=\"768\" src=\"https:\/\/cvrcak-daruvar.com.hr\/wp-content\/uploads\/2023\/11\/IMG-2ab5f81aa4d17da799972e6b5f54acce-V-1-1024x768.jpg\"  alt=\"\" data-id=\"7485\" data-link=\"https:\/\/cvrcak-daruvar.com.hr\/?attachment_id=7485\" class=\"wp-image-7485\" srcset=\"https:\/\/cvrcak-daruvar.com.hr\/wp-content\/uploads\/2023\/11\/IMG-2ab5f81aa4d17da799972e6b5f54acce-V-1-1024x768.jpg 1024w, https:\/\/cvrcak-daruvar.com.hr\/wp-content\/uploads\/2023\/11\/IMG-2ab5f81aa4d17da799972e6b5f54acce-V-1-300x225.jpg 300w, https:\/\/cvrcak-daruvar.com.hr\/wp-content\/uploads\/2023\/11\/IMG-2ab5f81aa4d17da799972e6b5f54acce-V-1-768x576.jpg 768w, https:\/\/cvrcak-daruvar.com.hr\/wp-content\/uploads\/2023\/11\/IMG-2ab5f81aa4d17da799972e6b5f54acce-V-1-1536x1152.jpg 1536w, https:\/\/cvrcak-daruvar.com.hr\/wp-content\/uploads\/2023\/11\/IMG-2ab5f81aa4d17da799972e6b5f54acce-V-1.jpg 1600w\" sizes=\"(max-width: 1024px) 100vw, 1024px\" \/><\/a><\/figure><\/li><li class=\"blocks-gallery-item\"><figure><a href=\"https:\/\/cvrcak-daruvar.com.hr\/wp-content\/uploads\/2023\/11\/IMG-abe57e625749361c87ead58b51bef46d-V-1024x768.jpg\" class=\"gallery_colorbox\"><img decoding=\"async\" loading=\"lazy\" width=\"1024\" height=\"768\" src=\"https:\/\/cvrcak-daruvar.com.hr\/wp-content\/uploads\/2023\/11\/IMG-abe57e625749361c87ead58b51bef46d-V-1024x768.jpg\"  alt=\"\" data-id=\"7486\" data-link=\"https:\/\/cvrcak-daruvar.com.hr\/?attachment_id=7486\" class=\"wp-image-7486\" srcset=\"https:\/\/cvrcak-daruvar.com.hr\/wp-content\/uploads\/2023\/11\/IMG-abe57e625749361c87ead58b51bef46d-V-1024x768.jpg 1024w, https:\/\/cvrcak-daruvar.com.hr\/wp-content\/uploads\/2023\/11\/IMG-abe57e625749361c87ead58b51bef46d-V-300x225.jpg 300w, https:\/\/cvrcak-daruvar.com.hr\/wp-content\/uploads\/2023\/11\/IMG-abe57e625749361c87ead58b51bef46d-V-768x576.jpg 768w, https:\/\/cvrcak-daruvar.com.hr\/wp-content\/uploads\/2023\/11\/IMG-abe57e625749361c87ead58b51bef46d-V-1536x1152.jpg 1536w, https:\/\/cvrcak-daruvar.com.hr\/wp-content\/uploads\/2023\/11\/IMG-abe57e625749361c87ead58b51bef46d-V.jpg 1600w\" sizes=\"(max-width: 1024px) 100vw, 1024px\" \/><\/a><\/figure><\/li><li class=\"blocks-gallery-item\"><figure><a href=\"https:\/\/cvrcak-daruvar.com.hr\/wp-content\/uploads\/2023\/11\/MALI-arheolozi-1.jpg\" class=\"gallery_colorbox\"><img decoding=\"async\" loading=\"lazy\" width=\"1024\" height=\"768\" src=\"https:\/\/cvrcak-daruvar.com.hr\/wp-content\/uploads\/2023\/11\/MALI-arheolozi-1-1024x768.jpg\"  alt=\"\" data-id=\"7487\" data-full-url=\"https:\/\/cvrcak-daruvar.com.hr\/wp-content\/uploads\/2023\/11\/MALI-arheolozi-1.jpg\" data-link=\"https:\/\/cvrcak-daruvar.com.hr\/?attachment_id=7487\" class=\"wp-image-7487\" srcset=\"https:\/\/cvrcak-daruvar.com.hr\/wp-content\/uploads\/2023\/11\/MALI-arheolozi-1-1024x768.jpg 1024w, https:\/\/cvrcak-daruvar.com.hr\/wp-content\/uploads\/2023\/11\/MALI-arheolozi-1-300x225.jpg 300w, https:\/\/cvrcak-daruvar.com.hr\/wp-content\/uploads\/2023\/11\/MALI-arheolozi-1-768x576.jpg 768w, https:\/\/cvrcak-daruvar.com.hr\/wp-content\/uploads\/2023\/11\/MALI-arheolozi-1-1536x1152.jpg 1536w, https:\/\/cvrcak-daruvar.com.hr\/wp-content\/uploads\/2023\/11\/MALI-arheolozi-1.jpg 1600w\" sizes=\"(max-width: 1024px) 100vw, 1024px\" \/><\/a><\/figure><\/li><\/ul><figcaption class=\"blocks-gallery-caption\">Radionica Mali arheolozi<\/figcaption><\/figure>\n","protected":false},"excerpt":{"rendered":"<p>U\u010denici i u\u010diteljice 5 podru\u010dnih \u0161kola \u2013 P\u0160 Gornji Sre\u0111ani, P\u0160 Ivanovo Polje, P\u0160 Gornji Daruvar, P\u0160 Batinjani okupili su se dana 14. studenog 2023. u P\u0160 Doljani kako bi svi zajedno sudjelovali u radionici &#8221;Mali arheolozi&#8221; koju su odr\u017eali kustosi Arheolo\u0161kog muzeja iz Zagreba Ozren Domiter i Hana Ivezi\u0107. Radionica &#8221;Mali arheolozi&#8221; prire\u0111ena je [&hellip;]<\/p>\n","protected":false},"author":18,"featured_media":0,"parent":0,"menu_order":0,"comment_status":"closed","ping_status":"closed","template":"","meta":[],"_links":{"self":[{"href":"https:\/\/cvrcak-daruvar.com.hr\/index.php?rest_route=\/wp\/v2\/pages\/7429"}],"collection":[{"href":"https:\/\/cvrcak-daruvar.com.hr\/index.php?rest_route=\/wp\/v2\/pages"}],"about":[{"href":"https:\/\/cvrcak-daruvar.com.hr\/index.php?rest_route=\/wp\/v2\/types\/page"}],"author":[{"embeddable":true,"href":"https:\/\/cvrcak-daruvar.com.hr\/index.php?rest_route=\/wp\/v2\/users\/18"}],"replies":[{"embeddable":true,"href":"https:\/\/cvrcak-daruvar.com.hr\/index.php?rest_route=%2Fwp%2Fv2%2Fcomments&post=7429"}],"version-history":[{"count":3,"href":"https:\/\/cvrcak-daruvar.com.hr\/index.php?rest_route=\/wp\/v2\/pages\/7429\/revisions"}],"predecessor-version":[{"id":7508,"href":"https:\/\/cvrcak-daruvar.com.hr\/index.php?rest_route=\/wp\/v2\/pages\/7429\/revisions\/7508"}],"wp:attachment":[{"href":"https:\/\/cvrcak-daruvar.com.hr\/index.php?rest_route=%2Fwp%2Fv2%2Fmedia&parent=7429"}],"curies":[{"name":"wp","href":"https:\/\/api.w.org\/{rel}","templated":true}]}}