{"id":7328,"date":"2023-10-22T19:03:17","date_gmt":"2023-10-22T17:03:17","guid":{"rendered":"http:\/\/cvrcak-daruvar.com.hr\/?page_id=7328"},"modified":"2024-10-20T08:04:39","modified_gmt":"2024-10-20T06:04:39","slug":"produzeni-boravak-7","status":"publish","type":"page","link":"https:\/\/cvrcak-daruvar.com.hr\/?page_id=7328","title":{"rendered":"Produ\u017eeni boravak 2023.\/2024."},"content":{"rendered":"\n<h2 class=\"wp-block-heading\"><a href=\"https:\/\/cvrcak-daruvar.com.hr\/?p=7739\" data-type=\"post\" data-id=\"7739\">Ma\u0161kare<\/a><\/h2>\n\n\n\n<h2 class=\"wp-block-heading\"><a href=\"https:\/\/cvrcak-daruvar.com.hr\/?p=7765\" data-type=\"post\" data-id=\"7765\">100. dan \u0161kole Gajeva<\/a><\/h2>\n\n\n\n<h2 class=\"wp-block-heading\"> <a href=\"https:\/\/cvrcak-daruvar.com.hr\/?p=7782\" data-type=\"post\" data-id=\"7782\">100. dan \u0161kole Frankopanska<\/a><\/h2>\n\n\n\n<h2 class=\"wp-block-heading\"><a href=\"https:\/\/cvrcak-daruvar.com.hr\/?p=7788\" data-type=\"post\" data-id=\"7788\">Valentinovo<\/a><\/h2>\n\n\n\n<h2 class=\"wp-block-heading\"><a href=\"https:\/\/cvrcak-daruvar.com.hr\/?p=7836\" data-type=\"post\" data-id=\"7836\">Dan ru\u017ei\u010dastih majica 2024<\/a>.<\/h2>\n\n\n\n<h2 class=\"wp-block-heading\"><a href=\"https:\/\/cvrcak-daruvar.com.hr\/?p=7852\" data-type=\"post\" data-id=\"7852\">Boravka\u0161i na bazenima<\/a><\/h2>\n","protected":false},"excerpt":{"rendered":"<p>Ma\u0161kare 100. dan \u0161kole Gajeva 100. dan \u0161kole Frankopanska Valentinovo Dan ru\u017ei\u010dastih majica 2024. Boravka\u0161i na bazenima<\/p>\n","protected":false},"author":2,"featured_media":0,"parent":0,"menu_order":0,"comment_status":"closed","ping_status":"closed","template":"","meta":[],"_links":{"self":[{"href":"https:\/\/cvrcak-daruvar.com.hr\/index.php?rest_route=\/wp\/v2\/pages\/7328"}],"collection":[{"href":"https:\/\/cvrcak-daruvar.com.hr\/index.php?rest_route=\/wp\/v2\/pages"}],"about":[{"href":"https:\/\/cvrcak-daruvar.com.hr\/index.php?rest_route=\/wp\/v2\/types\/page"}],"author":[{"embeddable":true,"href":"https:\/\/cvrcak-daruvar.com.hr\/index.php?rest_route=\/wp\/v2\/users\/2"}],"replies":[{"embeddable":true,"href":"https:\/\/cvrcak-daruvar.com.hr\/index.php?rest_route=%2Fwp%2Fv2%2Fcomments&post=7328"}],"version-history":[{"count":18,"href":"https:\/\/cvrcak-daruvar.com.hr\/index.php?rest_route=\/wp\/v2\/pages\/7328\/revisions"}],"predecessor-version":[{"id":8116,"href":"https:\/\/cvrcak-daruvar.com.hr\/index.php?rest_route=\/wp\/v2\/pages\/7328\/revisions\/8116"}],"wp:attachment":[{"href":"https:\/\/cvrcak-daruvar.com.hr\/index.php?rest_route=%2Fwp%2Fv2%2Fmedia&parent=7328"}],"curies":[{"name":"wp","href":"https:\/\/api.w.org\/{rel}","templated":true}]}}