{"id":7326,"date":"2023-10-22T19:03:00","date_gmt":"2023-10-22T17:03:00","guid":{"rendered":"http:\/\/cvrcak-daruvar.com.hr\/?page_id=7326"},"modified":"2024-10-20T08:04:13","modified_gmt":"2024-10-20T06:04:13","slug":"skolski-kutak-7","status":"publish","type":"page","link":"https:\/\/cvrcak-daruvar.com.hr\/?page_id=7326","title":{"rendered":"\u0160kolski kutak 2023.\/2024."},"content":{"rendered":"\n<h2 class=\"wp-block-heading\"><a href=\"https:\/\/cvrcak-daruvar.com.hr\/?p=8039\" data-type=\"post\" data-id=\"8039\">Posjet u\u010denika osmih razreda Caritasu u Daruvaru<\/a><\/h2>\n\n\n\n<h2 class=\"wp-block-heading\"><a href=\"https:\/\/cvrcak-daruvar.com.hr\/?page_id=8005\" data-type=\"page\" data-id=\"8005\" target=\"_blank\" rel=\"noreferrer noopener\">Posjet Spomen sobi \u017didovske kulture, Pravoslavnoj i Baptisti\u010dkoj Crkvi<\/a><\/h2>\n\n\n\n<h2 class=\"wp-block-heading\"><a href=\"https:\/\/cvrcak-daruvar.com.hr\/?page_id=7917\" data-type=\"page\" data-id=\"7917\">DAN BEZVEZE<\/a><\/h2>\n\n\n\n<h2 class=\"wp-block-heading\"><a href=\"http:\/\/cvrcak-daruvar.com.hr\/?page_id=7371\" data-type=\"page\" data-id=\"7371\">Dani kruha<\/a><\/h2>\n\n\n\n<h2 class=\"wp-block-heading\"><a href=\"http:\/\/cvrcak-daruvar.com.hr\/?page_id=7362\" data-type=\"page\" data-id=\"7362\">EU \u0161kolski sportski dan<\/a><\/h2>\n\n\n\n<h2 class=\"wp-block-heading\"><a href=\"https:\/\/cvrcak-daruvar.com.hr\/?page_id=7429\" data-type=\"page\" data-id=\"7429\">Radionica &#8221;Mali arheolozi&#8221; u P\u0160 Doljani \u2013 Ruksak (pun) kulture<\/a><\/h2>\n\n\n\n<h2 class=\"wp-block-heading\"><strong><a href=\"https:\/\/cvrcak-daruvar.com.hr\/?page_id=7711\" data-type=\"page\" data-id=\"7711\">Ma\u0161kare 2024.<\/a><\/strong><\/h2>\n\n\n\n<p><\/p>\n","protected":false},"excerpt":{"rendered":"<p>Posjet u\u010denika osmih razreda Caritasu u Daruvaru Posjet Spomen sobi \u017didovske kulture, Pravoslavnoj i Baptisti\u010dkoj Crkvi DAN BEZVEZE Dani kruha EU \u0161kolski sportski dan Radionica &#8221;Mali arheolozi&#8221; u P\u0160 Doljani \u2013 Ruksak (pun) kulture Ma\u0161kare 2024.<\/p>\n","protected":false},"author":2,"featured_media":0,"parent":0,"menu_order":0,"comment_status":"closed","ping_status":"closed","template":"","meta":[],"_links":{"self":[{"href":"https:\/\/cvrcak-daruvar.com.hr\/index.php?rest_route=\/wp\/v2\/pages\/7326"}],"collection":[{"href":"https:\/\/cvrcak-daruvar.com.hr\/index.php?rest_route=\/wp\/v2\/pages"}],"about":[{"href":"https:\/\/cvrcak-daruvar.com.hr\/index.php?rest_route=\/wp\/v2\/types\/page"}],"author":[{"embeddable":true,"href":"https:\/\/cvrcak-daruvar.com.hr\/index.php?rest_route=\/wp\/v2\/users\/2"}],"replies":[{"embeddable":true,"href":"https:\/\/cvrcak-daruvar.com.hr\/index.php?rest_route=%2Fwp%2Fv2%2Fcomments&post=7326"}],"version-history":[{"count":10,"href":"https:\/\/cvrcak-daruvar.com.hr\/index.php?rest_route=\/wp\/v2\/pages\/7326\/revisions"}],"predecessor-version":[{"id":8115,"href":"https:\/\/cvrcak-daruvar.com.hr\/index.php?rest_route=\/wp\/v2\/pages\/7326\/revisions\/8115"}],"wp:attachment":[{"href":"https:\/\/cvrcak-daruvar.com.hr\/index.php?rest_route=%2Fwp%2Fv2%2Fmedia&parent=7326"}],"curies":[{"name":"wp","href":"https:\/\/api.w.org\/{rel}","templated":true}]}}