{"id":7324,"date":"2023-10-22T19:02:24","date_gmt":"2023-10-22T17:02:24","guid":{"rendered":"http:\/\/cvrcak-daruvar.com.hr\/?page_id=7324"},"modified":"2024-10-20T08:03:52","modified_gmt":"2024-10-20T06:03:52","slug":"impresum-9","status":"publish","type":"page","link":"https:\/\/cvrcak-daruvar.com.hr\/?page_id=7324","title":{"rendered":"Impresum 2023.\/2024."},"content":{"rendered":"\n<p>\u0160kolska godina 2023.\/2024.<\/p>\n\n\n\n<p><strong>Digitalni \u0161kolski list \u201cCVR\u010cAK\u201d<\/strong><\/p>\n\n\n\n<p>Adresa izdava\u010da:<br>Osnovna \u0161kola Vladimira Nazora<br>Ljudevita Gaja 24<br>43500 Daruvar<br>Tel.: 043 333 123<br>Fax.: 043 331 147<br>E-mail: os-daruvar-001@os-vnazora-daruvar.skole.hr<br>Web stranica:&nbsp;<a href=\"http:\/\/os-vnazora-daruvar.skole.hr\/\">http:\/\/os-vnazora-daruvar.skole.hr\/<\/a><\/p>\n\n\n\n<p><br><strong>Za \u0161kolu:<\/strong>&nbsp;ravnateljica Kornelija \u010castek, dipl. def. \u2013 soc. ped.<br>Glavna i odgovorna urednica: Jasminka Kuzle<br>Ra\u010dunalna obrada: Alenka Njegovac<br>Uredni\u0161tvo:<br>Alenka Njegovac, Jasminka Kuzle, Marijana Markalaus, Lana Borjan, Marina Singer, Biserka Hre\u0161i\u0107, Tena Sedla\u010dek, Nina Topalovi\u0107, Maja Golubi\u0107, Ivana Vorel Herout, Tihana Petkovi\u0107, Ivana Tourek, Tajana Biljan, Dalija Rendi\u0107, Irena Ivkovi\u0107, Veronika \u0160piranac, Andrea Pavi\u0107<\/p>\n\n\n\n<p><br>Uredni\u0161tvo \u2013 u\u010denici novinari<\/p>\n\n\n\n<p><br>Logo: Valentin Baron, Ivan Molnar<\/p>\n","protected":false},"excerpt":{"rendered":"<p>\u0160kolska godina 2023.\/2024. Digitalni \u0161kolski list \u201cCVR\u010cAK\u201d Adresa izdava\u010da:Osnovna \u0161kola Vladimira NazoraLjudevita Gaja 2443500 DaruvarTel.: 043 333 123Fax.: 043 331 147E-mail: os-daruvar-001@os-vnazora-daruvar.skole.hrWeb stranica:&nbsp;http:\/\/os-vnazora-daruvar.skole.hr\/ Za \u0161kolu:&nbsp;ravnateljica Kornelija \u010castek, dipl. def. \u2013 soc. ped.Glavna i odgovorna urednica: Jasminka KuzleRa\u010dunalna obrada: Alenka NjegovacUredni\u0161tvo:Alenka Njegovac, Jasminka Kuzle, Marijana Markalaus, Lana Borjan, Marina Singer, Biserka Hre\u0161i\u0107, Tena Sedla\u010dek, Nina Topalovi\u0107, [&hellip;]<\/p>\n","protected":false},"author":2,"featured_media":0,"parent":0,"menu_order":0,"comment_status":"closed","ping_status":"closed","template":"","meta":[],"_links":{"self":[{"href":"https:\/\/cvrcak-daruvar.com.hr\/index.php?rest_route=\/wp\/v2\/pages\/7324"}],"collection":[{"href":"https:\/\/cvrcak-daruvar.com.hr\/index.php?rest_route=\/wp\/v2\/pages"}],"about":[{"href":"https:\/\/cvrcak-daruvar.com.hr\/index.php?rest_route=\/wp\/v2\/types\/page"}],"author":[{"embeddable":true,"href":"https:\/\/cvrcak-daruvar.com.hr\/index.php?rest_route=\/wp\/v2\/users\/2"}],"replies":[{"embeddable":true,"href":"https:\/\/cvrcak-daruvar.com.hr\/index.php?rest_route=%2Fwp%2Fv2%2Fcomments&post=7324"}],"version-history":[{"count":5,"href":"https:\/\/cvrcak-daruvar.com.hr\/index.php?rest_route=\/wp\/v2\/pages\/7324\/revisions"}],"predecessor-version":[{"id":8114,"href":"https:\/\/cvrcak-daruvar.com.hr\/index.php?rest_route=\/wp\/v2\/pages\/7324\/revisions\/8114"}],"wp:attachment":[{"href":"https:\/\/cvrcak-daruvar.com.hr\/index.php?rest_route=%2Fwp%2Fv2%2Fmedia&parent=7324"}],"curies":[{"name":"wp","href":"https:\/\/api.w.org\/{rel}","templated":true}]}}