{"id":2,"date":"2012-05-31T07:54:11","date_gmt":"2012-05-31T07:54:11","guid":{"rendered":"http:\/\/cvrcak-daruvar.com.hr\/?page_id=2"},"modified":"2019-05-05T21:44:47","modified_gmt":"2019-05-05T19:44:47","slug":"sample-page","status":"publish","type":"page","link":"https:\/\/cvrcak-daruvar.com.hr\/","title":{"rendered":"Naslovnica"},"content":{"rendered":"<h2><span style=\"color: #ff6600;\">Dragi \u010ditatelji!<\/span><\/h2>\n<h2><span style=\"color: #ff6600;\">\u00a0 <a href=\"https:\/\/cvrcak-daruvar.com.hr\/wp-content\/uploads\/2019\/05\/\u017ddralko-logotip-zakrivljeni-tekst.jpg\" class=\"gallery_colorbox\" rel=\"attachment wp-att-5087\"><img decoding=\"async\" loading=\"lazy\" class=\"size-full wp-image-5087 aligncenter\" src=\"http:\/\/cvrcak-daruvar.com.hr\/wp-content\/uploads\/2019\/05\/\u017ddralko-logotip-zakrivljeni-tekst.jpg\"  alt=\"\" width=\"456\" height=\"746\" srcset=\"https:\/\/cvrcak-daruvar.com.hr\/wp-content\/uploads\/2019\/05\/\u017ddralko-logotip-zakrivljeni-tekst.jpg 456w, https:\/\/cvrcak-daruvar.com.hr\/wp-content\/uploads\/2019\/05\/\u017ddralko-logotip-zakrivljeni-tekst-183x300.jpg 183w\" sizes=\"(max-width: 456px) 100vw, 456px\" \/><\/a><\/span><\/h2>\n<h2 style=\"text-align: right;\"><span style=\"color: #ff6600;\">\u00a0\u00a0 Ugodno \u010ditanje i zabavu \u017eeli vam uredni\u0161tvo!<\/span><\/h2>\n<h3><\/h3>\n","protected":false},"excerpt":{"rendered":"<p>Dragi \u010ditatelji! \u00a0 \u00a0\u00a0 Ugodno \u010ditanje i zabavu \u017eeli vam uredni\u0161tvo!<\/p>\n","protected":false},"author":1,"featured_media":0,"parent":0,"menu_order":0,"comment_status":"closed","ping_status":"open","template":"","meta":[],"_links":{"self":[{"href":"https:\/\/cvrcak-daruvar.com.hr\/index.php?rest_route=\/wp\/v2\/pages\/2"}],"collection":[{"href":"https:\/\/cvrcak-daruvar.com.hr\/index.php?rest_route=\/wp\/v2\/pages"}],"about":[{"href":"https:\/\/cvrcak-daruvar.com.hr\/index.php?rest_route=\/wp\/v2\/types\/page"}],"author":[{"embeddable":true,"href":"https:\/\/cvrcak-daruvar.com.hr\/index.php?rest_route=\/wp\/v2\/users\/1"}],"replies":[{"embeddable":true,"href":"https:\/\/cvrcak-daruvar.com.hr\/index.php?rest_route=%2Fwp%2Fv2%2Fcomments&post=2"}],"version-history":[{"count":25,"href":"https:\/\/cvrcak-daruvar.com.hr\/index.php?rest_route=\/wp\/v2\/pages\/2\/revisions"}],"predecessor-version":[{"id":7351,"href":"https:\/\/cvrcak-daruvar.com.hr\/index.php?rest_route=\/wp\/v2\/pages\/2\/revisions\/7351"}],"wp:attachment":[{"href":"https:\/\/cvrcak-daruvar.com.hr\/index.php?rest_route=%2Fwp%2Fv2%2Fmedia&parent=2"}],"curies":[{"name":"wp","href":"https:\/\/api.w.org\/{rel}","templated":true}]}}