{"id":98,"date":"2012-05-31T13:38:17","date_gmt":"2012-05-31T13:38:17","guid":{"rendered":"http:\/\/cvrcak-daruvar.com.hr\/?page_id=98"},"modified":"2012-05-31T13:41:19","modified_gmt":"2012-05-31T13:41:19","slug":"intervju-s-mr-o","status":"publish","type":"page","link":"http:\/\/cvrcak-daruvar.com.hr\/?page_id=98","title":{"rendered":"Intervju s mr. &#8220;O&#8221;"},"content":{"rendered":"<p><a href=\"http:\/\/cvrcak-daruvar.com.hr\/wp-content\/uploads\/2012\/05\/P1000561.jpg\" class=\"gallery_colorbox\"><img decoding=\"async\" loading=\"lazy\" class=\"alignright size-medium wp-image-99\" title=\"P1000561\" src=\"http:\/\/cvrcak-daruvar.com.hr\/wp-content\/uploads\/2012\/05\/P1000561-300x224.jpg\"  alt=\"\" width=\"300\" height=\"224\" srcset=\"http:\/\/cvrcak-daruvar.com.hr\/wp-content\/uploads\/2012\/05\/P1000561-300x224.jpg 300w, http:\/\/cvrcak-daruvar.com.hr\/wp-content\/uploads\/2012\/05\/P1000561.jpg 448w\" sizes=\"(max-width: 300px) 100vw, 300px\" \/><\/a>U posjet Daruvaru i na\u0161oj \u0161koli po\u010detkom svibnja bio je Fred Ovey, umirovljeni u\u010ditelj iz Ujedinjenog Kraljevstva. Fred je proveo 42 godine rade\u0107i na poslovima u\u010ditelja u osnovnim i srednjim \u0161kolama u Devonu, na jugozapadu Engleske, a zadnjih desetak godina profesionalne karijere proveo je kao ravnatelj osnovne \u0161kole Yeo Valley. U Hrvatsku je do\u0161ao na poziv Hrvatske udruge profesora engleskog (HUPE) kao predava\u010d na godi\u0161njem stru\u010dnom skupu Udruge u Opatiji. Nakon radionica u Opatiji, posjetio je nekoliko \u0161kola diljem Hrvatske: u Osijeku, Vukovaru, Zagrebu, Splitu, Supetru, a svoj boravak u Hrvatskoj zavr\u0161io je u Maslenja\u010di kao gost na\u0161ih u\u010ditelja engleskoga jezika Dra\u017eenke Ke\u0161i\u0107 i Silvija Devalda. U na\u0161oj \u0161koli odr\u017eao je satove s u\u010denicima svih uzrasta, od drugog do osmog razreda, a posjetio je i Ekonomsku i trgova\u010dku \u0161kolu Daruvar i Gimnaziju Daruvar. Na satovima koje je odr\u017eao intervjuirale su ga Karolina Hasl i Hana \u010crnjevi\u0107, u\u010denice 8. c i 8. b razreda.<\/p>\n<p>&nbsp;<\/p>\n<p><em>\u0160to najvi\u0161e volite kod podu\u010davanja?<br \/>\n<\/em>To \u0161to je svaki dan novi izazov.<em><\/em><\/p>\n<p><em>\u0160to vam se najvi\u0161e svi\u0111a u Hrvatskoj?<br \/>\n<\/em>Ljudi, jer su vrlo ljubazni. U UK ljudi na ulici jedva pri\u010daju jedni s drugima. Ovdje bi mi ljudi uvijek pomogli, a kada bi me vidjeli da sam sjedim u kafi\u0107u, pri\u0161li bi. <em><\/em><\/p>\n<p><em>Jesmo li druga\u010diji od va\u0161ih u\u010denika?<br \/>\n<\/em><a href=\"http:\/\/cvrcak-daruvar.com.hr\/wp-content\/uploads\/2012\/05\/P1000565.jpg\" class=\"gallery_colorbox\"><img decoding=\"async\" loading=\"lazy\" class=\"alignleft size-medium wp-image-102\" title=\"P1000565\" src=\"http:\/\/cvrcak-daruvar.com.hr\/wp-content\/uploads\/2012\/05\/P1000565-300x224.jpg\"  alt=\"\" width=\"300\" height=\"224\" srcset=\"http:\/\/cvrcak-daruvar.com.hr\/wp-content\/uploads\/2012\/05\/P1000565-300x224.jpg 300w, http:\/\/cvrcak-daruvar.com.hr\/wp-content\/uploads\/2012\/05\/P1000565.jpg 448w\" sizes=\"(max-width: 300px) 100vw, 300px\" \/><\/a>Va\u0161i u\u010denici su vrlo zabavni,<em> <\/em>imate bolji smisao za humor. Britanci su malo indiferentni. Nikada ne bih uspio nasmijati cijeli razred kao vas i zbog toga mi je \u017eao jer sam po prirodi malo luckast. Ako zavr\u0161ite sat sa smije\u0161kom i novi sat \u0107e vam po\u010deti sa smije\u0161kom. Moj moto je: ako vidite nekoga da se ne smije-nasmije\u0161ite mu se!<\/p>\n<p><em>Kakav ste dojam stekli o na\u0161oj \u0161koli?<br \/>\n<\/em>Imao sam puno razreda danas i svi ste divni. Vrlo ste zabavni, a nastavnici su susretljivi. \u010cak i u\u010denici kod kojih nisam bio na satu su me zaustavljali na hodnicima i pri\u010dali sa mnom.<em><\/em><\/p>\n<p><em>Koliko dugo ostajete ovdje?<br \/>\n<\/em>U petak se vra\u0107am za UK ali se planiram vratiti. Shvatio sam da sam previ\u0161e godina potro\u0161io ne putuju\u0107i.<em><\/em><\/p>\n<p><em>Ho\u0107ete li sljede\u0107i put povesti obitelj sa sobom?<br \/>\n<\/em><a href=\"http:\/\/cvrcak-daruvar.com.hr\/wp-content\/uploads\/2012\/05\/P1000549.jpg\" class=\"gallery_colorbox\"><img decoding=\"async\" loading=\"lazy\" class=\"aligncenter size-medium wp-image-103\" title=\"P1000549\" src=\"http:\/\/cvrcak-daruvar.com.hr\/wp-content\/uploads\/2012\/05\/P1000549-300x224.jpg\"  alt=\"\" width=\"300\" height=\"224\" srcset=\"http:\/\/cvrcak-daruvar.com.hr\/wp-content\/uploads\/2012\/05\/P1000549-300x224.jpg 300w, http:\/\/cvrcak-daruvar.com.hr\/wp-content\/uploads\/2012\/05\/P1000549.jpg 448w\" sizes=\"(max-width: 300px) 100vw, 300px\" \/><\/a>Volio bih povesti svoju \u017eenu&#8230; mo\u017eda sljede\u0107e godine.<em><\/em><\/p>\n<p>&nbsp;<\/p>\n<p style=\"text-align: center;\"><em>napisali:<\/em>\u00a0 Silvije Devald, prof.<br \/>\nKarolina Hasl i Hana \u010crnjevi\u0107<\/p>\n<p style=\"text-align: left;\" align=\"right\"><em>Lektorirala: L. B.<\/em><\/p>\n","protected":false},"excerpt":{"rendered":"<p>U posjet Daruvaru i na\u0161oj \u0161koli po\u010detkom svibnja bio je Fred Ovey, umirovljeni u\u010ditelj iz Ujedinjenog Kraljevstva. Fred je proveo 42 godine rade\u0107i na poslovima u\u010ditelja u osnovnim i srednjim \u0161kolama u Devonu, na jugozapadu Engleske, a zadnjih desetak godina profesionalne karijere proveo je kao ravnatelj osnovne \u0161kole Yeo Valley. U Hrvatsku je do\u0161ao na [&hellip;]<\/p>\n","protected":false},"author":1,"featured_media":0,"parent":827,"menu_order":0,"comment_status":"closed","ping_status":"closed","template":"","meta":[],"_links":{"self":[{"href":"http:\/\/cvrcak-daruvar.com.hr\/index.php?rest_route=\/wp\/v2\/pages\/98"}],"collection":[{"href":"http:\/\/cvrcak-daruvar.com.hr\/index.php?rest_route=\/wp\/v2\/pages"}],"about":[{"href":"http:\/\/cvrcak-daruvar.com.hr\/index.php?rest_route=\/wp\/v2\/types\/page"}],"author":[{"embeddable":true,"href":"http:\/\/cvrcak-daruvar.com.hr\/index.php?rest_route=\/wp\/v2\/users\/1"}],"replies":[{"embeddable":true,"href":"http:\/\/cvrcak-daruvar.com.hr\/index.php?rest_route=%2Fwp%2Fv2%2Fcomments&post=98"}],"version-history":[{"count":4,"href":"http:\/\/cvrcak-daruvar.com.hr\/index.php?rest_route=\/wp\/v2\/pages\/98\/revisions"}],"predecessor-version":[{"id":101,"href":"http:\/\/cvrcak-daruvar.com.hr\/index.php?rest_route=\/wp\/v2\/pages\/98\/revisions\/101"}],"up":[{"embeddable":true,"href":"http:\/\/cvrcak-daruvar.com.hr\/index.php?rest_route=\/wp\/v2\/pages\/827"}],"wp:attachment":[{"href":"http:\/\/cvrcak-daruvar.com.hr\/index.php?rest_route=%2Fwp%2Fv2%2Fmedia&parent=98"}],"curies":[{"name":"wp","href":"https:\/\/api.w.org\/{rel}","templated":true}]}}