{"id":8912,"date":"2026-05-04T21:30:49","date_gmt":"2026-05-04T19:30:49","guid":{"rendered":"https:\/\/cvrcak-daruvar.com.hr\/?page_id=8912"},"modified":"2026-05-04T21:30:49","modified_gmt":"2026-05-04T19:30:49","slug":"film-kamo-idemo","status":"publish","type":"page","link":"http:\/\/cvrcak-daruvar.com.hr\/?page_id=8912","title":{"rendered":"Film &#8221;Kamo idemo?&#8221;"},"content":{"rendered":"\n<p>Film &#8221;Kamo idemo?&#8221; prikaz je apokalipti\u010dnog stanja dru\u0161tva smje\u0161ten u mikrosredinu u kojoj sve zapo\u010dinje \u2013 obitelj. Pretjerana konzumacija ekrana dovodi aktere filma do inflacije emocija, nedostatka me\u0111usobne bliskosti i komunikacije unutar obitelji \u0161to na kraju uzrokuje emocionalnu usamljenost pojedinca, u ovom slu\u010daju najmla\u0111e k\u0107eri obitelji Ranek.<\/p>\n\n\n\n<p>Sredi\u0161nja tema filma jest pitanje kamo nas vodi ovaj distopijski put kojim smo krenuli.<\/p>\n\n\n\n<p>Film je nastao u \u0160kolskoj knji\u017enici O\u0160 Vladimira Nazora Daruvar, P\u0160 Frankopanska.<\/p>\n\n\n\n<figure class=\"wp-block-embed is-type-video is-provider-youtube wp-block-embed-youtube wp-embed-aspect-16-9 wp-has-aspect-ratio\"><div class=\"wp-block-embed__wrapper\">\n<iframe loading=\"lazy\" title=\"KamoIdemo\" width=\"500\" height=\"281\" src=\"https:\/\/www.youtube.com\/embed\/LkBKAyE7rDc?feature=oembed\" frameborder=\"0\" allow=\"accelerometer; autoplay; clipboard-write; encrypted-media; gyroscope; picture-in-picture; web-share\" referrerpolicy=\"strict-origin-when-cross-origin\" allowfullscreen><\/iframe>\n<\/div><\/figure>\n","protected":false},"excerpt":{"rendered":"<p>Film &#8221;Kamo idemo?&#8221; prikaz je apokalipti\u010dnog stanja dru\u0161tva smje\u0161ten u mikrosredinu u kojoj sve zapo\u010dinje \u2013 obitelj. Pretjerana konzumacija ekrana dovodi aktere filma do inflacije emocija, nedostatka me\u0111usobne bliskosti i komunikacije unutar obitelji \u0161to na kraju uzrokuje emocionalnu usamljenost pojedinca, u ovom slu\u010daju najmla\u0111e k\u0107eri obitelji Ranek. Sredi\u0161nja tema filma jest pitanje kamo nas vodi [&hellip;]<\/p>\n","protected":false},"author":2,"featured_media":0,"parent":0,"menu_order":0,"comment_status":"closed","ping_status":"closed","template":"","meta":[],"_links":{"self":[{"href":"http:\/\/cvrcak-daruvar.com.hr\/index.php?rest_route=\/wp\/v2\/pages\/8912"}],"collection":[{"href":"http:\/\/cvrcak-daruvar.com.hr\/index.php?rest_route=\/wp\/v2\/pages"}],"about":[{"href":"http:\/\/cvrcak-daruvar.com.hr\/index.php?rest_route=\/wp\/v2\/types\/page"}],"author":[{"embeddable":true,"href":"http:\/\/cvrcak-daruvar.com.hr\/index.php?rest_route=\/wp\/v2\/users\/2"}],"replies":[{"embeddable":true,"href":"http:\/\/cvrcak-daruvar.com.hr\/index.php?rest_route=%2Fwp%2Fv2%2Fcomments&post=8912"}],"version-history":[{"count":1,"href":"http:\/\/cvrcak-daruvar.com.hr\/index.php?rest_route=\/wp\/v2\/pages\/8912\/revisions"}],"predecessor-version":[{"id":8913,"href":"http:\/\/cvrcak-daruvar.com.hr\/index.php?rest_route=\/wp\/v2\/pages\/8912\/revisions\/8913"}],"wp:attachment":[{"href":"http:\/\/cvrcak-daruvar.com.hr\/index.php?rest_route=%2Fwp%2Fv2%2Fmedia&parent=8912"}],"curies":[{"name":"wp","href":"https:\/\/api.w.org\/{rel}","templated":true}]}}