{"id":7426,"date":"2023-11-14T18:06:11","date_gmt":"2023-11-14T17:06:11","guid":{"rendered":"http:\/\/cvrcak-daruvar.com.hr\/?page_id=7426"},"modified":"2023-11-14T18:09:25","modified_gmt":"2023-11-14T17:09:25","slug":"erasmus-2","status":"publish","type":"page","link":"http:\/\/cvrcak-daruvar.com.hr\/?page_id=7426","title":{"rendered":"Erasmus +"},"content":{"rendered":"\n<h2 class=\"wp-block-heading\">Barcelona- Including Sustainability Education in Everyday Classes with PBL<\/h2>\n\n\n\n<div class=\"wp-block-image is-style-default\"><figure class=\"aligncenter size-medium is-resized\"><a href=\"http:\/\/cvrcak-daruvar.com.hr\/wp-content\/uploads\/2023\/11\/ina-i-biba.jpg\" class=\"gallery_colorbox\"><img decoding=\"async\" loading=\"lazy\" src=\"http:\/\/cvrcak-daruvar.com.hr\/wp-content\/uploads\/2023\/11\/ina-i-biba-225x300.jpg\"  alt=\"\" class=\"wp-image-7449\" width=\"220\" height=\"300\"\/><\/a><\/figure><\/div>\n\n\n\n<p>Nastavnice Biserka Hre\u0161i\u0107 i Ina Turek sudjeluju na te\u010daju&nbsp;<em>Including Sustainability Education in Everyday Classes with PBL<\/em>, u Barceloni, od 6. do 10. studenog 2023. Tema te\u010daja je odr\u017eivi razvoj, a osim stru\u010dnog usavr\u0161avanja, nastavnice \u0107e imati prilike upoznati u\u010ditelje iz razli\u010ditih zemalja, a naravno i znamenitosti Barcelone. Zanimljivosti s mobilnosti u Barceloni mo\u017eete pratiti na facebook stranici \u0161kole&nbsp;<a href=\"https:\/\/www.facebook.com\/profile.php?id=100086259558339\">Erasmus+ O\u0160 V. Nazora, Daruvar<\/a>.<\/p>\n","protected":false},"excerpt":{"rendered":"<p>Barcelona- Including Sustainability Education in Everyday Classes with PBL Nastavnice Biserka Hre\u0161i\u0107 i Ina Turek sudjeluju na te\u010daju&nbsp;Including Sustainability Education in Everyday Classes with PBL, u Barceloni, od 6. do 10. studenog 2023. Tema te\u010daja je odr\u017eivi razvoj, a osim stru\u010dnog usavr\u0161avanja, nastavnice \u0107e imati prilike upoznati u\u010ditelje iz razli\u010ditih zemalja, a naravno i znamenitosti [&hellip;]<\/p>\n","protected":false},"author":13,"featured_media":0,"parent":0,"menu_order":0,"comment_status":"closed","ping_status":"closed","template":"","meta":[],"_links":{"self":[{"href":"http:\/\/cvrcak-daruvar.com.hr\/index.php?rest_route=\/wp\/v2\/pages\/7426"}],"collection":[{"href":"http:\/\/cvrcak-daruvar.com.hr\/index.php?rest_route=\/wp\/v2\/pages"}],"about":[{"href":"http:\/\/cvrcak-daruvar.com.hr\/index.php?rest_route=\/wp\/v2\/types\/page"}],"author":[{"embeddable":true,"href":"http:\/\/cvrcak-daruvar.com.hr\/index.php?rest_route=\/wp\/v2\/users\/13"}],"replies":[{"embeddable":true,"href":"http:\/\/cvrcak-daruvar.com.hr\/index.php?rest_route=%2Fwp%2Fv2%2Fcomments&post=7426"}],"version-history":[{"count":2,"href":"http:\/\/cvrcak-daruvar.com.hr\/index.php?rest_route=\/wp\/v2\/pages\/7426\/revisions"}],"predecessor-version":[{"id":7497,"href":"http:\/\/cvrcak-daruvar.com.hr\/index.php?rest_route=\/wp\/v2\/pages\/7426\/revisions\/7497"}],"wp:attachment":[{"href":"http:\/\/cvrcak-daruvar.com.hr\/index.php?rest_route=%2Fwp%2Fv2%2Fmedia&parent=7426"}],"curies":[{"name":"wp","href":"https:\/\/api.w.org\/{rel}","templated":true}]}}