{"id":7419,"date":"2023-11-14T18:05:01","date_gmt":"2023-11-14T17:05:01","guid":{"rendered":"http:\/\/cvrcak-daruvar.com.hr\/?page_id=7419"},"modified":"2023-11-14T18:18:23","modified_gmt":"2023-11-14T17:18:23","slug":"europski-dan-jezika-edl-walk","status":"publish","type":"page","link":"http:\/\/cvrcak-daruvar.com.hr\/?page_id=7419","title":{"rendered":"Europski Dan jezika &#8211; EDL Walk"},"content":{"rendered":"\n<p>Tijekom rujna smo obilje\u017eili <strong>Europski dan jezika <\/strong>prigodnom \u0161etnjom na razli\u010ditim jezicima, u pratnji u\u010diteljica Ine Turek, Dra\u017eenke Ke\u0161i\u0107, Biserke Hre\u0161i\u0107 i Dalije Rendi\u0107.<\/p>\n\n\n\n<p>Na isti dan, diljem Starog kontinenta, 700 milijuna Europljana poti\u010du se na u\u010denje \u0161to vi\u0161e jezika, u svakoj \u017eivotnoj dobi, u \u0161koli i izvan nje, budu\u0107i da je jezi\u010dna raznolikost alat za postizanje ve\u0107eg me\u0111ukulturalnog razumijevanja i klju\u010dni \u010dimbenik bogate kulturne ba\u0161tine na\u0161eg kontinenta.<\/p>\n\n\n\n<p>Ove godine, pod motom&nbsp;<strong>\u201cRecimo DA jezicima!\u201d<\/strong>&nbsp;nastojimo potaknuti ljude iz svih sredina i svih dobi da jo\u0161 vi\u0161e otvore vrata svijetu kroz u\u010denje jezika.<\/p>\n\n\n\n<p>Povodom EDL-a izradili smo&nbsp;virtualno vo\u0111enu \u0161etnju na\u0161im gradom, na engleskom, njema\u010dkom, \u010de\u0161kom i naravno, hrvatskom jeziku, tijekom koje je trebalo izvr\u0161iti jednostavne izazove kako bi vas aplikacija odvela na sljede\u0107e zanimljivo mjesto u \u0161etnji kroz daruvarske kulturno-povijesne znamenitosti.<\/p>\n\n\n\n<p><a><\/a>Krenuli smo ispred \u0161kole u Gajevoj. Za \u0161etnju je bilo potrebno imati mobilni ure\u0111aj, sa internet pristupom i instaliranom aplikacijom&nbsp;<strong>Actionbound.<\/strong>&nbsp;Zatim smo skenirali QR kod i daljnje kori\u0161tenje je bilo vrlo jednostavno i intuitivno.<\/p>\n\n\n\n<p>Aktivnosti su osmislili u\u010ditelji i u\u010denici na\u0161e \u0161kole, a partner u projektu nam je bila Turisti\u010dka zajednica koja je putem dru\u0161tvenih mre\u017ea na svom profilu&nbsp;<strong><em>Visitdaruvar&nbsp;<\/em><\/strong>objavljivala postove vezane uz Europski dan jezika.<\/p>\n\n\n\n<figure class=\"wp-block-image size-large\"><a href=\"http:\/\/cvrcak-daruvar.com.hr\/wp-content\/uploads\/2023\/11\/20230926_150545-scaled.jpg\" class=\"gallery_colorbox\"><img decoding=\"async\" loading=\"lazy\" width=\"1024\" height=\"576\" src=\"http:\/\/cvrcak-daruvar.com.hr\/wp-content\/uploads\/2023\/11\/20230926_150545-1024x576.jpg\"  alt=\"\" class=\"wp-image-7471\" srcset=\"http:\/\/cvrcak-daruvar.com.hr\/wp-content\/uploads\/2023\/11\/20230926_150545-1024x576.jpg 1024w, http:\/\/cvrcak-daruvar.com.hr\/wp-content\/uploads\/2023\/11\/20230926_150545-300x169.jpg 300w, http:\/\/cvrcak-daruvar.com.hr\/wp-content\/uploads\/2023\/11\/20230926_150545-768x432.jpg 768w, http:\/\/cvrcak-daruvar.com.hr\/wp-content\/uploads\/2023\/11\/20230926_150545-1536x864.jpg 1536w, http:\/\/cvrcak-daruvar.com.hr\/wp-content\/uploads\/2023\/11\/20230926_150545-2048x1153.jpg 2048w\" sizes=\"(max-width: 1024px) 100vw, 1024px\" \/><\/a><\/figure>\n\n\n\n<figure class=\"wp-block-image size-large\"><a href=\"http:\/\/cvrcak-daruvar.com.hr\/wp-content\/uploads\/2023\/11\/viber_slika_2023-09-26_16-21-05-831.jpg\" class=\"gallery_colorbox\"><img decoding=\"async\" loading=\"lazy\" width=\"1024\" height=\"768\" src=\"http:\/\/cvrcak-daruvar.com.hr\/wp-content\/uploads\/2023\/11\/viber_slika_2023-09-26_16-21-05-831-1024x768.jpg\"  alt=\"\" class=\"wp-image-7469\" srcset=\"http:\/\/cvrcak-daruvar.com.hr\/wp-content\/uploads\/2023\/11\/viber_slika_2023-09-26_16-21-05-831-1024x768.jpg 1024w, http:\/\/cvrcak-daruvar.com.hr\/wp-content\/uploads\/2023\/11\/viber_slika_2023-09-26_16-21-05-831-300x225.jpg 300w, http:\/\/cvrcak-daruvar.com.hr\/wp-content\/uploads\/2023\/11\/viber_slika_2023-09-26_16-21-05-831-768x576.jpg 768w, http:\/\/cvrcak-daruvar.com.hr\/wp-content\/uploads\/2023\/11\/viber_slika_2023-09-26_16-21-05-831-1536x1152.jpg 1536w, http:\/\/cvrcak-daruvar.com.hr\/wp-content\/uploads\/2023\/11\/viber_slika_2023-09-26_16-21-05-831.jpg 1600w\" sizes=\"(max-width: 1024px) 100vw, 1024px\" \/><\/a><\/figure>\n\n\n\n<figure class=\"wp-block-image size-large\"><a href=\"http:\/\/cvrcak-daruvar.com.hr\/wp-content\/uploads\/2023\/11\/viber_slika_2023-09-26_20-29-03-906.jpg\" class=\"gallery_colorbox\"><img decoding=\"async\" loading=\"lazy\" width=\"1024\" height=\"576\" src=\"http:\/\/cvrcak-daruvar.com.hr\/wp-content\/uploads\/2023\/11\/viber_slika_2023-09-26_20-29-03-906-1024x576.jpg\"  alt=\"\" class=\"wp-image-7464\" srcset=\"http:\/\/cvrcak-daruvar.com.hr\/wp-content\/uploads\/2023\/11\/viber_slika_2023-09-26_20-29-03-906-1024x576.jpg 1024w, http:\/\/cvrcak-daruvar.com.hr\/wp-content\/uploads\/2023\/11\/viber_slika_2023-09-26_20-29-03-906-300x169.jpg 300w, http:\/\/cvrcak-daruvar.com.hr\/wp-content\/uploads\/2023\/11\/viber_slika_2023-09-26_20-29-03-906-768x432.jpg 768w, http:\/\/cvrcak-daruvar.com.hr\/wp-content\/uploads\/2023\/11\/viber_slika_2023-09-26_20-29-03-906-1536x864.jpg 1536w, http:\/\/cvrcak-daruvar.com.hr\/wp-content\/uploads\/2023\/11\/viber_slika_2023-09-26_20-29-03-906.jpg 1600w\" sizes=\"(max-width: 1024px) 100vw, 1024px\" \/><\/a><\/figure>\n\n\n\n<p> U sklopu izvannastavne aktivnosti Doma\u0107instvo vrijedni u\u010denici na\u0161e \u0161kole uredili su i prigodnu ku\u0107icu na Trgu kralja Tomislava. Predstavili smo se \u0161arenim likovnim radovima za koje su u\u010denici izradili okvire, a glavni pribor su nam bili \u010davli i \u010deki\u0107 kako bi likovni radovi i zastavice stajali na predvi\u0111enom mjestu unato\u010d obilnoj ki\u0161i i jakom vjetru.&nbsp; <\/p>\n\n\n\n<p>Ure\u0111enjem ku\u0107ice htjeli smo skrenuti pozornost na\u0161ih sugra\u0111ana na&nbsp;aktivnosti koje smo pripremili povodom Europskog dana jezika. <\/p>\n\n\n\n<figure class=\"wp-block-image size-large\"><a href=\"http:\/\/cvrcak-daruvar.com.hr\/wp-content\/uploads\/2023\/11\/viber_slika_2023-09-20_17-00-14-192.jpg\" class=\"gallery_colorbox\"><img decoding=\"async\" loading=\"lazy\" width=\"498\" height=\"1024\" src=\"http:\/\/cvrcak-daruvar.com.hr\/wp-content\/uploads\/2023\/11\/viber_slika_2023-09-20_17-00-14-192-498x1024.jpg\"  alt=\"\" class=\"wp-image-7501\" srcset=\"http:\/\/cvrcak-daruvar.com.hr\/wp-content\/uploads\/2023\/11\/viber_slika_2023-09-20_17-00-14-192-498x1024.jpg 498w, http:\/\/cvrcak-daruvar.com.hr\/wp-content\/uploads\/2023\/11\/viber_slika_2023-09-20_17-00-14-192-146x300.jpg 146w, http:\/\/cvrcak-daruvar.com.hr\/wp-content\/uploads\/2023\/11\/viber_slika_2023-09-20_17-00-14-192-768x1579.jpg 768w, http:\/\/cvrcak-daruvar.com.hr\/wp-content\/uploads\/2023\/11\/viber_slika_2023-09-20_17-00-14-192-747x1536.jpg 747w, http:\/\/cvrcak-daruvar.com.hr\/wp-content\/uploads\/2023\/11\/viber_slika_2023-09-20_17-00-14-192.jpg 778w\" sizes=\"(max-width: 498px) 100vw, 498px\" \/><\/a><\/figure>\n\n\n\n<figure class=\"wp-block-image size-large is-resized\"><a href=\"http:\/\/cvrcak-daruvar.com.hr\/wp-content\/uploads\/2023\/11\/viber_slika_2023-09-20_17-00-18-547.jpg\" class=\"gallery_colorbox\"><img decoding=\"async\" loading=\"lazy\" src=\"http:\/\/cvrcak-daruvar.com.hr\/wp-content\/uploads\/2023\/11\/viber_slika_2023-09-20_17-00-18-547-768x1024.jpg\"  alt=\"\" class=\"wp-image-7502\" width=\"497\" height=\"663\" srcset=\"http:\/\/cvrcak-daruvar.com.hr\/wp-content\/uploads\/2023\/11\/viber_slika_2023-09-20_17-00-18-547-768x1024.jpg 768w, http:\/\/cvrcak-daruvar.com.hr\/wp-content\/uploads\/2023\/11\/viber_slika_2023-09-20_17-00-18-547-225x300.jpg 225w, http:\/\/cvrcak-daruvar.com.hr\/wp-content\/uploads\/2023\/11\/viber_slika_2023-09-20_17-00-18-547-1152x1536.jpg 1152w, http:\/\/cvrcak-daruvar.com.hr\/wp-content\/uploads\/2023\/11\/viber_slika_2023-09-20_17-00-18-547.jpg 1200w\" sizes=\"(max-width: 497px) 100vw, 497px\" \/><\/a><\/figure>\n\n\n\n<p> Na fotografijama mo\u017eete vidjeti kako smo se zabavili u \u0161etnjama. Ako \u017eelite pro\u0161etati istim putem, mo\u017eete skenirati jedan od QR kodova sa letka u aplikaciji Actionbound.&nbsp; <\/p>\n\n\n\n<figure class=\"wp-block-image size-full is-resized\"><a href=\"http:\/\/cvrcak-daruvar.com.hr\/wp-content\/uploads\/2023\/11\/Snimka-zaslona-4.png\" class=\"gallery_colorbox\"><img decoding=\"async\" loading=\"lazy\" src=\"http:\/\/cvrcak-daruvar.com.hr\/wp-content\/uploads\/2023\/11\/Snimka-zaslona-4.png\"  alt=\"\" class=\"wp-image-7515\" width=\"615\" height=\"426\" srcset=\"http:\/\/cvrcak-daruvar.com.hr\/wp-content\/uploads\/2023\/11\/Snimka-zaslona-4.png 778w, http:\/\/cvrcak-daruvar.com.hr\/wp-content\/uploads\/2023\/11\/Snimka-zaslona-4-300x208.png 300w, http:\/\/cvrcak-daruvar.com.hr\/wp-content\/uploads\/2023\/11\/Snimka-zaslona-4-768x532.png 768w\" sizes=\"(max-width: 615px) 100vw, 615px\" \/><\/a><\/figure>\n\n\n\n<figure class=\"wp-block-image size-full is-resized\"><a href=\"http:\/\/cvrcak-daruvar.com.hr\/wp-content\/uploads\/2023\/11\/Snimka-zaslona-3.png\" class=\"gallery_colorbox\"><img decoding=\"async\" loading=\"lazy\" src=\"http:\/\/cvrcak-daruvar.com.hr\/wp-content\/uploads\/2023\/11\/Snimka-zaslona-3.png\"  alt=\"\" class=\"wp-image-7520\" width=\"612\" height=\"438\" srcset=\"http:\/\/cvrcak-daruvar.com.hr\/wp-content\/uploads\/2023\/11\/Snimka-zaslona-3.png 768w, http:\/\/cvrcak-daruvar.com.hr\/wp-content\/uploads\/2023\/11\/Snimka-zaslona-3-300x215.png 300w\" sizes=\"(max-width: 612px) 100vw, 612px\" \/><\/a><\/figure>\n","protected":false},"excerpt":{"rendered":"<p>Tijekom rujna smo obilje\u017eili Europski dan jezika prigodnom \u0161etnjom na razli\u010ditim jezicima, u pratnji u\u010diteljica Ine Turek, Dra\u017eenke Ke\u0161i\u0107, Biserke Hre\u0161i\u0107 i Dalije Rendi\u0107. Na isti dan, diljem Starog kontinenta, 700 milijuna Europljana poti\u010du se na u\u010denje \u0161to vi\u0161e jezika, u svakoj \u017eivotnoj dobi, u \u0161koli i izvan nje, budu\u0107i da je jezi\u010dna raznolikost alat [&hellip;]<\/p>\n","protected":false},"author":17,"featured_media":0,"parent":0,"menu_order":0,"comment_status":"closed","ping_status":"closed","template":"","meta":[],"_links":{"self":[{"href":"http:\/\/cvrcak-daruvar.com.hr\/index.php?rest_route=\/wp\/v2\/pages\/7419"}],"collection":[{"href":"http:\/\/cvrcak-daruvar.com.hr\/index.php?rest_route=\/wp\/v2\/pages"}],"about":[{"href":"http:\/\/cvrcak-daruvar.com.hr\/index.php?rest_route=\/wp\/v2\/types\/page"}],"author":[{"embeddable":true,"href":"http:\/\/cvrcak-daruvar.com.hr\/index.php?rest_route=\/wp\/v2\/users\/17"}],"replies":[{"embeddable":true,"href":"http:\/\/cvrcak-daruvar.com.hr\/index.php?rest_route=%2Fwp%2Fv2%2Fcomments&post=7419"}],"version-history":[{"count":4,"href":"http:\/\/cvrcak-daruvar.com.hr\/index.php?rest_route=\/wp\/v2\/pages\/7419\/revisions"}],"predecessor-version":[{"id":7532,"href":"http:\/\/cvrcak-daruvar.com.hr\/index.php?rest_route=\/wp\/v2\/pages\/7419\/revisions\/7532"}],"wp:attachment":[{"href":"http:\/\/cvrcak-daruvar.com.hr\/index.php?rest_route=%2Fwp%2Fv2%2Fmedia&parent=7419"}],"curies":[{"name":"wp","href":"https:\/\/api.w.org\/{rel}","templated":true}]}}