{"id":7386,"date":"2023-10-22T19:56:44","date_gmt":"2023-10-22T17:56:44","guid":{"rendered":"http:\/\/cvrcak-daruvar.com.hr\/?page_id=7386"},"modified":"2024-01-02T16:30:34","modified_gmt":"2024-01-02T15:30:34","slug":"grb","status":"publish","type":"page","link":"http:\/\/cvrcak-daruvar.com.hr\/?page_id=7386","title":{"rendered":"Prolje\u0107e"},"content":{"rendered":"\n<pre class=\"wp-block-verse has-text-align-center\">Sunce tek malo grije\nzato \u0161to se iza oblaka krije.\nKada je izgubilo svoj sjaj\nptice su oti\u0161le u svoj kraj.\n\nZa mjesec dana po\u010det \u0107e ki\u0161e,\na meni se zada\u0107a ne pi\u0161e.\nPit \u0107emo topli \u010daj\npa \u0107e iznova maj.\n\nKada do\u0111e opet toplo vrijeme\ndo\u0107i \u0107e i cvjetne pripreme.\nI tako sve otpo\u010detka,\na ostalo \u0107e biti nova zagonetka.\n\n<\/pre>\n\n\n\n<p class=\"has-text-align-right\"><em>Flora Andrijevi\u0107, 6.e<\/em><\/p>\n","protected":false},"excerpt":{"rendered":"<p>Sunce tek malo grije zato \u0161to se iza oblaka krije. Kada je izgubilo svoj sjaj ptice su oti\u0161le u svoj kraj. Za mjesec dana po\u010det \u0107e ki\u0161e, a meni se zada\u0107a ne pi\u0161e. Pit \u0107emo topli \u010daj pa \u0107e iznova maj. Kada do\u0111e opet toplo vrijeme do\u0107i \u0107e i cvjetne pripreme. I tako sve otpo\u010detka, [&hellip;]<\/p>\n","protected":false},"author":8,"featured_media":0,"parent":0,"menu_order":0,"comment_status":"closed","ping_status":"closed","template":"","meta":[],"_links":{"self":[{"href":"http:\/\/cvrcak-daruvar.com.hr\/index.php?rest_route=\/wp\/v2\/pages\/7386"}],"collection":[{"href":"http:\/\/cvrcak-daruvar.com.hr\/index.php?rest_route=\/wp\/v2\/pages"}],"about":[{"href":"http:\/\/cvrcak-daruvar.com.hr\/index.php?rest_route=\/wp\/v2\/types\/page"}],"author":[{"embeddable":true,"href":"http:\/\/cvrcak-daruvar.com.hr\/index.php?rest_route=\/wp\/v2\/users\/8"}],"replies":[{"embeddable":true,"href":"http:\/\/cvrcak-daruvar.com.hr\/index.php?rest_route=%2Fwp%2Fv2%2Fcomments&post=7386"}],"version-history":[{"count":7,"href":"http:\/\/cvrcak-daruvar.com.hr\/index.php?rest_route=\/wp\/v2\/pages\/7386\/revisions"}],"predecessor-version":[{"id":7654,"href":"http:\/\/cvrcak-daruvar.com.hr\/index.php?rest_route=\/wp\/v2\/pages\/7386\/revisions\/7654"}],"wp:attachment":[{"href":"http:\/\/cvrcak-daruvar.com.hr\/index.php?rest_route=%2Fwp%2Fv2%2Fmedia&parent=7386"}],"curies":[{"name":"wp","href":"https:\/\/api.w.org\/{rel}","templated":true}]}}