{"id":7382,"date":"2023-10-22T19:54:23","date_gmt":"2023-10-22T17:54:23","guid":{"rendered":"http:\/\/cvrcak-daruvar.com.hr\/?page_id=7382"},"modified":"2023-11-28T12:08:38","modified_gmt":"2023-11-28T11:08:38","slug":"boje","status":"publish","type":"page","link":"http:\/\/cvrcak-daruvar.com.hr\/?page_id=7382","title":{"rendered":"Boje"},"content":{"rendered":"\n<pre class=\"wp-block-verse has-text-align-center\">Sve je puno bijelih i vedrih boja,\nkoja je boja tvoja?\n\n\u017duta kao sunce \u0161to na nebu sija, \nplava kao nebo ili morska dubina,\nzelena kao zelena trava koju voli krava,\nmo\u017eda ljubi\u010dasta kao prekrasno cvije\u0107e\n\u0161to razveseli u rano prolje\u0107e?\n\nMo\u017eda pak crvena kao mamina haljina?\n\nJa ne znam koja je meni ljep\u0161a\nprva ili druga\nili sve zajedno kad ih nosi\n\nDuga.\n\n\n\n\n\n\n\n                                                                     \n<\/pre>\n\n\n\n<p class=\"has-text-align-right\"><em>Nevia Plav\u0161i\u0107<\/em><\/p>\n\n\n\n<p class=\"has-text-align-right\"><em>5.e<\/em><\/p>\n","protected":false},"excerpt":{"rendered":"<p>Sve je puno bijelih i vedrih boja, koja je boja tvoja? \u017duta kao sunce \u0161to na nebu sija, plava kao nebo ili morska dubina, zelena kao zelena trava koju voli krava, mo\u017eda ljubi\u010dasta kao prekrasno cvije\u0107e \u0161to razveseli u rano prolje\u0107e? Mo\u017eda pak crvena kao mamina haljina? Ja ne znam koja je meni ljep\u0161a prva [&hellip;]<\/p>\n","protected":false},"author":8,"featured_media":0,"parent":0,"menu_order":0,"comment_status":"closed","ping_status":"closed","template":"","meta":[],"_links":{"self":[{"href":"http:\/\/cvrcak-daruvar.com.hr\/index.php?rest_route=\/wp\/v2\/pages\/7382"}],"collection":[{"href":"http:\/\/cvrcak-daruvar.com.hr\/index.php?rest_route=\/wp\/v2\/pages"}],"about":[{"href":"http:\/\/cvrcak-daruvar.com.hr\/index.php?rest_route=\/wp\/v2\/types\/page"}],"author":[{"embeddable":true,"href":"http:\/\/cvrcak-daruvar.com.hr\/index.php?rest_route=\/wp\/v2\/users\/8"}],"replies":[{"embeddable":true,"href":"http:\/\/cvrcak-daruvar.com.hr\/index.php?rest_route=%2Fwp%2Fv2%2Fcomments&post=7382"}],"version-history":[{"count":8,"href":"http:\/\/cvrcak-daruvar.com.hr\/index.php?rest_route=\/wp\/v2\/pages\/7382\/revisions"}],"predecessor-version":[{"id":7626,"href":"http:\/\/cvrcak-daruvar.com.hr\/index.php?rest_route=\/wp\/v2\/pages\/7382\/revisions\/7626"}],"wp:attachment":[{"href":"http:\/\/cvrcak-daruvar.com.hr\/index.php?rest_route=%2Fwp%2Fv2%2Fmedia&parent=7382"}],"curies":[{"name":"wp","href":"https:\/\/api.w.org\/{rel}","templated":true}]}}