{"id":7371,"date":"2023-10-22T19:48:59","date_gmt":"2023-10-22T17:48:59","guid":{"rendered":"http:\/\/cvrcak-daruvar.com.hr\/?page_id=7371"},"modified":"2024-02-14T15:58:59","modified_gmt":"2024-02-14T14:58:59","slug":"dani-kruha","status":"publish","type":"page","link":"http:\/\/cvrcak-daruvar.com.hr\/?page_id=7371","title":{"rendered":"Dani kruha"},"content":{"rendered":"\n<p>6. e razred<\/p>\n\n\n\n<figure class=\"wp-block-gallery columns-3 is-cropped wp-block-gallery-1 is-layout-flex\"><ul class=\"blocks-gallery-grid\"><li class=\"blocks-gallery-item\"><figure><a href=\"http:\/\/cvrcak-daruvar.com.hr\/wp-content\/uploads\/2023\/10\/m_20231016_081509.jpg\" class=\"gallery_colorbox\"><img decoding=\"async\" loading=\"lazy\" width=\"493\" height=\"600\" src=\"http:\/\/cvrcak-daruvar.com.hr\/wp-content\/uploads\/2023\/10\/m_20231016_081509.jpg\"  alt=\"\" data-id=\"7372\" data-full-url=\"http:\/\/cvrcak-daruvar.com.hr\/wp-content\/uploads\/2023\/10\/m_20231016_081509.jpg\" data-link=\"http:\/\/cvrcak-daruvar.com.hr\/?attachment_id=7372\" class=\"wp-image-7372\" srcset=\"http:\/\/cvrcak-daruvar.com.hr\/wp-content\/uploads\/2023\/10\/m_20231016_081509.jpg 493w, http:\/\/cvrcak-daruvar.com.hr\/wp-content\/uploads\/2023\/10\/m_20231016_081509-247x300.jpg 247w\" sizes=\"(max-width: 493px) 100vw, 493px\" \/><\/a><\/figure><\/li><li class=\"blocks-gallery-item\"><figure><a href=\"http:\/\/cvrcak-daruvar.com.hr\/wp-content\/uploads\/2023\/10\/m_20231016_081517-rotated.jpg\" class=\"gallery_colorbox\"><img decoding=\"async\" loading=\"lazy\" width=\"450\" height=\"600\" src=\"http:\/\/cvrcak-daruvar.com.hr\/wp-content\/uploads\/2023\/10\/m_20231016_081517-rotated.jpg\"  alt=\"\" data-id=\"7373\" data-full-url=\"http:\/\/cvrcak-daruvar.com.hr\/wp-content\/uploads\/2023\/10\/m_20231016_081517-rotated.jpg\" data-link=\"http:\/\/cvrcak-daruvar.com.hr\/?attachment_id=7373\" class=\"wp-image-7373\" srcset=\"http:\/\/cvrcak-daruvar.com.hr\/wp-content\/uploads\/2023\/10\/m_20231016_081517-rotated.jpg 450w, http:\/\/cvrcak-daruvar.com.hr\/wp-content\/uploads\/2023\/10\/m_20231016_081517-225x300.jpg 225w\" sizes=\"(max-width: 450px) 100vw, 450px\" \/><\/a><\/figure><\/li><li class=\"blocks-gallery-item\"><figure><a href=\"http:\/\/cvrcak-daruvar.com.hr\/wp-content\/uploads\/2023\/10\/m_20231016_081520-rotated.jpg\" class=\"gallery_colorbox\"><img decoding=\"async\" loading=\"lazy\" width=\"450\" height=\"600\" src=\"http:\/\/cvrcak-daruvar.com.hr\/wp-content\/uploads\/2023\/10\/m_20231016_081520-rotated.jpg\"  alt=\"\" data-id=\"7374\" data-full-url=\"http:\/\/cvrcak-daruvar.com.hr\/wp-content\/uploads\/2023\/10\/m_20231016_081520-rotated.jpg\" data-link=\"http:\/\/cvrcak-daruvar.com.hr\/?attachment_id=7374\" class=\"wp-image-7374\" srcset=\"http:\/\/cvrcak-daruvar.com.hr\/wp-content\/uploads\/2023\/10\/m_20231016_081520-rotated.jpg 450w, http:\/\/cvrcak-daruvar.com.hr\/wp-content\/uploads\/2023\/10\/m_20231016_081520-225x300.jpg 225w\" sizes=\"(max-width: 450px) 100vw, 450px\" \/><\/a><\/figure><\/li><li class=\"blocks-gallery-item\"><figure><a href=\"http:\/\/cvrcak-daruvar.com.hr\/wp-content\/uploads\/2023\/10\/m_20231016_084135-rotated.jpg\" class=\"gallery_colorbox\"><img decoding=\"async\" loading=\"lazy\" width=\"450\" height=\"600\" src=\"http:\/\/cvrcak-daruvar.com.hr\/wp-content\/uploads\/2023\/10\/m_20231016_084135-rotated.jpg\"  alt=\"\" data-id=\"7375\" data-full-url=\"http:\/\/cvrcak-daruvar.com.hr\/wp-content\/uploads\/2023\/10\/m_20231016_084135-rotated.jpg\" data-link=\"http:\/\/cvrcak-daruvar.com.hr\/?attachment_id=7375\" class=\"wp-image-7375\" srcset=\"http:\/\/cvrcak-daruvar.com.hr\/wp-content\/uploads\/2023\/10\/m_20231016_084135-rotated.jpg 450w, http:\/\/cvrcak-daruvar.com.hr\/wp-content\/uploads\/2023\/10\/m_20231016_084135-225x300.jpg 225w\" sizes=\"(max-width: 450px) 100vw, 450px\" \/><\/a><\/figure><\/li><li class=\"blocks-gallery-item\"><figure><a href=\"http:\/\/cvrcak-daruvar.com.hr\/wp-content\/uploads\/2023\/10\/m_20231016_084142.jpg\" class=\"gallery_colorbox\"><img decoding=\"async\" loading=\"lazy\" width=\"600\" height=\"450\" src=\"http:\/\/cvrcak-daruvar.com.hr\/wp-content\/uploads\/2023\/10\/m_20231016_084142.jpg\"  alt=\"\" data-id=\"7376\" data-full-url=\"http:\/\/cvrcak-daruvar.com.hr\/wp-content\/uploads\/2023\/10\/m_20231016_084142.jpg\" data-link=\"http:\/\/cvrcak-daruvar.com.hr\/?attachment_id=7376\" class=\"wp-image-7376\" srcset=\"http:\/\/cvrcak-daruvar.com.hr\/wp-content\/uploads\/2023\/10\/m_20231016_084142.jpg 600w, http:\/\/cvrcak-daruvar.com.hr\/wp-content\/uploads\/2023\/10\/m_20231016_084142-300x225.jpg 300w\" sizes=\"(max-width: 600px) 100vw, 600px\" \/><\/a><\/figure><\/li><li class=\"blocks-gallery-item\"><figure><a href=\"http:\/\/cvrcak-daruvar.com.hr\/wp-content\/uploads\/2023\/10\/m_20231016_081506-rotated.jpg\" class=\"gallery_colorbox\"><img decoding=\"async\" loading=\"lazy\" width=\"450\" height=\"600\" src=\"http:\/\/cvrcak-daruvar.com.hr\/wp-content\/uploads\/2023\/10\/m_20231016_081506-rotated.jpg\"  alt=\"\" data-id=\"7377\" data-full-url=\"http:\/\/cvrcak-daruvar.com.hr\/wp-content\/uploads\/2023\/10\/m_20231016_081506-rotated.jpg\" data-link=\"http:\/\/cvrcak-daruvar.com.hr\/?attachment_id=7377\" class=\"wp-image-7377\" srcset=\"http:\/\/cvrcak-daruvar.com.hr\/wp-content\/uploads\/2023\/10\/m_20231016_081506-rotated.jpg 450w, http:\/\/cvrcak-daruvar.com.hr\/wp-content\/uploads\/2023\/10\/m_20231016_081506-225x300.jpg 225w\" sizes=\"(max-width: 450px) 100vw, 450px\" \/><\/a><\/figure><\/li><\/ul><\/figure>\n\n\n\n<p><\/p>\n\n\n\n<p><\/p>\n\n\n\n<p><\/p>\n\n\n\n<p><strong>Dani kruha i zahvalnosti za plodove zemlje<\/strong> <\/p>\n\n\n\n<p><\/p>\n\n\n\n<p><strong>Dani kruha i zahvalnosti za plodove zemlje obilje\u017eavaju se svake godine tijekom sredine mjeseca listopada. U\u010denici na\u0161e \u0161kole su sa svojim u\u010diteljicama i u\u010diteljima obilje\u017eili u svom razredu Dane kruha i zahvalnosti za plodove zemlje od 16. listopada do 20. listopada 2023.Vrijedni u\u010denici, uz pomo\u0107 svojih roditelja, svoju su zahvalnost prirodi izrazili ukusnim i mirisnim proizvodima, napravljenih od kruha i peciva sve do kola\u010da i slastica.<\/strong><\/p>\n\n\n\n<p>Pogledajte kako su obilje\u017eili od 1. do 4. razreda.<\/p>\n\n\n\n<p> <a href=\"http:\/\/os-vnazora-daruvar.skole.hr\/?news_hk=1&amp;news_id=9203&amp;mshow=5884#mod_news\"><strong>Dani kruha i zahvalnosti za plodove zemlje<\/strong>  <\/a><\/p>\n","protected":false},"excerpt":{"rendered":"<p>6. e razred Dani kruha i zahvalnosti za plodove zemlje Dani kruha i zahvalnosti za plodove zemlje obilje\u017eavaju se svake godine tijekom sredine mjeseca listopada. U\u010denici na\u0161e \u0161kole su sa svojim u\u010diteljicama i u\u010diteljima obilje\u017eili u svom razredu Dane kruha i zahvalnosti za plodove zemlje od 16. listopada do 20. listopada 2023.Vrijedni u\u010denici, uz pomo\u0107 [&hellip;]<\/p>\n","protected":false},"author":2,"featured_media":0,"parent":0,"menu_order":0,"comment_status":"closed","ping_status":"closed","template":"","meta":[],"_links":{"self":[{"href":"http:\/\/cvrcak-daruvar.com.hr\/index.php?rest_route=\/wp\/v2\/pages\/7371"}],"collection":[{"href":"http:\/\/cvrcak-daruvar.com.hr\/index.php?rest_route=\/wp\/v2\/pages"}],"about":[{"href":"http:\/\/cvrcak-daruvar.com.hr\/index.php?rest_route=\/wp\/v2\/types\/page"}],"author":[{"embeddable":true,"href":"http:\/\/cvrcak-daruvar.com.hr\/index.php?rest_route=\/wp\/v2\/users\/2"}],"replies":[{"embeddable":true,"href":"http:\/\/cvrcak-daruvar.com.hr\/index.php?rest_route=%2Fwp%2Fv2%2Fcomments&post=7371"}],"version-history":[{"count":2,"href":"http:\/\/cvrcak-daruvar.com.hr\/index.php?rest_route=\/wp\/v2\/pages\/7371\/revisions"}],"predecessor-version":[{"id":7778,"href":"http:\/\/cvrcak-daruvar.com.hr\/index.php?rest_route=\/wp\/v2\/pages\/7371\/revisions\/7778"}],"wp:attachment":[{"href":"http:\/\/cvrcak-daruvar.com.hr\/index.php?rest_route=%2Fwp%2Fv2%2Fmedia&parent=7371"}],"curies":[{"name":"wp","href":"https:\/\/api.w.org\/{rel}","templated":true}]}}