{"id":7309,"date":"2023-10-22T18:56:02","date_gmt":"2023-10-22T16:56:02","guid":{"rendered":"http:\/\/cvrcak-daruvar.com.hr\/?page_id=7309"},"modified":"2023-10-22T19:01:52","modified_gmt":"2023-10-22T17:01:52","slug":"cvrcak-2022-2023","status":"publish","type":"page","link":"http:\/\/cvrcak-daruvar.com.hr\/?page_id=7309","title":{"rendered":"CVR\u010cAK 2022.\/2023."},"content":{"rendered":"\n<p><\/p>\n\n\n\n<p><a href=\"http:\/\/cvrcak-daruvar.com.hr\/?page_id=6583\" data-type=\"page\" data-id=\"6583\">Impresum<\/a><\/p>\n\n\n\n<p><a href=\"http:\/\/cvrcak-daruvar.com.hr\/?page_id=7262\" data-type=\"page\" data-id=\"7262\">\u0160kolski kutak<\/a><\/p>\n\n\n\n<p><a href=\"http:\/\/cvrcak-daruvar.com.hr\/?page_id=7051\" data-type=\"page\" data-id=\"7051\">Produ\u017eeni boravak<\/a><\/p>\n\n\n\n<p><a href=\"http:\/\/cvrcak-daruvar.com.hr\/?page_id=7053\" data-type=\"page\" data-id=\"7053\">Novinari<\/a><\/p>\n\n\n\n<p><a href=\"http:\/\/cvrcak-daruvar.com.hr\/?page_id=7055\" data-type=\"page\" data-id=\"7055\">Projekti<\/a><\/p>\n\n\n\n<p><a href=\"http:\/\/cvrcak-daruvar.com.hr\/?page_id=7180\" data-type=\"page\" data-id=\"7180\">Digitalne slikovnice<\/a><\/p>\n\n\n\n<p><a href=\"http:\/\/cvrcak-daruvar.com.hr\/?page_id=7057\" data-type=\"page\" data-id=\"7057\">Literarni kutak<\/a><\/p>\n\n\n\n<p><a href=\"http:\/\/cvrcak-daruvar.com.hr\/?page_id=7059\" data-type=\"page\" data-id=\"7059\">Likovni kutak<\/a><\/p>\n\n\n\n<p><a href=\"http:\/\/cvrcak-daruvar.com.hr\/?page_id=7171\" data-type=\"page\" data-id=\"7171\">Rije\u010d u\u010ditelja<\/a><\/p>\n\n\n\n<p><a href=\"http:\/\/cvrcak-daruvar.com.hr\/?page_id=7061\" data-type=\"page\" data-id=\"7061\">Natjecanja i smotre<\/a><\/p>\n\n\n\n<p><\/p>\n","protected":false},"excerpt":{"rendered":"<p>Impresum \u0160kolski kutak Produ\u017eeni boravak Novinari Projekti Digitalne slikovnice Literarni kutak Likovni kutak Rije\u010d u\u010ditelja Natjecanja i smotre<\/p>\n","protected":false},"author":2,"featured_media":0,"parent":0,"menu_order":0,"comment_status":"closed","ping_status":"closed","template":"","meta":[],"_links":{"self":[{"href":"http:\/\/cvrcak-daruvar.com.hr\/index.php?rest_route=\/wp\/v2\/pages\/7309"}],"collection":[{"href":"http:\/\/cvrcak-daruvar.com.hr\/index.php?rest_route=\/wp\/v2\/pages"}],"about":[{"href":"http:\/\/cvrcak-daruvar.com.hr\/index.php?rest_route=\/wp\/v2\/types\/page"}],"author":[{"embeddable":true,"href":"http:\/\/cvrcak-daruvar.com.hr\/index.php?rest_route=\/wp\/v2\/users\/2"}],"replies":[{"embeddable":true,"href":"http:\/\/cvrcak-daruvar.com.hr\/index.php?rest_route=%2Fwp%2Fv2%2Fcomments&post=7309"}],"version-history":[{"count":3,"href":"http:\/\/cvrcak-daruvar.com.hr\/index.php?rest_route=\/wp\/v2\/pages\/7309\/revisions"}],"predecessor-version":[{"id":7323,"href":"http:\/\/cvrcak-daruvar.com.hr\/index.php?rest_route=\/wp\/v2\/pages\/7309\/revisions\/7323"}],"wp:attachment":[{"href":"http:\/\/cvrcak-daruvar.com.hr\/index.php?rest_route=%2Fwp%2Fv2%2Fmedia&parent=7309"}],"curies":[{"name":"wp","href":"https:\/\/api.w.org\/{rel}","templated":true}]}}