{"id":7262,"date":"2023-10-22T18:36:07","date_gmt":"2023-10-22T16:36:07","guid":{"rendered":"http:\/\/cvrcak-daruvar.com.hr\/?page_id=7262"},"modified":"2023-10-24T23:57:54","modified_gmt":"2023-10-24T21:57:54","slug":"skolska-godina-2022-2023","status":"publish","type":"page","link":"http:\/\/cvrcak-daruvar.com.hr\/?page_id=7262","title":{"rendered":"\u0160kolska godina 2022.\/2023."},"content":{"rendered":"\n<h2 class=\"wp-block-heading\">1. razredi<\/h2>\n\n\n\n<figure class=\"wp-block-image size-full\"><a href=\"http:\/\/cvrcak-daruvar.com.hr\/wp-content\/uploads\/2023\/10\/m_1a.jpg\" class=\"gallery_colorbox\"><img decoding=\"async\" loading=\"lazy\" width=\"500\" height=\"375\" src=\"http:\/\/cvrcak-daruvar.com.hr\/wp-content\/uploads\/2023\/10\/m_1a.jpg\"  alt=\"\" class=\"wp-image-7267\" srcset=\"http:\/\/cvrcak-daruvar.com.hr\/wp-content\/uploads\/2023\/10\/m_1a.jpg 500w, http:\/\/cvrcak-daruvar.com.hr\/wp-content\/uploads\/2023\/10\/m_1a-300x225.jpg 300w\" sizes=\"(max-width: 500px) 100vw, 500px\" \/><\/a><figcaption>1. a<\/figcaption><\/figure>\n\n\n\n<figure class=\"wp-block-image size-full\"><a href=\"http:\/\/cvrcak-daruvar.com.hr\/wp-content\/uploads\/2023\/10\/m_1d.jpg\" class=\"gallery_colorbox\"><img decoding=\"async\" loading=\"lazy\" width=\"500\" height=\"400\" src=\"http:\/\/cvrcak-daruvar.com.hr\/wp-content\/uploads\/2023\/10\/m_1d.jpg\"  alt=\"\" class=\"wp-image-7268\" srcset=\"http:\/\/cvrcak-daruvar.com.hr\/wp-content\/uploads\/2023\/10\/m_1d.jpg 500w, http:\/\/cvrcak-daruvar.com.hr\/wp-content\/uploads\/2023\/10\/m_1d-300x240.jpg 300w\" sizes=\"(max-width: 500px) 100vw, 500px\" \/><\/a><figcaption>1. d<\/figcaption><\/figure>\n\n\n\n<h2 class=\"wp-block-heading\">2. razredi<\/h2>\n\n\n\n<figure class=\"wp-block-image size-full\"><a href=\"http:\/\/cvrcak-daruvar.com.hr\/wp-content\/uploads\/2023\/10\/m_2a.jpg\" class=\"gallery_colorbox\"><img decoding=\"async\" loading=\"lazy\" width=\"500\" height=\"331\" src=\"http:\/\/cvrcak-daruvar.com.hr\/wp-content\/uploads\/2023\/10\/m_2a.jpg\"  alt=\"\" class=\"wp-image-7266\" srcset=\"http:\/\/cvrcak-daruvar.com.hr\/wp-content\/uploads\/2023\/10\/m_2a.jpg 500w, http:\/\/cvrcak-daruvar.com.hr\/wp-content\/uploads\/2023\/10\/m_2a-300x199.jpg 300w\" sizes=\"(max-width: 500px) 100vw, 500px\" \/><\/a><figcaption>2. a<\/figcaption><\/figure>\n\n\n\n<figure class=\"wp-block-image size-full\"><a href=\"http:\/\/cvrcak-daruvar.com.hr\/wp-content\/uploads\/2023\/10\/m_2b.jpg\" class=\"gallery_colorbox\"><img decoding=\"async\" loading=\"lazy\" width=\"500\" height=\"358\" src=\"http:\/\/cvrcak-daruvar.com.hr\/wp-content\/uploads\/2023\/10\/m_2b.jpg\"  alt=\"\" class=\"wp-image-7269\" srcset=\"http:\/\/cvrcak-daruvar.com.hr\/wp-content\/uploads\/2023\/10\/m_2b.jpg 500w, http:\/\/cvrcak-daruvar.com.hr\/wp-content\/uploads\/2023\/10\/m_2b-300x215.jpg 300w\" sizes=\"(max-width: 500px) 100vw, 500px\" \/><\/a><figcaption>2. b<\/figcaption><\/figure>\n\n\n\n<figure class=\"wp-block-image size-full\"><a href=\"http:\/\/cvrcak-daruvar.com.hr\/wp-content\/uploads\/2023\/10\/m_2c.jpg\" class=\"gallery_colorbox\"><img decoding=\"async\" loading=\"lazy\" width=\"377\" height=\"500\" src=\"http:\/\/cvrcak-daruvar.com.hr\/wp-content\/uploads\/2023\/10\/m_2c.jpg\"  alt=\"\" class=\"wp-image-7270\" srcset=\"http:\/\/cvrcak-daruvar.com.hr\/wp-content\/uploads\/2023\/10\/m_2c.jpg 377w, http:\/\/cvrcak-daruvar.com.hr\/wp-content\/uploads\/2023\/10\/m_2c-226x300.jpg 226w\" sizes=\"(max-width: 377px) 100vw, 377px\" \/><\/a><figcaption>2. c<\/figcaption><\/figure>\n\n\n\n<figure class=\"wp-block-image size-full\"><a href=\"http:\/\/cvrcak-daruvar.com.hr\/wp-content\/uploads\/2023\/10\/m_2d.jpg\" class=\"gallery_colorbox\"><img decoding=\"async\" loading=\"lazy\" width=\"500\" height=\"331\" src=\"http:\/\/cvrcak-daruvar.com.hr\/wp-content\/uploads\/2023\/10\/m_2d.jpg\"  alt=\"\" class=\"wp-image-7271\" srcset=\"http:\/\/cvrcak-daruvar.com.hr\/wp-content\/uploads\/2023\/10\/m_2d.jpg 500w, http:\/\/cvrcak-daruvar.com.hr\/wp-content\/uploads\/2023\/10\/m_2d-300x199.jpg 300w\" sizes=\"(max-width: 500px) 100vw, 500px\" \/><\/a><figcaption>2. d<\/figcaption><\/figure>\n\n\n\n<h2 class=\"wp-block-heading\">3. razredi<\/h2>\n\n\n\n<figure class=\"wp-block-image size-full\"><a href=\"http:\/\/cvrcak-daruvar.com.hr\/wp-content\/uploads\/2023\/10\/m_3a.jpg\" class=\"gallery_colorbox\"><img decoding=\"async\" loading=\"lazy\" width=\"500\" height=\"331\" src=\"http:\/\/cvrcak-daruvar.com.hr\/wp-content\/uploads\/2023\/10\/m_3a.jpg\"  alt=\"\" class=\"wp-image-7273\" srcset=\"http:\/\/cvrcak-daruvar.com.hr\/wp-content\/uploads\/2023\/10\/m_3a.jpg 500w, http:\/\/cvrcak-daruvar.com.hr\/wp-content\/uploads\/2023\/10\/m_3a-300x199.jpg 300w\" sizes=\"(max-width: 500px) 100vw, 500px\" \/><\/a><figcaption>3. a<\/figcaption><\/figure>\n\n\n\n<figure class=\"wp-block-image size-full\"><a href=\"http:\/\/cvrcak-daruvar.com.hr\/wp-content\/uploads\/2023\/10\/m_3b-1-rotated.jpg\" class=\"gallery_colorbox\"><img decoding=\"async\" loading=\"lazy\" width=\"500\" height=\"375\" src=\"http:\/\/cvrcak-daruvar.com.hr\/wp-content\/uploads\/2023\/10\/m_3b-1-rotated.jpg\"  alt=\"\" class=\"wp-image-7276\" srcset=\"http:\/\/cvrcak-daruvar.com.hr\/wp-content\/uploads\/2023\/10\/m_3b-1-rotated.jpg 500w, http:\/\/cvrcak-daruvar.com.hr\/wp-content\/uploads\/2023\/10\/m_3b-1-300x225.jpg 300w\" sizes=\"(max-width: 500px) 100vw, 500px\" \/><\/a><figcaption>3. b<\/figcaption><\/figure>\n\n\n\n<figure class=\"wp-block-image size-full\"><a href=\"http:\/\/cvrcak-daruvar.com.hr\/wp-content\/uploads\/2023\/10\/m_3c.jpg\" class=\"gallery_colorbox\"><img decoding=\"async\" loading=\"lazy\" width=\"500\" height=\"333\" src=\"http:\/\/cvrcak-daruvar.com.hr\/wp-content\/uploads\/2023\/10\/m_3c.jpg\"  alt=\"\" class=\"wp-image-7277\" srcset=\"http:\/\/cvrcak-daruvar.com.hr\/wp-content\/uploads\/2023\/10\/m_3c.jpg 500w, http:\/\/cvrcak-daruvar.com.hr\/wp-content\/uploads\/2023\/10\/m_3c-300x200.jpg 300w\" sizes=\"(max-width: 500px) 100vw, 500px\" \/><\/a><figcaption>3. c<\/figcaption><\/figure>\n\n\n\n<figure class=\"wp-block-image size-full\"><a href=\"http:\/\/cvrcak-daruvar.com.hr\/wp-content\/uploads\/2023\/10\/m_3d.jpg\" class=\"gallery_colorbox\"><img decoding=\"async\" loading=\"lazy\" width=\"600\" height=\"450\" src=\"http:\/\/cvrcak-daruvar.com.hr\/wp-content\/uploads\/2023\/10\/m_3d.jpg\"  alt=\"\" class=\"wp-image-7389\" srcset=\"http:\/\/cvrcak-daruvar.com.hr\/wp-content\/uploads\/2023\/10\/m_3d.jpg 600w, http:\/\/cvrcak-daruvar.com.hr\/wp-content\/uploads\/2023\/10\/m_3d-300x225.jpg 300w\" sizes=\"(max-width: 600px) 100vw, 600px\" \/><\/a><figcaption>3. d<\/figcaption><\/figure>\n\n\n\n<h2 class=\"wp-block-heading\">4. razredi<\/h2>\n\n\n\n<figure class=\"wp-block-image size-full\"><a href=\"http:\/\/cvrcak-daruvar.com.hr\/wp-content\/uploads\/2023\/10\/m_4a.jpg\" class=\"gallery_colorbox\"><img decoding=\"async\" loading=\"lazy\" width=\"500\" height=\"333\" src=\"http:\/\/cvrcak-daruvar.com.hr\/wp-content\/uploads\/2023\/10\/m_4a.jpg\"  alt=\"\" class=\"wp-image-7278\" srcset=\"http:\/\/cvrcak-daruvar.com.hr\/wp-content\/uploads\/2023\/10\/m_4a.jpg 500w, http:\/\/cvrcak-daruvar.com.hr\/wp-content\/uploads\/2023\/10\/m_4a-300x200.jpg 300w\" sizes=\"(max-width: 500px) 100vw, 500px\" \/><\/a><figcaption>4. a<\/figcaption><\/figure>\n\n\n\n<figure class=\"wp-block-image size-full\"><a href=\"http:\/\/cvrcak-daruvar.com.hr\/wp-content\/uploads\/2023\/10\/m_4b.jpg\" class=\"gallery_colorbox\"><img decoding=\"async\" loading=\"lazy\" width=\"500\" height=\"281\" src=\"http:\/\/cvrcak-daruvar.com.hr\/wp-content\/uploads\/2023\/10\/m_4b.jpg\"  alt=\"\" class=\"wp-image-7279\" srcset=\"http:\/\/cvrcak-daruvar.com.hr\/wp-content\/uploads\/2023\/10\/m_4b.jpg 500w, http:\/\/cvrcak-daruvar.com.hr\/wp-content\/uploads\/2023\/10\/m_4b-300x169.jpg 300w\" sizes=\"(max-width: 500px) 100vw, 500px\" \/><\/a><figcaption>4. b<\/figcaption><\/figure>\n\n\n\n<figure class=\"wp-block-image size-full\"><a href=\"http:\/\/cvrcak-daruvar.com.hr\/wp-content\/uploads\/2023\/10\/m_4c-rotated.jpg\" class=\"gallery_colorbox\"><img decoding=\"async\" loading=\"lazy\" width=\"375\" height=\"500\" src=\"http:\/\/cvrcak-daruvar.com.hr\/wp-content\/uploads\/2023\/10\/m_4c-rotated.jpg\"  alt=\"\" class=\"wp-image-7280\" srcset=\"http:\/\/cvrcak-daruvar.com.hr\/wp-content\/uploads\/2023\/10\/m_4c-rotated.jpg 375w, http:\/\/cvrcak-daruvar.com.hr\/wp-content\/uploads\/2023\/10\/m_4c-225x300.jpg 225w\" sizes=\"(max-width: 375px) 100vw, 375px\" \/><\/a><figcaption>4. c<\/figcaption><\/figure>\n\n\n\n<figure class=\"wp-block-image size-full\"><a href=\"http:\/\/cvrcak-daruvar.com.hr\/wp-content\/uploads\/2023\/10\/m_4d.jpg\" class=\"gallery_colorbox\"><img decoding=\"async\" loading=\"lazy\" width=\"500\" height=\"375\" src=\"http:\/\/cvrcak-daruvar.com.hr\/wp-content\/uploads\/2023\/10\/m_4d.jpg\"  alt=\"\" class=\"wp-image-7281\" srcset=\"http:\/\/cvrcak-daruvar.com.hr\/wp-content\/uploads\/2023\/10\/m_4d.jpg 500w, http:\/\/cvrcak-daruvar.com.hr\/wp-content\/uploads\/2023\/10\/m_4d-300x225.jpg 300w\" sizes=\"(max-width: 500px) 100vw, 500px\" \/><\/a><figcaption>4. d<\/figcaption><\/figure>\n\n\n\n<h2 class=\"wp-block-heading\">5. razredi<\/h2>\n\n\n\n<figure class=\"wp-block-image size-full\"><a href=\"http:\/\/cvrcak-daruvar.com.hr\/wp-content\/uploads\/2023\/10\/m_5a.jpg\" class=\"gallery_colorbox\"><img decoding=\"async\" loading=\"lazy\" width=\"500\" height=\"375\" src=\"http:\/\/cvrcak-daruvar.com.hr\/wp-content\/uploads\/2023\/10\/m_5a.jpg\"  alt=\"\" class=\"wp-image-7283\" srcset=\"http:\/\/cvrcak-daruvar.com.hr\/wp-content\/uploads\/2023\/10\/m_5a.jpg 500w, http:\/\/cvrcak-daruvar.com.hr\/wp-content\/uploads\/2023\/10\/m_5a-300x225.jpg 300w\" sizes=\"(max-width: 500px) 100vw, 500px\" \/><\/a><figcaption>5. a<\/figcaption><\/figure>\n\n\n\n<figure class=\"wp-block-image size-full\"><a href=\"http:\/\/cvrcak-daruvar.com.hr\/wp-content\/uploads\/2023\/10\/m_5-b-2022-2023.jpg\" class=\"gallery_colorbox\"><img decoding=\"async\" loading=\"lazy\" width=\"600\" height=\"400\" src=\"http:\/\/cvrcak-daruvar.com.hr\/wp-content\/uploads\/2023\/10\/m_5-b-2022-2023.jpg\"  alt=\"\" class=\"wp-image-7393\" srcset=\"http:\/\/cvrcak-daruvar.com.hr\/wp-content\/uploads\/2023\/10\/m_5-b-2022-2023.jpg 600w, http:\/\/cvrcak-daruvar.com.hr\/wp-content\/uploads\/2023\/10\/m_5-b-2022-2023-300x200.jpg 300w\" sizes=\"(max-width: 600px) 100vw, 600px\" \/><\/a><figcaption>5, b<\/figcaption><\/figure>\n\n\n\n<figure class=\"wp-block-image size-full\"><a href=\"http:\/\/cvrcak-daruvar.com.hr\/wp-content\/uploads\/2023\/10\/m_5d.jpg\" class=\"gallery_colorbox\"><img decoding=\"async\" loading=\"lazy\" width=\"500\" height=\"333\" src=\"http:\/\/cvrcak-daruvar.com.hr\/wp-content\/uploads\/2023\/10\/m_5d.jpg\"  alt=\"\" class=\"wp-image-7285\" srcset=\"http:\/\/cvrcak-daruvar.com.hr\/wp-content\/uploads\/2023\/10\/m_5d.jpg 500w, http:\/\/cvrcak-daruvar.com.hr\/wp-content\/uploads\/2023\/10\/m_5d-300x200.jpg 300w\" sizes=\"(max-width: 500px) 100vw, 500px\" \/><\/a><figcaption>5. d<\/figcaption><\/figure>\n\n\n\n<figure class=\"wp-block-image size-full\"><a href=\"http:\/\/cvrcak-daruvar.com.hr\/wp-content\/uploads\/2023\/10\/m_5e.jpg\" class=\"gallery_colorbox\"><img decoding=\"async\" loading=\"lazy\" width=\"500\" height=\"333\" src=\"http:\/\/cvrcak-daruvar.com.hr\/wp-content\/uploads\/2023\/10\/m_5e.jpg\"  alt=\"\" class=\"wp-image-7286\" srcset=\"http:\/\/cvrcak-daruvar.com.hr\/wp-content\/uploads\/2023\/10\/m_5e.jpg 500w, http:\/\/cvrcak-daruvar.com.hr\/wp-content\/uploads\/2023\/10\/m_5e-300x200.jpg 300w\" sizes=\"(max-width: 500px) 100vw, 500px\" \/><\/a><figcaption>5. e<\/figcaption><\/figure>\n\n\n\n<h2 class=\"wp-block-heading\">6. razredi<\/h2>\n\n\n\n<figure class=\"wp-block-image size-full\"><a href=\"http:\/\/cvrcak-daruvar.com.hr\/wp-content\/uploads\/2023\/10\/m_6a.jpg\" class=\"gallery_colorbox\"><img decoding=\"async\" loading=\"lazy\" width=\"500\" height=\"375\" src=\"http:\/\/cvrcak-daruvar.com.hr\/wp-content\/uploads\/2023\/10\/m_6a.jpg\"  alt=\"\" class=\"wp-image-7288\" srcset=\"http:\/\/cvrcak-daruvar.com.hr\/wp-content\/uploads\/2023\/10\/m_6a.jpg 500w, http:\/\/cvrcak-daruvar.com.hr\/wp-content\/uploads\/2023\/10\/m_6a-300x225.jpg 300w\" sizes=\"(max-width: 500px) 100vw, 500px\" \/><\/a><figcaption>6. a<\/figcaption><\/figure>\n\n\n\n<figure class=\"wp-block-image size-full\"><a href=\"http:\/\/cvrcak-daruvar.com.hr\/wp-content\/uploads\/2023\/10\/m_5b.jpg\" class=\"gallery_colorbox\"><img decoding=\"async\" loading=\"lazy\" width=\"500\" height=\"333\" src=\"http:\/\/cvrcak-daruvar.com.hr\/wp-content\/uploads\/2023\/10\/m_5b.jpg\"  alt=\"\" class=\"wp-image-7284\" srcset=\"http:\/\/cvrcak-daruvar.com.hr\/wp-content\/uploads\/2023\/10\/m_5b.jpg 500w, http:\/\/cvrcak-daruvar.com.hr\/wp-content\/uploads\/2023\/10\/m_5b-300x200.jpg 300w\" sizes=\"(max-width: 500px) 100vw, 500px\" \/><\/a><figcaption>6. b<\/figcaption><\/figure>\n\n\n\n<figure class=\"wp-block-image size-full\"><a href=\"http:\/\/cvrcak-daruvar.com.hr\/wp-content\/uploads\/2023\/10\/m_6d.jpg\" class=\"gallery_colorbox\"><img decoding=\"async\" loading=\"lazy\" width=\"500\" height=\"375\" src=\"http:\/\/cvrcak-daruvar.com.hr\/wp-content\/uploads\/2023\/10\/m_6d.jpg\"  alt=\"\" class=\"wp-image-7289\" srcset=\"http:\/\/cvrcak-daruvar.com.hr\/wp-content\/uploads\/2023\/10\/m_6d.jpg 500w, http:\/\/cvrcak-daruvar.com.hr\/wp-content\/uploads\/2023\/10\/m_6d-300x225.jpg 300w\" sizes=\"(max-width: 500px) 100vw, 500px\" \/><\/a><figcaption>6. d<\/figcaption><\/figure>\n\n\n\n<figure class=\"wp-block-image size-full\"><a href=\"http:\/\/cvrcak-daruvar.com.hr\/wp-content\/uploads\/2023\/10\/m_6e.jpg\" class=\"gallery_colorbox\"><img decoding=\"async\" loading=\"lazy\" width=\"500\" height=\"375\" src=\"http:\/\/cvrcak-daruvar.com.hr\/wp-content\/uploads\/2023\/10\/m_6e.jpg\"  alt=\"\" class=\"wp-image-7290\" srcset=\"http:\/\/cvrcak-daruvar.com.hr\/wp-content\/uploads\/2023\/10\/m_6e.jpg 500w, http:\/\/cvrcak-daruvar.com.hr\/wp-content\/uploads\/2023\/10\/m_6e-300x225.jpg 300w\" sizes=\"(max-width: 500px) 100vw, 500px\" \/><\/a><figcaption>6. e<\/figcaption><\/figure>\n\n\n\n<h2 class=\"wp-block-heading\">7. razredi<\/h2>\n\n\n\n<figure class=\"wp-block-image size-full\"><a href=\"http:\/\/cvrcak-daruvar.com.hr\/wp-content\/uploads\/2023\/10\/m_7a.jpg\" class=\"gallery_colorbox\"><img decoding=\"async\" loading=\"lazy\" width=\"600\" height=\"450\" src=\"http:\/\/cvrcak-daruvar.com.hr\/wp-content\/uploads\/2023\/10\/m_7a.jpg\"  alt=\"\" class=\"wp-image-7394\" srcset=\"http:\/\/cvrcak-daruvar.com.hr\/wp-content\/uploads\/2023\/10\/m_7a.jpg 600w, http:\/\/cvrcak-daruvar.com.hr\/wp-content\/uploads\/2023\/10\/m_7a-300x225.jpg 300w\" sizes=\"(max-width: 600px) 100vw, 600px\" \/><\/a><figcaption>7. a<\/figcaption><\/figure>\n\n\n\n<figure class=\"wp-block-image size-full\"><a href=\"http:\/\/cvrcak-daruvar.com.hr\/wp-content\/uploads\/2023\/10\/m_7b.jpg\" class=\"gallery_colorbox\"><img decoding=\"async\" loading=\"lazy\" width=\"500\" height=\"336\" src=\"http:\/\/cvrcak-daruvar.com.hr\/wp-content\/uploads\/2023\/10\/m_7b.jpg\"  alt=\"\" class=\"wp-image-7292\" srcset=\"http:\/\/cvrcak-daruvar.com.hr\/wp-content\/uploads\/2023\/10\/m_7b.jpg 500w, http:\/\/cvrcak-daruvar.com.hr\/wp-content\/uploads\/2023\/10\/m_7b-300x202.jpg 300w\" sizes=\"(max-width: 500px) 100vw, 500px\" \/><\/a><figcaption>7. b<\/figcaption><\/figure>\n\n\n\n<figure class=\"wp-block-image size-full\"><a href=\"http:\/\/cvrcak-daruvar.com.hr\/wp-content\/uploads\/2023\/10\/m_7d-rotated.jpg\" class=\"gallery_colorbox\"><img decoding=\"async\" loading=\"lazy\" width=\"375\" height=\"500\" src=\"http:\/\/cvrcak-daruvar.com.hr\/wp-content\/uploads\/2023\/10\/m_7d-rotated.jpg\"  alt=\"\" class=\"wp-image-7293\" srcset=\"http:\/\/cvrcak-daruvar.com.hr\/wp-content\/uploads\/2023\/10\/m_7d-rotated.jpg 375w, http:\/\/cvrcak-daruvar.com.hr\/wp-content\/uploads\/2023\/10\/m_7d-225x300.jpg 225w\" sizes=\"(max-width: 375px) 100vw, 375px\" \/><\/a><figcaption>7. d<\/figcaption><\/figure>\n\n\n\n<figure class=\"wp-block-image size-full\"><a href=\"http:\/\/cvrcak-daruvar.com.hr\/wp-content\/uploads\/2023\/10\/m_7e.jpg\" class=\"gallery_colorbox\"><img decoding=\"async\" loading=\"lazy\" width=\"500\" height=\"375\" src=\"http:\/\/cvrcak-daruvar.com.hr\/wp-content\/uploads\/2023\/10\/m_7e.jpg\"  alt=\"\" class=\"wp-image-7294\" srcset=\"http:\/\/cvrcak-daruvar.com.hr\/wp-content\/uploads\/2023\/10\/m_7e.jpg 500w, http:\/\/cvrcak-daruvar.com.hr\/wp-content\/uploads\/2023\/10\/m_7e-300x225.jpg 300w\" sizes=\"(max-width: 500px) 100vw, 500px\" \/><\/a><figcaption>7. e<\/figcaption><\/figure>\n\n\n\n<h2 class=\"wp-block-heading\">8. razredi<\/h2>\n\n\n\n<figure class=\"wp-block-image size-full\"><a href=\"http:\/\/cvrcak-daruvar.com.hr\/wp-content\/uploads\/2023\/10\/m_8a.jpg\" class=\"gallery_colorbox\"><img decoding=\"async\" loading=\"lazy\" width=\"600\" height=\"400\" src=\"http:\/\/cvrcak-daruvar.com.hr\/wp-content\/uploads\/2023\/10\/m_8a.jpg\"  alt=\"\" class=\"wp-image-7295\" srcset=\"http:\/\/cvrcak-daruvar.com.hr\/wp-content\/uploads\/2023\/10\/m_8a.jpg 600w, http:\/\/cvrcak-daruvar.com.hr\/wp-content\/uploads\/2023\/10\/m_8a-300x200.jpg 300w\" sizes=\"(max-width: 600px) 100vw, 600px\" \/><\/a><figcaption>8. a<\/figcaption><\/figure>\n\n\n\n<figure class=\"wp-block-image size-full\"><a href=\"http:\/\/cvrcak-daruvar.com.hr\/wp-content\/uploads\/2023\/10\/m_8b.jpg\" class=\"gallery_colorbox\"><img decoding=\"async\" loading=\"lazy\" width=\"500\" height=\"375\" src=\"http:\/\/cvrcak-daruvar.com.hr\/wp-content\/uploads\/2023\/10\/m_8b.jpg\"  alt=\"\" class=\"wp-image-7296\" srcset=\"http:\/\/cvrcak-daruvar.com.hr\/wp-content\/uploads\/2023\/10\/m_8b.jpg 500w, http:\/\/cvrcak-daruvar.com.hr\/wp-content\/uploads\/2023\/10\/m_8b-300x225.jpg 300w\" sizes=\"(max-width: 500px) 100vw, 500px\" \/><\/a><figcaption>8. b<\/figcaption><\/figure>\n\n\n\n<figure class=\"wp-block-image size-full\"><a href=\"http:\/\/cvrcak-daruvar.com.hr\/wp-content\/uploads\/2023\/10\/m_8c.jpg\" class=\"gallery_colorbox\"><img decoding=\"async\" loading=\"lazy\" width=\"600\" height=\"450\" src=\"http:\/\/cvrcak-daruvar.com.hr\/wp-content\/uploads\/2023\/10\/m_8c.jpg\"  alt=\"\" class=\"wp-image-7349\" srcset=\"http:\/\/cvrcak-daruvar.com.hr\/wp-content\/uploads\/2023\/10\/m_8c.jpg 600w, http:\/\/cvrcak-daruvar.com.hr\/wp-content\/uploads\/2023\/10\/m_8c-300x225.jpg 300w\" sizes=\"(max-width: 600px) 100vw, 600px\" \/><\/a><figcaption>8. c<\/figcaption><\/figure>\n\n\n\n<figure class=\"wp-block-image size-full\"><a href=\"http:\/\/cvrcak-daruvar.com.hr\/wp-content\/uploads\/2023\/10\/m_8d-rotated.jpg\" class=\"gallery_colorbox\"><img decoding=\"async\" loading=\"lazy\" width=\"500\" height=\"375\" src=\"http:\/\/cvrcak-daruvar.com.hr\/wp-content\/uploads\/2023\/10\/m_8d-rotated.jpg\"  alt=\"\" class=\"wp-image-7297\" srcset=\"http:\/\/cvrcak-daruvar.com.hr\/wp-content\/uploads\/2023\/10\/m_8d-rotated.jpg 500w, http:\/\/cvrcak-daruvar.com.hr\/wp-content\/uploads\/2023\/10\/m_8d-300x225.jpg 300w\" sizes=\"(max-width: 500px) 100vw, 500px\" \/><\/a><figcaption>8. d<\/figcaption><\/figure>\n\n\n\n<figure class=\"wp-block-image size-full\"><a href=\"http:\/\/cvrcak-daruvar.com.hr\/wp-content\/uploads\/2023\/10\/m_8e.jpg\" class=\"gallery_colorbox\"><img decoding=\"async\" loading=\"lazy\" width=\"500\" height=\"375\" src=\"http:\/\/cvrcak-daruvar.com.hr\/wp-content\/uploads\/2023\/10\/m_8e.jpg\"  alt=\"\" class=\"wp-image-7298\" srcset=\"http:\/\/cvrcak-daruvar.com.hr\/wp-content\/uploads\/2023\/10\/m_8e.jpg 500w, http:\/\/cvrcak-daruvar.com.hr\/wp-content\/uploads\/2023\/10\/m_8e-300x225.jpg 300w\" sizes=\"(max-width: 500px) 100vw, 500px\" \/><\/a><figcaption>8. e<\/figcaption><\/figure>\n\n\n\n<h2 class=\"wp-block-heading\">Podru\u010dne \u0161kole<\/h2>\n\n\n\n<h2 class=\"wp-block-heading\">P\u0160 Ivanovo Polje<\/h2>\n\n\n\n<figure class=\"wp-block-image size-full\"><a href=\"http:\/\/cvrcak-daruvar.com.hr\/wp-content\/uploads\/2023\/10\/m_PS-IP.jpg\" class=\"gallery_colorbox\"><img decoding=\"async\" loading=\"lazy\" width=\"375\" height=\"500\" src=\"http:\/\/cvrcak-daruvar.com.hr\/wp-content\/uploads\/2023\/10\/m_PS-IP.jpg\"  alt=\"\" class=\"wp-image-7300\" srcset=\"http:\/\/cvrcak-daruvar.com.hr\/wp-content\/uploads\/2023\/10\/m_PS-IP.jpg 375w, http:\/\/cvrcak-daruvar.com.hr\/wp-content\/uploads\/2023\/10\/m_PS-IP-225x300.jpg 225w\" sizes=\"(max-width: 375px) 100vw, 375px\" \/><\/a><\/figure>\n\n\n\n<h2 class=\"wp-block-heading\">P\u0160 Gornji Daruvar<\/h2>\n\n\n\n<figure class=\"wp-block-image size-full\"><a href=\"http:\/\/cvrcak-daruvar.com.hr\/wp-content\/uploads\/2023\/10\/m_PS-GD.jpg\" class=\"gallery_colorbox\"><img decoding=\"async\" loading=\"lazy\" width=\"500\" height=\"377\" src=\"http:\/\/cvrcak-daruvar.com.hr\/wp-content\/uploads\/2023\/10\/m_PS-GD.jpg\"  alt=\"\" class=\"wp-image-7301\" srcset=\"http:\/\/cvrcak-daruvar.com.hr\/wp-content\/uploads\/2023\/10\/m_PS-GD.jpg 500w, http:\/\/cvrcak-daruvar.com.hr\/wp-content\/uploads\/2023\/10\/m_PS-GD-300x226.jpg 300w\" sizes=\"(max-width: 500px) 100vw, 500px\" \/><\/a><\/figure>\n\n\n\n<h2 class=\"wp-block-heading\">P\u0160 Doljani<\/h2>\n\n\n\n<figure class=\"wp-block-image size-full\"><a href=\"http:\/\/cvrcak-daruvar.com.hr\/wp-content\/uploads\/2023\/10\/m_PS-D1.jpg\" class=\"gallery_colorbox\"><img decoding=\"async\" loading=\"lazy\" width=\"500\" height=\"281\" src=\"http:\/\/cvrcak-daruvar.com.hr\/wp-content\/uploads\/2023\/10\/m_PS-D1.jpg\"  alt=\"\" class=\"wp-image-7302\" srcset=\"http:\/\/cvrcak-daruvar.com.hr\/wp-content\/uploads\/2023\/10\/m_PS-D1.jpg 500w, http:\/\/cvrcak-daruvar.com.hr\/wp-content\/uploads\/2023\/10\/m_PS-D1-300x169.jpg 300w\" sizes=\"(max-width: 500px) 100vw, 500px\" \/><\/a><\/figure>\n\n\n\n<h2 class=\"wp-block-heading\">P\u0160 Gornji Sre\u0111ani<\/h2>\n\n\n\n<figure class=\"wp-block-image size-full\"><a href=\"http:\/\/cvrcak-daruvar.com.hr\/wp-content\/uploads\/2023\/10\/m_PS-GS.jpg\" class=\"gallery_colorbox\"><img decoding=\"async\" loading=\"lazy\" width=\"282\" height=\"500\" src=\"http:\/\/cvrcak-daruvar.com.hr\/wp-content\/uploads\/2023\/10\/m_PS-GS.jpg\"  alt=\"\" class=\"wp-image-7303\" srcset=\"http:\/\/cvrcak-daruvar.com.hr\/wp-content\/uploads\/2023\/10\/m_PS-GS.jpg 282w, http:\/\/cvrcak-daruvar.com.hr\/wp-content\/uploads\/2023\/10\/m_PS-GS-169x300.jpg 169w\" sizes=\"(max-width: 282px) 100vw, 282px\" \/><\/a><\/figure>\n\n\n\n<h2 class=\"wp-block-heading\">P\u0160 Batinjani<\/h2>\n\n\n\n<figure class=\"wp-block-image size-full\"><a href=\"http:\/\/cvrcak-daruvar.com.hr\/wp-content\/uploads\/2023\/10\/m_PS-B-3.jpg\" class=\"gallery_colorbox\"><img decoding=\"async\" loading=\"lazy\" width=\"375\" height=\"500\" src=\"http:\/\/cvrcak-daruvar.com.hr\/wp-content\/uploads\/2023\/10\/m_PS-B-3.jpg\"  alt=\"\" class=\"wp-image-7304\" srcset=\"http:\/\/cvrcak-daruvar.com.hr\/wp-content\/uploads\/2023\/10\/m_PS-B-3.jpg 375w, http:\/\/cvrcak-daruvar.com.hr\/wp-content\/uploads\/2023\/10\/m_PS-B-3-225x300.jpg 225w\" sizes=\"(max-width: 375px) 100vw, 375px\" \/><\/a><\/figure>\n","protected":false},"excerpt":{"rendered":"<p>1. razredi 2. razredi 3. razredi 4. razredi 5. razredi 6. razredi 7. razredi 8. razredi Podru\u010dne \u0161kole P\u0160 Ivanovo Polje P\u0160 Gornji Daruvar P\u0160 Doljani P\u0160 Gornji Sre\u0111ani P\u0160 Batinjani<\/p>\n","protected":false},"author":2,"featured_media":0,"parent":0,"menu_order":0,"comment_status":"closed","ping_status":"closed","template":"","meta":[],"_links":{"self":[{"href":"http:\/\/cvrcak-daruvar.com.hr\/index.php?rest_route=\/wp\/v2\/pages\/7262"}],"collection":[{"href":"http:\/\/cvrcak-daruvar.com.hr\/index.php?rest_route=\/wp\/v2\/pages"}],"about":[{"href":"http:\/\/cvrcak-daruvar.com.hr\/index.php?rest_route=\/wp\/v2\/types\/page"}],"author":[{"embeddable":true,"href":"http:\/\/cvrcak-daruvar.com.hr\/index.php?rest_route=\/wp\/v2\/users\/2"}],"replies":[{"embeddable":true,"href":"http:\/\/cvrcak-daruvar.com.hr\/index.php?rest_route=%2Fwp%2Fv2%2Fcomments&post=7262"}],"version-history":[{"count":12,"href":"http:\/\/cvrcak-daruvar.com.hr\/index.php?rest_route=\/wp\/v2\/pages\/7262\/revisions"}],"predecessor-version":[{"id":7397,"href":"http:\/\/cvrcak-daruvar.com.hr\/index.php?rest_route=\/wp\/v2\/pages\/7262\/revisions\/7397"}],"wp:attachment":[{"href":"http:\/\/cvrcak-daruvar.com.hr\/index.php?rest_route=%2Fwp%2Fv2%2Fmedia&parent=7262"}],"curies":[{"name":"wp","href":"https:\/\/api.w.org\/{rel}","templated":true}]}}