{"id":7251,"date":"2023-06-30T07:57:46","date_gmt":"2023-06-30T05:57:46","guid":{"rendered":"http:\/\/cvrcak-daruvar.com.hr\/?page_id=7251"},"modified":"2023-06-30T08:22:49","modified_gmt":"2023-06-30T06:22:49","slug":"intervju-s-uciteljicom-alenkom-njegovac-dobitnicom-prestizne-nagrade-faust-vrancic","status":"publish","type":"page","link":"http:\/\/cvrcak-daruvar.com.hr\/?page_id=7251","title":{"rendered":"INTERVJU S U\u010cITELJICOM ALENKOM NJEGOVAC, DOBITNICOM PRESTI\u017dNE NAGRADE FAUST VRAN\u010cI\u0106"},"content":{"rendered":"\n<h2 class=\"wp-block-heading\"><strong>Tehnologija je pozitivna, ali je va\u017eno znati kako se njome koristiti.<\/strong><\/h2>\n\n\n\n<p><em>Alenka Njegovac u\u010diteljica je Tehni\u010dke kulture i Informatike u na\u0161oj \u0161koli gdje u neposrednom radu s u\u010denicima radi ve\u0107 trideset godina. No, to nije sve. U\u010diteljica Alenka aktivno sura\u0111uje s brojnim udrugama, organizira i sudjeluje u projektima na \u0161kolskoj i gradskoj te \u017eupanijskoj i dr\u017eavnoj razini te poti\u010de mlade, ali i one starije na aktivan i kriti\u010dan pristup tehnologiji. Dobitnica je brojnih nagrada, a najvi\u0161e se ponosi nagradom Faust Vran\u010di\u0107.<\/em><\/p>\n\n\n\n<figure class=\"wp-block-image size-large is-resized is-style-default\"><a href=\"http:\/\/cvrcak-daruvar.com.hr\/wp-content\/uploads\/2023\/06\/IN-2-scaled.jpg\" class=\"gallery_colorbox\"><img decoding=\"async\" loading=\"lazy\" src=\"http:\/\/cvrcak-daruvar.com.hr\/wp-content\/uploads\/2023\/06\/IN-2-1024x577.jpg\"  alt=\"\" class=\"wp-image-7252\" width=\"1024\" height=\"577\" srcset=\"http:\/\/cvrcak-daruvar.com.hr\/wp-content\/uploads\/2023\/06\/IN-2-1024x577.jpg 1024w, http:\/\/cvrcak-daruvar.com.hr\/wp-content\/uploads\/2023\/06\/IN-2-300x169.jpg 300w, http:\/\/cvrcak-daruvar.com.hr\/wp-content\/uploads\/2023\/06\/IN-2-768x432.jpg 768w, http:\/\/cvrcak-daruvar.com.hr\/wp-content\/uploads\/2023\/06\/IN-2-1536x865.jpg 1536w, http:\/\/cvrcak-daruvar.com.hr\/wp-content\/uploads\/2023\/06\/IN-2-2048x1153.jpg 2048w\" sizes=\"(max-width: 1024px) 100vw, 1024px\" \/><\/a><\/figure>\n\n\n\n<p><strong>Tko Vas je nominirao za nagradu Faust Vran\u010di\u0107 i \u0161to za Vas ta nagrada zna\u010di?<\/strong><\/p>\n\n\n\n<p>&#8211; Za ovu nagradu me je nominirala Zajednica tehni\u010dke kulture grada Daruvara. Aktivna sam u zajednici prvenstveno kao \u010dlanica Foto film kluba Daruvar. Upravo radimo na velikome projektu pod nazivom <em>STEM-iziraj se i educiraj<\/em> gdje organiziram i osmi\u0161ljavam radionice. Pazim da sve ide svojim tokom. Nagrada mi jako puno zna\u010di. To je priznanje za moj rad, za ono \u0161to sam do danas u tehnici napravila.<\/p>\n\n\n\n<p><strong>Koja su se Va\u0161a postignu\u0107a vrednovala pri dodjeli ove nagrade?<\/strong><\/p>\n\n\n\n<p>&#8211; Zajednica tehni\u010dke kulture grada Daruvara uzela je u obzir brojne izvannastavne aktivnosti&nbsp; kojima se bavim \u010ditav niz godina: od Foto sekcije, Robotike i programiranja Arduina, Sekcije Sigurno u prometu, tj. osposobljavanja u\u010denika za polaganje biciklisti\u010dkog ispita, kontinuirane pripreme u\u010denika za natjecanja te sudjelovanja na \u0161kolskim, \u017eupanijskim i dr\u017eavnim natjecanjima. Pro\u0161le smo godine imali dosta uspjeha. Osvojili smo prva i druga mjesta na \u017dupanijskom natjecanju iz informatike. Bili smo i na dva dr\u017eavna natjecanja: Sigurno u prometu i na Natjecanju mladih tehni\u010dara, gdje je moja u\u010denica Lena Brleti\u0107 osvojila tre\u0107e mjesto u kategoriji fotografije. To je bio najve\u0107i uspjeh.<\/p>\n\n\n\n<p><strong>Dobitnica ste i nekih drugih nagrada. Mo\u017eete li nam i o njima re\u0107i ne\u0161to vi\u0161e?<\/strong><\/p>\n\n\n\n<p>&#8211; Pro\u0161le i pretpro\u0161le godine dobila sam Nagradu Ministarstva znanosti i obrazovanja za najbolje u\u010ditelje. Svake se godine dodjeljuje 500 takvih nagrada.<\/p>\n\n\n\n<p><strong>Nedavno Vam je uru\u010dena i Nagrada grada Daruvara.<\/strong><\/p>\n\n\n\n<p>&#8211; Za tu me nagradu nominirao Foto Film klub Daruvar zbog volontiranja u klubu.<\/p>\n\n\n\n<p><strong>Kako se osje\u0107ate sada, nakon dodjele nagrade?&nbsp;<\/strong><\/p>\n\n\n\n<p>&#8211; To me ispunjava. Sretna sam. Prije nekoliko godina dobila sam i nagradu Udruge pedagoga Tehni\u010dke kulture. Nagrada Faust Vran\u010di\u0107 je najve\u0107a od dobivenih nagrada jer se godi\u0161nje dodjeljuje njih samo deset: jedna za \u017eivotno djelo i pet za udruge. Zanimljivo je spomenuti da su i dvije daruvarske dvije udruge dobile tu nagradu. 2005. godine dobio ju je Radio klub Daruvar, a 2006. godine Foto film klub Daruvar. Ja sam prva Daruvar\u010danka koja&nbsp; je dobila tu nagradu.<\/p>\n\n\n\n<p><strong>Mislite li da je tehnologija pozitivna ili negativna?<\/strong><\/p>\n\n\n\n<p>&#8211; Tehnologije pozitivna, ali va\u017eno je znati kako se njome koristiti. Treba imati mjeru, primjerice ne pretjerati u kori\u0161tenju mobilnih telefona. Djeca moraju biti upoznata s tehnologijom jer \u0107e u protivnom biti izdvojeni iz zajednice vr\u0161njaka, no trebaju postojati i granice.<\/p>\n\n\n\n<p><strong>Kako vi procjenjujete odnos dana\u0161njih mladih nara\u0161taja prema tehnologijama?<\/strong> <strong>Znaju li se mladi nositi sa svime \u0161to nam tehnologija donosi?<\/strong>&nbsp;<\/p>\n\n\n\n<p>&#8211; Mislim da s dobrim znaju, iskori\u0161tavaju sve dobro, ali se s lo\u0161im stvarima ne znaju nositi. Ponekad krenu krivim putem i tu ih treba stalno usmjeravati. Primjerice, moraju paziti \u0161to objavljuju na mre\u017ei. Jednom objavljene snimke i videozapisi mogu se zloupotrijebiti. Ne smiju vjerovati svemu \u0161to pro\u010ditaju i vide na internetu. Moraju kriti\u010dki promi\u0161ljati sadr\u017eaje kojima su izlo\u017eeni te procijeniti va\u017enost i istinitost sadr\u017eaja. Sve se to u\u010di. &nbsp;<\/p>\n\n\n\n<p><strong>Spomenuli ste da volontirate u Zajednici tehni\u010dke kulture (u Foto film klubu Daruvar). \u0160to vas poti\u010de na volontiranje?<\/strong><\/p>\n\n\n\n<p>&#8211; \u017delim da se djeca i mladi bave tehnikom. U udruzi ima i starijih osoba i sa svima se radi. U\u010dimo i mlade i starije koristiti se novim tehnologijama, ali ne samo njima. Upoznat \u0107emo ih i s modelarstvom i elektronikom.<\/p>\n\n\n\n<p><strong>Mo\u017eete li nam ne\u0161to vi\u0161e re\u0107i o projektu u kojemu trenutno sudjelujete<\/strong>?<\/p>\n\n\n\n<p>&#8211; Projekt <em>STEM-iziraj se i educiraj<\/em> napravljen je u suradnji Zajednice tehni\u010dke kulture grada Daruvara i Razvojne agencije grada Daruvara. Projekt je vrijedan dva i pol milijuna kuna. Uz pomo\u0107 tih sredstava ure\u0111en je prostor zajednice koja se nalazi na adresi Strossmayerova 32. Nabavljena je oprema tako da se mogu organizirati brojne radionice (modelari, elektronika, robotika, 3D ispis, komunikacijske vje\u0161tine). Radionice su namijenjene djeci od vrti\u0107ke dobi do starijih. Pro\u0161le su godine na radionicu 3D ispisa do\u0161li u\u010denici tre\u0107ega razreda osnovne \u0161kole, a do\u0161la je i umirovljenica koja je meni u srednjoj \u0161koli predavala Informatiku.<\/p>\n\n\n\n<p><strong>Mogu li mladi nara\u0161taji nau\u010diti ne\u0161to starije?<\/strong><\/p>\n\n\n\n<p>&#8211; Mogu, oni su informati\u010dki uro\u0111enici. No, i oni trebaju jo\u0161 u\u010diti. Primjerice, na sve\u010danoj priredbi u povodu Dana \u0161kole u gradskoj kinodvorani bilo je puno mladih fotografa, \u010dlanova Foto film kluba. Mlade zanima fotografiranje i snimanje. Svoje uratke objavljuju na Instagramu, no kada do\u0111u u klub shvate da se o fotografiji puno mo\u017ee nau\u010diti i da njihove fotografije tada postaju bolje. Svi znamo da fotografija govori vi\u0161e od tisu\u0107u rije\u010di. Do\u0111ite nas posjetiti i uvjerite se u to!<\/p>\n\n\n\n<p><strong>\u010cestitamo jo\u0161 jednom na nagradi i \u017eelimo Vam jo\u0161 puno uspjeha.<\/strong><\/p>\n\n\n\n<p>&#8211; Hvala.<\/p>\n\n\n\n<p class=\"has-text-align-right\"><em>S u\u010diteljicom Alenkom Njegovac razgovarale su Stella Bis i Ana Jurki\u0107, u\u010denice 8.d razreda<\/em><\/p>\n\n\n\n<figure class=\"wp-block-image size-large\"><a href=\"http:\/\/cvrcak-daruvar.com.hr\/wp-content\/uploads\/2023\/06\/IN-1-scaled.jpg\" class=\"gallery_colorbox\"><img decoding=\"async\" loading=\"lazy\" width=\"1024\" height=\"577\" src=\"http:\/\/cvrcak-daruvar.com.hr\/wp-content\/uploads\/2023\/06\/IN-1-1024x577.jpg\"  alt=\"\" class=\"wp-image-7253\" srcset=\"http:\/\/cvrcak-daruvar.com.hr\/wp-content\/uploads\/2023\/06\/IN-1-1024x577.jpg 1024w, http:\/\/cvrcak-daruvar.com.hr\/wp-content\/uploads\/2023\/06\/IN-1-300x169.jpg 300w, http:\/\/cvrcak-daruvar.com.hr\/wp-content\/uploads\/2023\/06\/IN-1-768x432.jpg 768w, http:\/\/cvrcak-daruvar.com.hr\/wp-content\/uploads\/2023\/06\/IN-1-1536x865.jpg 1536w, http:\/\/cvrcak-daruvar.com.hr\/wp-content\/uploads\/2023\/06\/IN-1-2048x1153.jpg 2048w\" sizes=\"(max-width: 1024px) 100vw, 1024px\" \/><\/a><\/figure>\n","protected":false},"excerpt":{"rendered":"<p>Tehnologija je pozitivna, ali je va\u017eno znati kako se njome koristiti. Alenka Njegovac u\u010diteljica je Tehni\u010dke kulture i Informatike u na\u0161oj \u0161koli gdje u neposrednom radu s u\u010denicima radi ve\u0107 trideset godina. No, to nije sve. U\u010diteljica Alenka aktivno sura\u0111uje s brojnim udrugama, organizira i sudjeluje u projektima na \u0161kolskoj i gradskoj te \u017eupanijskoj i [&hellip;]<\/p>\n","protected":false},"author":5,"featured_media":0,"parent":0,"menu_order":0,"comment_status":"closed","ping_status":"closed","template":"","meta":[],"_links":{"self":[{"href":"http:\/\/cvrcak-daruvar.com.hr\/index.php?rest_route=\/wp\/v2\/pages\/7251"}],"collection":[{"href":"http:\/\/cvrcak-daruvar.com.hr\/index.php?rest_route=\/wp\/v2\/pages"}],"about":[{"href":"http:\/\/cvrcak-daruvar.com.hr\/index.php?rest_route=\/wp\/v2\/types\/page"}],"author":[{"embeddable":true,"href":"http:\/\/cvrcak-daruvar.com.hr\/index.php?rest_route=\/wp\/v2\/users\/5"}],"replies":[{"embeddable":true,"href":"http:\/\/cvrcak-daruvar.com.hr\/index.php?rest_route=%2Fwp%2Fv2%2Fcomments&post=7251"}],"version-history":[{"count":3,"href":"http:\/\/cvrcak-daruvar.com.hr\/index.php?rest_route=\/wp\/v2\/pages\/7251\/revisions"}],"predecessor-version":[{"id":7257,"href":"http:\/\/cvrcak-daruvar.com.hr\/index.php?rest_route=\/wp\/v2\/pages\/7251\/revisions\/7257"}],"wp:attachment":[{"href":"http:\/\/cvrcak-daruvar.com.hr\/index.php?rest_route=%2Fwp%2Fv2%2Fmedia&parent=7251"}],"curies":[{"name":"wp","href":"https:\/\/api.w.org\/{rel}","templated":true}]}}