{"id":7211,"date":"2023-05-03T11:51:02","date_gmt":"2023-05-03T09:51:02","guid":{"rendered":"http:\/\/cvrcak-daruvar.com.hr\/?page_id=7211"},"modified":"2023-05-03T11:51:02","modified_gmt":"2023-05-03T09:51:02","slug":"pravi-put","status":"publish","type":"page","link":"http:\/\/cvrcak-daruvar.com.hr\/?page_id=7211","title":{"rendered":"PRAVI PUT"},"content":{"rendered":"\n<p>Luksuz \u017eivota je imati svoj put, svoju pri\u010du, jedinstvenu i neponovljivu s likovima koje \u0107u sama u nju dodati.&nbsp;&nbsp;<\/p>\n\n\n\n<p>Uskoro \u0107u se na\u0107i na \u017eivotnom raskr\u0161\u0107u i lagano razmi\u0161ljam kamo \u0107u dalje. U \u0161koli mi je lijepo i iz nje \u0107u za godinu dana ponijeti draga sje\u0107anja na svoje prijatelje. To razmi\u0161ljanje \u010dini se previ\u0161e te\u0161kim i kompliciranim za moje mlade godine. Nalazim se u izazovnim vremenima, a trebam odabrati put kojim \u0107u i\u0107i. On mora biti jedan i vrijedan. \u0160to god odaberem, uvijek \u0107e me razdirati crv sumnje da sam mogla bolje odabrati. Ali ve\u0107ina stvari u \u017eivotu ne mo\u017ee se isplanirati. One se dogode. Jednostavno i nenadano. Spontano. Kao grom iz vedra neba. Mislim da \u0107e se najbolje stvari dogoditi kada prihvatim svijet takav kakav jest. Treba se prepustiti vjetru \u017eivota koji \u0107e me odvesti mo\u017eda na bolji put od onoga \u0161to sam zamislila za sebe. Ali prvo trebam neke stvari rije\u0161iti sama sa sobom, s ljudima koje susre\u0107em i prilikama koje mi \u017eivot donosi. Na svom putu susretat \u0107u osobe koje \u0107e me povrijediti ali i one koje \u0107e moje rane zacijeliti. Znam da ima <em>izvinjenja <\/em>koja nikada ne\u0107u dobiti, ali \u0107u hrabro nastaviti i\u0107i dalje. Ima i lijepih rije\u010di koje nikad ne\u0107u&nbsp; \u010duti, ali kora\u010dat \u0107u svojim putem dalje. Ima i rije\u010di ohrabrenja koja nikad ne\u0107u dobiti no nastavit \u0107u dalje bez obzira na sve &#8211;&nbsp; na podmetanja, udarce, omalova\u017eavanja jer \u0107u morati\u2026 i znam da \u0107e biti te\u0161ko na tom putu ali ja sam ja\u010da nego \u0161to sam mislila da jesam. Ve\u0107 sam susrela ljude koji mi se nisu ispri\u010dali jer su me povrijedili i \u0161to su iskori\u0161tavali moju dobrotu. Prave&nbsp; se ludi kao da ni\u0161ta nije bilo. A samo ja&nbsp; znam koliko&nbsp; to boli i kako&nbsp; bez isprike moram stisnuti zube i krenuti naprijed i kada se \u010dini da puta nema.<br>Znam da \u0107u se na tom pravom putu puno puta&nbsp; iznenaditi jer \u0107e na mojim o\u017eiljcima pisati imena mojih prijatelja, a ne neprijatelja. I morat \u0107u kroz \u017eivot nau\u010diti, za\u0161to moji tzv. prijatelji udaraju ba\u0161 na mjesta gdje me najvi\u0161e boli. Na\u0111u moju slabost i poigravaju se njome. I onda jednog dana ta bol se smanji i s vremenom pro\u0111e. Znam da \u0107e to mjesto postat&nbsp; izvor moje snage i iskustva, a ja \u0107u se sama sebi diviti kako sam to sve uspjela izdr\u017eati. No, ne\u0107u vi\u0161e biti ista sasvim sigurno. U materijalnom svijetu&nbsp; gdje caruju zavist, jal, zloba, ljubomora i pohlepa biti \u0107e te\u0161ko odabrati pravi put i jo\u0161 te\u017ee na\u0107i osobu koja \u0107e mi mo\u0107i vratiti sjaj u o\u010dima kada ga \u017eivotne oluje poku\u0161aju ugasiti.&nbsp;I ono najva\u017enije, morat \u0107u o\u010duvati svoj mir koje je najdragocjenije blago. Morat \u0107u manje slu\u0161ati ljude a vi\u0161e svoj unutarnji glas. To je za mene cijena dobroga \u017eivota.&nbsp;&nbsp;<\/p>\n\n\n\n<p>Pravi put je hrabro kora\u010dati svojom stazom \u017eivota i prihvatiti da ne\u0107e uvijek sve biti po mojoj volji, ali da uvijek mogu prihvatiti situaciju koja dolazi i gledati naprijed \u010dak i onda kada se \u010dini da je budu\u0107nost samo mutna slika u kojoj ne mogu razaznati ljude i pojave. Ne namjeravam se na svom putu uspore\u0111ivati s drugima i nije mi bitna brzina kojom idem prema\u00a0 svom cilju. Sva \u010darolija \u017eivota je upravo u putovanju kojim \u0107u do\u0107i do svoga cilja, vjeruju\u0107i da ono najbolje za mene tek dolazi.\u00a0\u00a0\u00a0<\/p>\n\n\n\n<p class=\"has-text-align-right\">Lana Hohnjec, 7.b\u00a0<\/p>\n\n\n\n<figure class=\"wp-block-image size-full is-style-default\"><a href=\"http:\/\/cvrcak-daruvar.com.hr\/wp-content\/uploads\/2023\/05\/image.png\" class=\"gallery_colorbox\"><img decoding=\"async\" loading=\"lazy\" width=\"945\" height=\"503\" src=\"http:\/\/cvrcak-daruvar.com.hr\/wp-content\/uploads\/2023\/05\/image.png\"  alt=\"\" class=\"wp-image-7212\" srcset=\"http:\/\/cvrcak-daruvar.com.hr\/wp-content\/uploads\/2023\/05\/image.png 945w, http:\/\/cvrcak-daruvar.com.hr\/wp-content\/uploads\/2023\/05\/image-300x160.png 300w, http:\/\/cvrcak-daruvar.com.hr\/wp-content\/uploads\/2023\/05\/image-768x409.png 768w\" sizes=\"(max-width: 945px) 100vw, 945px\" \/><\/a><\/figure>\n","protected":false},"excerpt":{"rendered":"<p>Luksuz \u017eivota je imati svoj put, svoju pri\u010du, jedinstvenu i neponovljivu s likovima koje \u0107u sama u nju dodati.&nbsp;&nbsp; Uskoro \u0107u se na\u0107i na \u017eivotnom raskr\u0161\u0107u i lagano razmi\u0161ljam kamo \u0107u dalje. U \u0161koli mi je lijepo i iz nje \u0107u za godinu dana ponijeti draga sje\u0107anja na svoje prijatelje. To razmi\u0161ljanje \u010dini se previ\u0161e [&hellip;]<\/p>\n","protected":false},"author":2,"featured_media":0,"parent":0,"menu_order":0,"comment_status":"closed","ping_status":"closed","template":"","meta":[],"_links":{"self":[{"href":"http:\/\/cvrcak-daruvar.com.hr\/index.php?rest_route=\/wp\/v2\/pages\/7211"}],"collection":[{"href":"http:\/\/cvrcak-daruvar.com.hr\/index.php?rest_route=\/wp\/v2\/pages"}],"about":[{"href":"http:\/\/cvrcak-daruvar.com.hr\/index.php?rest_route=\/wp\/v2\/types\/page"}],"author":[{"embeddable":true,"href":"http:\/\/cvrcak-daruvar.com.hr\/index.php?rest_route=\/wp\/v2\/users\/2"}],"replies":[{"embeddable":true,"href":"http:\/\/cvrcak-daruvar.com.hr\/index.php?rest_route=%2Fwp%2Fv2%2Fcomments&post=7211"}],"version-history":[{"count":1,"href":"http:\/\/cvrcak-daruvar.com.hr\/index.php?rest_route=\/wp\/v2\/pages\/7211\/revisions"}],"predecessor-version":[{"id":7213,"href":"http:\/\/cvrcak-daruvar.com.hr\/index.php?rest_route=\/wp\/v2\/pages\/7211\/revisions\/7213"}],"wp:attachment":[{"href":"http:\/\/cvrcak-daruvar.com.hr\/index.php?rest_route=%2Fwp%2Fv2%2Fmedia&parent=7211"}],"curies":[{"name":"wp","href":"https:\/\/api.w.org\/{rel}","templated":true}]}}