{"id":7209,"date":"2023-05-03T11:49:39","date_gmt":"2023-05-03T09:49:39","guid":{"rendered":"http:\/\/cvrcak-daruvar.com.hr\/?page_id=7209"},"modified":"2023-05-03T11:49:39","modified_gmt":"2023-05-03T09:49:39","slug":"voda","status":"publish","type":"page","link":"http:\/\/cvrcak-daruvar.com.hr\/?page_id=7209","title":{"rendered":"VODA"},"content":{"rendered":"\n<pre class=\"wp-block-verse\">Voda je kapljica \u017eivota \r\nzadivljuje nas njezina ljepota. \r\nBez boje, mirisa i okusa \r\nhigijenom se bori protiv virusa. \r\n \r\nOna je na\u0161e plavo zlato \r\nne pona\u0161ajmo se prema njoj bahato! \r\nNeprocjenjivu vrijednost ima \r\ni sok \u017eivot je svima. \r\n \r\nDok je gledam u azurno plavim valovima \r\nili kao rosu na vreme\u0161nim borovima, \r\nobuzmu me osje\u0107aji mirisa i slobode, \r\ninspiracija mi je koja ne izlazi iz mode. \r\n \r\nMo\u0107na je u snijegu, \r\nna nekom seoskom brijegu, \r\nili u obliku ki\u0161e, \r\ndok na moru brodove nji\u0161e. \r\n \r\nDok \u017eubori u nekoj rijeci, \r\ni pri\u010da pri\u010de razdraganoj djeci, \r\nne zaboravimo da je ona na\u0161a du\u0161a, \r\ni bez nje nema \u017eivota, samo su\u0161a. \r\n \r\n\u010cuvajmo boje vode, \r\nva\u017ena je kao i osje\u0107aj slobode, \r\nbitna je za \u017eivot svakog bi\u0107a \r\ni ne zaboravimo da je vi\u0161e od pi\u0107a! \r\n<\/pre>\n\n\n\n<p class=\"has-text-align-right\">Lana Hohnjec, 7.b<\/p>\n","protected":false},"excerpt":{"rendered":"<p>Voda je kapljica \u017eivota zadivljuje nas njezina ljepota. Bez boje, mirisa i okusa higijenom se bori protiv virusa. Ona je na\u0161e plavo zlato ne pona\u0161ajmo se prema njoj bahato! Neprocjenjivu vrijednost ima i sok \u017eivot je svima. Dok je gledam u azurno plavim valovima ili kao rosu na vreme\u0161nim borovima, obuzmu me osje\u0107aji mirisa i [&hellip;]<\/p>\n","protected":false},"author":2,"featured_media":0,"parent":0,"menu_order":0,"comment_status":"closed","ping_status":"closed","template":"","meta":[],"_links":{"self":[{"href":"http:\/\/cvrcak-daruvar.com.hr\/index.php?rest_route=\/wp\/v2\/pages\/7209"}],"collection":[{"href":"http:\/\/cvrcak-daruvar.com.hr\/index.php?rest_route=\/wp\/v2\/pages"}],"about":[{"href":"http:\/\/cvrcak-daruvar.com.hr\/index.php?rest_route=\/wp\/v2\/types\/page"}],"author":[{"embeddable":true,"href":"http:\/\/cvrcak-daruvar.com.hr\/index.php?rest_route=\/wp\/v2\/users\/2"}],"replies":[{"embeddable":true,"href":"http:\/\/cvrcak-daruvar.com.hr\/index.php?rest_route=%2Fwp%2Fv2%2Fcomments&post=7209"}],"version-history":[{"count":1,"href":"http:\/\/cvrcak-daruvar.com.hr\/index.php?rest_route=\/wp\/v2\/pages\/7209\/revisions"}],"predecessor-version":[{"id":7210,"href":"http:\/\/cvrcak-daruvar.com.hr\/index.php?rest_route=\/wp\/v2\/pages\/7209\/revisions\/7210"}],"wp:attachment":[{"href":"http:\/\/cvrcak-daruvar.com.hr\/index.php?rest_route=%2Fwp%2Fv2%2Fmedia&parent=7209"}],"curies":[{"name":"wp","href":"https:\/\/api.w.org\/{rel}","templated":true}]}}