{"id":7191,"date":"2023-01-29T15:30:49","date_gmt":"2023-01-29T14:30:49","guid":{"rendered":"http:\/\/cvrcak-daruvar.com.hr\/?page_id=7191"},"modified":"2023-01-29T15:31:58","modified_gmt":"2023-01-29T14:31:58","slug":"knjizica-slavonijo-ko-te-ne-bi-volio","status":"publish","type":"page","link":"http:\/\/cvrcak-daruvar.com.hr\/?page_id=7191","title":{"rendered":"Knji\u017eica &#8220;Slavonijo &#8216;ko te ne bi volio&#8221;\u00a0"},"content":{"rendered":"\n<p>U\u010denici skupine Mali glazbenici su istra\u017eivali tradicijsku glazbu u\u017eeg zavi\u010daja- Slavonije. Tako je nastala knji\u017eica &#8220;Slavonijo &#8216;ko te ne bi volio&#8221; e knjiga ujedno mo\u017ee u\u010denicima poslu\u017eiti kao materijal za ponavljanje nastavne teme Tradicijska glazba Hrvatske. Prelistajte\u00a0i uo\u010dite ljepotu na\u0161e Slavonije.<\/p>\n\n\n\n<div class=\"wp-block-file\"><object class=\"wp-block-file__embed\" data=\"http:\/\/cvrcak-daruvar.com.hr\/wp-content\/uploads\/2023\/01\/Slavonijo-ko-te-ne-bi-volio-pdf.pdf\" type=\"application\/pdf\" style=\"width:100%;height:600px\" aria-label=\"Embed of Embed of Slavonijo-ko-te-ne-bi-volio-pdf..\"><\/object><a href=\"http:\/\/cvrcak-daruvar.com.hr\/wp-content\/uploads\/2023\/01\/Slavonijo-ko-te-ne-bi-volio-pdf.pdf\">Slavonijo-ko-te-ne-bi-volio-pdf<\/a><a href=\"http:\/\/cvrcak-daruvar.com.hr\/wp-content\/uploads\/2023\/01\/Slavonijo-ko-te-ne-bi-volio-pdf.pdf\" class=\"wp-block-file__button\" download>Download<\/a><\/div>\n\n\n\n<p class=\"has-text-align-right\">u\u010diteljica Veronika \u0160piranac<\/p>\n","protected":false},"excerpt":{"rendered":"<p>U\u010denici skupine Mali glazbenici su istra\u017eivali tradicijsku glazbu u\u017eeg zavi\u010daja- Slavonije. Tako je nastala knji\u017eica &#8220;Slavonijo &#8216;ko te ne bi volio&#8221; e knjiga ujedno mo\u017ee u\u010denicima poslu\u017eiti kao materijal za ponavljanje nastavne teme Tradicijska glazba Hrvatske. Prelistajte\u00a0i uo\u010dite ljepotu na\u0161e Slavonije. u\u010diteljica Veronika \u0160piranac<\/p>\n","protected":false},"author":7,"featured_media":0,"parent":0,"menu_order":0,"comment_status":"closed","ping_status":"closed","template":"","meta":[],"_links":{"self":[{"href":"http:\/\/cvrcak-daruvar.com.hr\/index.php?rest_route=\/wp\/v2\/pages\/7191"}],"collection":[{"href":"http:\/\/cvrcak-daruvar.com.hr\/index.php?rest_route=\/wp\/v2\/pages"}],"about":[{"href":"http:\/\/cvrcak-daruvar.com.hr\/index.php?rest_route=\/wp\/v2\/types\/page"}],"author":[{"embeddable":true,"href":"http:\/\/cvrcak-daruvar.com.hr\/index.php?rest_route=\/wp\/v2\/users\/7"}],"replies":[{"embeddable":true,"href":"http:\/\/cvrcak-daruvar.com.hr\/index.php?rest_route=%2Fwp%2Fv2%2Fcomments&post=7191"}],"version-history":[{"count":3,"href":"http:\/\/cvrcak-daruvar.com.hr\/index.php?rest_route=\/wp\/v2\/pages\/7191\/revisions"}],"predecessor-version":[{"id":7195,"href":"http:\/\/cvrcak-daruvar.com.hr\/index.php?rest_route=\/wp\/v2\/pages\/7191\/revisions\/7195"}],"wp:attachment":[{"href":"http:\/\/cvrcak-daruvar.com.hr\/index.php?rest_route=%2Fwp%2Fv2%2Fmedia&parent=7191"}],"curies":[{"name":"wp","href":"https:\/\/api.w.org\/{rel}","templated":true}]}}