{"id":7164,"date":"2023-01-09T20:13:05","date_gmt":"2023-01-09T19:13:05","guid":{"rendered":"http:\/\/cvrcak-daruvar.com.hr\/?page_id=7164"},"modified":"2023-01-29T15:34:04","modified_gmt":"2023-01-29T14:34:04","slug":"projekt-aloe-vera-kako-glazba-utjece-na-rast-biljke","status":"publish","type":"page","link":"http:\/\/cvrcak-daruvar.com.hr\/?page_id=7164","title":{"rendered":"PROJEKT ALOE VERA- kako glazba utje\u010de na rast biljke"},"content":{"rendered":"\n<p class=\"has-medium-font-size\">U ovom projektu sudjeluju svi u\u010denici koji vole glazbu i cvije\u0107e. Aloe vera kao jedna poznata, ljekovita biljka uspijeva I na na\u0161em podru\u010dju. U\u010denici su sadli, presa\u0111ivali kaktuse. Njeguju ih, prate njihov napredak, \u0161to im odgovara, a \u0161to im smeta. Prou\u010davali su ih teoretski, istra\u017eivali, izmjenjivali prona\u0111ene &nbsp;podatke.<\/p>\n\n\n\n<div class=\"wp-block-image\"><figure class=\"aligncenter size-full is-resized\"><a href=\"http:\/\/cvrcak-daruvar.com.hr\/wp-content\/uploads\/2023\/01\/image.png\" class=\"gallery_colorbox\"><img decoding=\"async\" loading=\"lazy\" src=\"http:\/\/cvrcak-daruvar.com.hr\/wp-content\/uploads\/2023\/01\/image.png\"  alt=\"\" class=\"wp-image-7165\" width=\"287\" height=\"364\"\/><\/a><\/figure><\/div>\n\n\n\n<p class=\"has-medium-font-size\">Uz aloe veru tu se na\u0161lo i drugih biljaka i sjemena koje su u\u010denici donijeli i posadili ili posijali.<\/p>\n\n\n\n<div class=\"wp-block-image\"><figure class=\"aligncenter size-full\"><a href=\"http:\/\/cvrcak-daruvar.com.hr\/wp-content\/uploads\/2023\/01\/image-1.png\" class=\"gallery_colorbox\"><img decoding=\"async\" loading=\"lazy\" width=\"452\" height=\"291\" src=\"http:\/\/cvrcak-daruvar.com.hr\/wp-content\/uploads\/2023\/01\/image-1.png\"  alt=\"\" class=\"wp-image-7166\" srcset=\"http:\/\/cvrcak-daruvar.com.hr\/wp-content\/uploads\/2023\/01\/image-1.png 452w, http:\/\/cvrcak-daruvar.com.hr\/wp-content\/uploads\/2023\/01\/image-1-300x193.png 300w\" sizes=\"(max-width: 452px) 100vw, 452px\" \/><\/a><\/figure><\/div>\n\n\n\n<div class=\"wp-block-image\"><figure class=\"aligncenter size-full\"><a href=\"http:\/\/cvrcak-daruvar.com.hr\/wp-content\/uploads\/2023\/01\/image-2.png\" class=\"gallery_colorbox\"><img decoding=\"async\" loading=\"lazy\" width=\"303\" height=\"315\" src=\"http:\/\/cvrcak-daruvar.com.hr\/wp-content\/uploads\/2023\/01\/image-2.png\"  alt=\"\" class=\"wp-image-7167\" srcset=\"http:\/\/cvrcak-daruvar.com.hr\/wp-content\/uploads\/2023\/01\/image-2.png 303w, http:\/\/cvrcak-daruvar.com.hr\/wp-content\/uploads\/2023\/01\/image-2-289x300.png 289w\" sizes=\"(max-width: 303px) 100vw, 303px\" \/><\/a><\/figure><\/div>\n\n\n\n<p class=\"has-text-align-right\">Voditeljica projekta Veronika \u0160piranac<\/p>\n","protected":false},"excerpt":{"rendered":"<p>U ovom projektu sudjeluju svi u\u010denici koji vole glazbu i cvije\u0107e. Aloe vera kao jedna poznata, ljekovita biljka uspijeva I na na\u0161em podru\u010dju. U\u010denici su sadli, presa\u0111ivali kaktuse. Njeguju ih, prate njihov napredak, \u0161to im odgovara, a \u0161to im smeta. Prou\u010davali su ih teoretski, istra\u017eivali, izmjenjivali prona\u0111ene &nbsp;podatke. Uz aloe veru tu se na\u0161lo i [&hellip;]<\/p>\n","protected":false},"author":7,"featured_media":0,"parent":0,"menu_order":0,"comment_status":"closed","ping_status":"closed","template":"","meta":[],"_links":{"self":[{"href":"http:\/\/cvrcak-daruvar.com.hr\/index.php?rest_route=\/wp\/v2\/pages\/7164"}],"collection":[{"href":"http:\/\/cvrcak-daruvar.com.hr\/index.php?rest_route=\/wp\/v2\/pages"}],"about":[{"href":"http:\/\/cvrcak-daruvar.com.hr\/index.php?rest_route=\/wp\/v2\/types\/page"}],"author":[{"embeddable":true,"href":"http:\/\/cvrcak-daruvar.com.hr\/index.php?rest_route=\/wp\/v2\/users\/7"}],"replies":[{"embeddable":true,"href":"http:\/\/cvrcak-daruvar.com.hr\/index.php?rest_route=%2Fwp%2Fv2%2Fcomments&post=7164"}],"version-history":[{"count":2,"href":"http:\/\/cvrcak-daruvar.com.hr\/index.php?rest_route=\/wp\/v2\/pages\/7164\/revisions"}],"predecessor-version":[{"id":7199,"href":"http:\/\/cvrcak-daruvar.com.hr\/index.php?rest_route=\/wp\/v2\/pages\/7164\/revisions\/7199"}],"wp:attachment":[{"href":"http:\/\/cvrcak-daruvar.com.hr\/index.php?rest_route=%2Fwp%2Fv2%2Fmedia&parent=7164"}],"curies":[{"name":"wp","href":"https:\/\/api.w.org\/{rel}","templated":true}]}}