{"id":7138,"date":"2022-12-11T20:43:42","date_gmt":"2022-12-11T19:43:42","guid":{"rendered":"http:\/\/cvrcak-daruvar.com.hr\/?page_id=7138"},"modified":"2022-12-11T20:43:58","modified_gmt":"2022-12-11T19:43:58","slug":"bozicna-pjesma","status":"publish","type":"page","link":"http:\/\/cvrcak-daruvar.com.hr\/?page_id=7138","title":{"rendered":"Bo\u017ei\u0107na pjesma"},"content":{"rendered":"\n<pre class=\"wp-block-verse has-text-align-center\">Kada se probudi\u0161 ispod drvca poklon te \u010deka.\nOtvori\u0161, a u njemu se nalazi bo\u017ei\u0107na teka.\nCijela ku\u0107a je oki\u0107ena i mirisna.\nMama radi fini bo\u017ei\u0107ni ru\u010dak.\nDok ti do\u010dekuje\u0161 da ti rodbina do\u0111e.\nDa zajedno slavite i otvarate poklone,\npjevate pjesme i veselite se.\nNa kraju dana si jako sretan\njer ima\u0161 puno poklona,\ncijeli dan si se zabavljao,\nusre\u0107ivao ljude i nasmijavao.\n<\/pre>\n\n\n\n<p class=\"has-text-align-right\">Ivona Vrane\u0161evi\u0107, 5. d<\/p>\n","protected":false},"excerpt":{"rendered":"<p>Kada se probudi\u0161 ispod drvca poklon te \u010deka. Otvori\u0161, a u njemu se nalazi bo\u017ei\u0107na teka. Cijela ku\u0107a je oki\u0107ena i mirisna. Mama radi fini bo\u017ei\u0107ni ru\u010dak. Dok ti do\u010dekuje\u0161 da ti rodbina do\u0111e. Da zajedno slavite i otvarate poklone, pjevate pjesme i veselite se. Na kraju dana si jako sretan jer ima\u0161 puno poklona, [&hellip;]<\/p>\n","protected":false},"author":2,"featured_media":0,"parent":0,"menu_order":0,"comment_status":"closed","ping_status":"closed","template":"","meta":[],"_links":{"self":[{"href":"http:\/\/cvrcak-daruvar.com.hr\/index.php?rest_route=\/wp\/v2\/pages\/7138"}],"collection":[{"href":"http:\/\/cvrcak-daruvar.com.hr\/index.php?rest_route=\/wp\/v2\/pages"}],"about":[{"href":"http:\/\/cvrcak-daruvar.com.hr\/index.php?rest_route=\/wp\/v2\/types\/page"}],"author":[{"embeddable":true,"href":"http:\/\/cvrcak-daruvar.com.hr\/index.php?rest_route=\/wp\/v2\/users\/2"}],"replies":[{"embeddable":true,"href":"http:\/\/cvrcak-daruvar.com.hr\/index.php?rest_route=%2Fwp%2Fv2%2Fcomments&post=7138"}],"version-history":[{"count":3,"href":"http:\/\/cvrcak-daruvar.com.hr\/index.php?rest_route=\/wp\/v2\/pages\/7138\/revisions"}],"predecessor-version":[{"id":7141,"href":"http:\/\/cvrcak-daruvar.com.hr\/index.php?rest_route=\/wp\/v2\/pages\/7138\/revisions\/7141"}],"wp:attachment":[{"href":"http:\/\/cvrcak-daruvar.com.hr\/index.php?rest_route=%2Fwp%2Fv2%2Fmedia&parent=7138"}],"curies":[{"name":"wp","href":"https:\/\/api.w.org\/{rel}","templated":true}]}}