{"id":7132,"date":"2022-12-11T20:40:53","date_gmt":"2022-12-11T19:40:53","guid":{"rendered":"http:\/\/cvrcak-daruvar.com.hr\/?page_id=7132"},"modified":"2022-12-11T20:40:53","modified_gmt":"2022-12-11T19:40:53","slug":"ljepsi-svijet","status":"publish","type":"page","link":"http:\/\/cvrcak-daruvar.com.hr\/?page_id=7132","title":{"rendered":"Ljep\u0161i svijet"},"content":{"rendered":"\n<pre class=\"wp-block-verse has-text-align-center\">Sa svima ti se dru\u017ei,\r\ndobrotu im ti pru\u017ei.\r\nDobro se dobrim vra\u0107a,\r\nzloba \u0107e biti kra\u0107a.\r\nBudi pravi frend,\r\nto se zove trend.\r\nTada se nasmije\u0161i,\r\nneki ples otple\u0161i.\r\nTada \u0107e \u0161kola postati fora,\r\nto je svima rekla jedna Dora.\r\nSvi \u0107e tada biti sretni,\r\n\u0111aci \u0107e u \u0161koli biti spretni.\r\n<\/pre>\n\n\n\n<p class=\"has-text-align-right\">Aida Mujani\u0107, 5.e<\/p>\n","protected":false},"excerpt":{"rendered":"<p>Sa svima ti se dru\u017ei, dobrotu im ti pru\u017ei. Dobro se dobrim vra\u0107a, zloba \u0107e biti kra\u0107a. Budi pravi frend, to se zove trend. Tada se nasmije\u0161i, neki ples otple\u0161i. Tada \u0107e \u0161kola postati fora, to je svima rekla jedna Dora. Svi \u0107e tada biti sretni, \u0111aci \u0107e u \u0161koli biti spretni. Aida Mujani\u0107, 5.e<\/p>\n","protected":false},"author":2,"featured_media":0,"parent":0,"menu_order":0,"comment_status":"closed","ping_status":"closed","template":"","meta":[],"_links":{"self":[{"href":"http:\/\/cvrcak-daruvar.com.hr\/index.php?rest_route=\/wp\/v2\/pages\/7132"}],"collection":[{"href":"http:\/\/cvrcak-daruvar.com.hr\/index.php?rest_route=\/wp\/v2\/pages"}],"about":[{"href":"http:\/\/cvrcak-daruvar.com.hr\/index.php?rest_route=\/wp\/v2\/types\/page"}],"author":[{"embeddable":true,"href":"http:\/\/cvrcak-daruvar.com.hr\/index.php?rest_route=\/wp\/v2\/users\/2"}],"replies":[{"embeddable":true,"href":"http:\/\/cvrcak-daruvar.com.hr\/index.php?rest_route=%2Fwp%2Fv2%2Fcomments&post=7132"}],"version-history":[{"count":1,"href":"http:\/\/cvrcak-daruvar.com.hr\/index.php?rest_route=\/wp\/v2\/pages\/7132\/revisions"}],"predecessor-version":[{"id":7133,"href":"http:\/\/cvrcak-daruvar.com.hr\/index.php?rest_route=\/wp\/v2\/pages\/7132\/revisions\/7133"}],"wp:attachment":[{"href":"http:\/\/cvrcak-daruvar.com.hr\/index.php?rest_route=%2Fwp%2Fv2%2Fmedia&parent=7132"}],"curies":[{"name":"wp","href":"https:\/\/api.w.org\/{rel}","templated":true}]}}