{"id":7129,"date":"2022-12-11T20:39:01","date_gmt":"2022-12-11T19:39:01","guid":{"rendered":"http:\/\/cvrcak-daruvar.com.hr\/?page_id=7129"},"modified":"2022-12-11T20:39:01","modified_gmt":"2022-12-11T19:39:01","slug":"badnjak","status":"publish","type":"page","link":"http:\/\/cvrcak-daruvar.com.hr\/?page_id=7129","title":{"rendered":"Badnjak"},"content":{"rendered":"\n<pre class=\"wp-block-verse has-text-align-center\">Ajde djeco oko stola,\r\npo\u010dinje nam avantura nova.\r\nNa\u0161a jelka ostala je prazna,\r\nokititi \u0107e je srca razna.\r\n\r\nNa badnju ve\u010der na\u0161u ovu,\r\ndje\u010dja nas srca zovu.\r\nAjde djeco na spavanje,\r\njer ujutro je otvaranje.\r\n\r\nSvaki dar je poseban,\r\nuz miris \u010daja dosljedan.\r\nSada se odmorite,\r\ni Bo\u017ei\u0107ne snove snivajte.\r\n<\/pre>\n\n\n\n<p class=\"has-text-align-right\">Sebastijan Trubelja, 5.e<\/p>\n","protected":false},"excerpt":{"rendered":"<p>Ajde djeco oko stola, po\u010dinje nam avantura nova. Na\u0161a jelka ostala je prazna, okititi \u0107e je srca razna. Na badnju ve\u010der na\u0161u ovu, dje\u010dja nas srca zovu. Ajde djeco na spavanje, jer ujutro je otvaranje. Svaki dar je poseban, uz miris \u010daja dosljedan. Sada se odmorite, i Bo\u017ei\u0107ne snove snivajte. Sebastijan Trubelja, 5.e<\/p>\n","protected":false},"author":2,"featured_media":0,"parent":0,"menu_order":0,"comment_status":"closed","ping_status":"closed","template":"","meta":[],"_links":{"self":[{"href":"http:\/\/cvrcak-daruvar.com.hr\/index.php?rest_route=\/wp\/v2\/pages\/7129"}],"collection":[{"href":"http:\/\/cvrcak-daruvar.com.hr\/index.php?rest_route=\/wp\/v2\/pages"}],"about":[{"href":"http:\/\/cvrcak-daruvar.com.hr\/index.php?rest_route=\/wp\/v2\/types\/page"}],"author":[{"embeddable":true,"href":"http:\/\/cvrcak-daruvar.com.hr\/index.php?rest_route=\/wp\/v2\/users\/2"}],"replies":[{"embeddable":true,"href":"http:\/\/cvrcak-daruvar.com.hr\/index.php?rest_route=%2Fwp%2Fv2%2Fcomments&post=7129"}],"version-history":[{"count":1,"href":"http:\/\/cvrcak-daruvar.com.hr\/index.php?rest_route=\/wp\/v2\/pages\/7129\/revisions"}],"predecessor-version":[{"id":7130,"href":"http:\/\/cvrcak-daruvar.com.hr\/index.php?rest_route=\/wp\/v2\/pages\/7129\/revisions\/7130"}],"wp:attachment":[{"href":"http:\/\/cvrcak-daruvar.com.hr\/index.php?rest_route=%2Fwp%2Fv2%2Fmedia&parent=7129"}],"curies":[{"name":"wp","href":"https:\/\/api.w.org\/{rel}","templated":true}]}}