{"id":7119,"date":"2022-12-11T20:21:10","date_gmt":"2022-12-11T19:21:10","guid":{"rendered":"http:\/\/cvrcak-daruvar.com.hr\/?page_id=7119"},"modified":"2022-12-11T20:21:10","modified_gmt":"2022-12-11T19:21:10","slug":"_jedan-dan-u-vukovaru","status":"publish","type":"page","link":"http:\/\/cvrcak-daruvar.com.hr\/?page_id=7119","title":{"rendered":"_Jedan dan u Vukovaru"},"content":{"rendered":"\n<pre class=\"wp-block-verse\">Jesen je. \r\nMoja obitelj i ja hodamo ulicama grada heroja- \r\nVukovara. \r\n \r\n\u0160areno drve\u0107e uljep\u0161ava parkove \r\ni doziva prolaznike u svoje naru\u010dje. \r\n \r\nGledam oko sebe: \r\nti\u0161ina i vika, odrasli i djeca. \r\nNekada i sada,  bol i sre\u0107a. \r\n \r\nU daljini \u010dujem \u0161um rijeke. \r\nNa igrali\u0161tu djeca majkama u naru\u010dje lete. \r\nSve je nekako tu, ba\u0161 kako treba. \r\nVodotoranj gledam kako ponosno stoji do neba. \r\n \r\nI onda mi tata ka\u017ee: \r\nvidi\u0161 na njemu rane, podsje\u0107aju na ratne dane. \r\n \r\nZnam, golubica simbol je mira i sjete! \r\nVukovaru, ponosni grade, \r\nnek' u \u010dast tebi polete! \r\n<\/pre>\n\n\n\n<p class=\"has-text-align-right\">Vivien Holubek, 5.a\u00a0<\/p>\n","protected":false},"excerpt":{"rendered":"<p>Jesen je. Moja obitelj i ja hodamo ulicama grada heroja- Vukovara. \u0160areno drve\u0107e uljep\u0161ava parkove i doziva prolaznike u svoje naru\u010dje. Gledam oko sebe: ti\u0161ina i vika, odrasli i djeca. Nekada i sada, bol i sre\u0107a. U daljini \u010dujem \u0161um rijeke. Na igrali\u0161tu djeca majkama u naru\u010dje lete. Sve je nekako tu, ba\u0161 kako treba. [&hellip;]<\/p>\n","protected":false},"author":2,"featured_media":0,"parent":0,"menu_order":0,"comment_status":"closed","ping_status":"closed","template":"","meta":[],"_links":{"self":[{"href":"http:\/\/cvrcak-daruvar.com.hr\/index.php?rest_route=\/wp\/v2\/pages\/7119"}],"collection":[{"href":"http:\/\/cvrcak-daruvar.com.hr\/index.php?rest_route=\/wp\/v2\/pages"}],"about":[{"href":"http:\/\/cvrcak-daruvar.com.hr\/index.php?rest_route=\/wp\/v2\/types\/page"}],"author":[{"embeddable":true,"href":"http:\/\/cvrcak-daruvar.com.hr\/index.php?rest_route=\/wp\/v2\/users\/2"}],"replies":[{"embeddable":true,"href":"http:\/\/cvrcak-daruvar.com.hr\/index.php?rest_route=%2Fwp%2Fv2%2Fcomments&post=7119"}],"version-history":[{"count":1,"href":"http:\/\/cvrcak-daruvar.com.hr\/index.php?rest_route=\/wp\/v2\/pages\/7119\/revisions"}],"predecessor-version":[{"id":7120,"href":"http:\/\/cvrcak-daruvar.com.hr\/index.php?rest_route=\/wp\/v2\/pages\/7119\/revisions\/7120"}],"wp:attachment":[{"href":"http:\/\/cvrcak-daruvar.com.hr\/index.php?rest_route=%2Fwp%2Fv2%2Fmedia&parent=7119"}],"curies":[{"name":"wp","href":"https:\/\/api.w.org\/{rel}","templated":true}]}}