{"id":7116,"date":"2022-12-11T20:18:48","date_gmt":"2022-12-11T19:18:48","guid":{"rendered":"http:\/\/cvrcak-daruvar.com.hr\/?page_id=7116"},"modified":"2022-12-11T20:18:48","modified_gmt":"2022-12-11T19:18:48","slug":"jedan-dan-u-vukovaru-3","status":"publish","type":"page","link":"http:\/\/cvrcak-daruvar.com.hr\/?page_id=7116","title":{"rendered":"Jedan dan u Vukovaru"},"content":{"rendered":"\n<pre class=\"wp-block-verse\">Nikada nisam bio u tom gradu, \r\na \u010duo sam o njemu tako mnogo\u2026 \r\n\u017delio bih ga posjetiti jako rado \r\nsa svojom obitelji ili \u0161kolom. \r\nVolio bih pro\u0161etati njegovim ulicama, \r\nvidjeti znamenitosti njegove sada, \r\nosobito Vukovarski vodotoranj- \r\nsimbol stradanja i otpora toga grada. \r\n\r\nSiguran sam da puno zanimljivosti \r\nu Vukovaru ima: \r\nkulturne ba\u0161tine, povijesnog naslije\u0111a, \r\ntradicije zanimljive svima. \r\n\r\nVukovar je grad emocija, \r\nto je grad heroja \r\ni zato ga bar jednom u \u017eivotu \r\nsvakako posjetiti moram. \r\n<\/pre>\n\n\n\n<p class=\"has-text-align-right\">Sven Kova\u010di\u0107, 7.b<\/p>\n","protected":false},"excerpt":{"rendered":"<p>Nikada nisam bio u tom gradu, a \u010duo sam o njemu tako mnogo\u2026 \u017delio bih ga posjetiti jako rado sa svojom obitelji ili \u0161kolom. Volio bih pro\u0161etati njegovim ulicama, vidjeti znamenitosti njegove sada, osobito Vukovarski vodotoranj- simbol stradanja i otpora toga grada. Siguran sam da puno zanimljivosti u Vukovaru ima: kulturne ba\u0161tine, povijesnog naslije\u0111a, tradicije [&hellip;]<\/p>\n","protected":false},"author":2,"featured_media":0,"parent":0,"menu_order":0,"comment_status":"closed","ping_status":"closed","template":"","meta":[],"_links":{"self":[{"href":"http:\/\/cvrcak-daruvar.com.hr\/index.php?rest_route=\/wp\/v2\/pages\/7116"}],"collection":[{"href":"http:\/\/cvrcak-daruvar.com.hr\/index.php?rest_route=\/wp\/v2\/pages"}],"about":[{"href":"http:\/\/cvrcak-daruvar.com.hr\/index.php?rest_route=\/wp\/v2\/types\/page"}],"author":[{"embeddable":true,"href":"http:\/\/cvrcak-daruvar.com.hr\/index.php?rest_route=\/wp\/v2\/users\/2"}],"replies":[{"embeddable":true,"href":"http:\/\/cvrcak-daruvar.com.hr\/index.php?rest_route=%2Fwp%2Fv2%2Fcomments&post=7116"}],"version-history":[{"count":1,"href":"http:\/\/cvrcak-daruvar.com.hr\/index.php?rest_route=\/wp\/v2\/pages\/7116\/revisions"}],"predecessor-version":[{"id":7117,"href":"http:\/\/cvrcak-daruvar.com.hr\/index.php?rest_route=\/wp\/v2\/pages\/7116\/revisions\/7117"}],"wp:attachment":[{"href":"http:\/\/cvrcak-daruvar.com.hr\/index.php?rest_route=%2Fwp%2Fv2%2Fmedia&parent=7116"}],"curies":[{"name":"wp","href":"https:\/\/api.w.org\/{rel}","templated":true}]}}