{"id":7103,"date":"2022-12-11T20:12:14","date_gmt":"2022-12-11T19:12:14","guid":{"rendered":"http:\/\/cvrcak-daruvar.com.hr\/?page_id=7103"},"modified":"2022-12-11T20:12:14","modified_gmt":"2022-12-11T19:12:14","slug":"jedan-dan-u-vukovaru_","status":"publish","type":"page","link":"http:\/\/cvrcak-daruvar.com.hr\/?page_id=7103","title":{"rendered":"Jedan dan u Vukovaru_"},"content":{"rendered":"\n<pre class=\"wp-block-verse\">Grad slomljen \n\u017eivoti oduzeti \nnesre\u0107a slama sre\u0107u         \na ja te vi\u0161e nikada vidjeti ne\u0107u. \n \nO, rate, rate! \nuni\u0161tio si na\u0161 grad, \na \u0161to \u0107emo sad?! \n\nOstala je samo  \ntuga i jad. \n \nVodotoranj stoji \ni ponosno dane broji \ns tisu\u0107e rana \nnije pokleknuo ni dana. \n \nU tom gradu \nstotine heroja spava, \nali ih na\u017ealost pokriva trava. \n \nSjetna gradom hodam, \no\u010di su mi snene \ntad zamolim Dunav  \nda odnese tu\u017ene uspomene. \n \nTaj je grad kao \nBo\u017eji dar. \nTaj se grad zove \nVukovar. \n<\/pre>\n\n\n\n<p class=\"has-text-align-right\">Hana Kos, 7.d<\/p>\n","protected":false},"excerpt":{"rendered":"<p>Grad slomljen \u017eivoti oduzeti nesre\u0107a slama sre\u0107u a ja te vi\u0161e nikada vidjeti ne\u0107u. O, rate, rate! uni\u0161tio si na\u0161 grad, a \u0161to \u0107emo sad?! Ostala je samo tuga i jad. Vodotoranj stoji i ponosno dane broji s tisu\u0107e rana nije pokleknuo ni dana. U tom gradu stotine heroja spava, ali ih na\u017ealost pokriva trava. [&hellip;]<\/p>\n","protected":false},"author":2,"featured_media":0,"parent":0,"menu_order":0,"comment_status":"closed","ping_status":"closed","template":"","meta":[],"_links":{"self":[{"href":"http:\/\/cvrcak-daruvar.com.hr\/index.php?rest_route=\/wp\/v2\/pages\/7103"}],"collection":[{"href":"http:\/\/cvrcak-daruvar.com.hr\/index.php?rest_route=\/wp\/v2\/pages"}],"about":[{"href":"http:\/\/cvrcak-daruvar.com.hr\/index.php?rest_route=\/wp\/v2\/types\/page"}],"author":[{"embeddable":true,"href":"http:\/\/cvrcak-daruvar.com.hr\/index.php?rest_route=\/wp\/v2\/users\/2"}],"replies":[{"embeddable":true,"href":"http:\/\/cvrcak-daruvar.com.hr\/index.php?rest_route=%2Fwp%2Fv2%2Fcomments&post=7103"}],"version-history":[{"count":2,"href":"http:\/\/cvrcak-daruvar.com.hr\/index.php?rest_route=\/wp\/v2\/pages\/7103\/revisions"}],"predecessor-version":[{"id":7107,"href":"http:\/\/cvrcak-daruvar.com.hr\/index.php?rest_route=\/wp\/v2\/pages\/7103\/revisions\/7107"}],"wp:attachment":[{"href":"http:\/\/cvrcak-daruvar.com.hr\/index.php?rest_route=%2Fwp%2Fv2%2Fmedia&parent=7103"}],"curies":[{"name":"wp","href":"https:\/\/api.w.org\/{rel}","templated":true}]}}