{"id":7083,"date":"2022-12-11T19:42:05","date_gmt":"2022-12-11T18:42:05","guid":{"rendered":"http:\/\/cvrcak-daruvar.com.hr\/?page_id=7083"},"modified":"2022-12-11T19:42:22","modified_gmt":"2022-12-11T18:42:22","slug":"moja-sloboda","status":"publish","type":"page","link":"http:\/\/cvrcak-daruvar.com.hr\/?page_id=7083","title":{"rendered":"Moja sloboda"},"content":{"rendered":"\n<p>Svaki \u010dovjek ima pravo na slobodu. Svi imaju isto pravo, kako bogati tako i siroma\u0161ni. Svaki \u010dovjek ima pravo slobodno misliti, disati, voljeti, birati \u2013 formirati sebe i svoj \u017eivot.<br>Oduzeti nekome slobodu je najve\u0107i zlo\u010din. Zabraniti nekome ne\u0161to \u0161to je od \u017eivotne va\u017enosti ili mu nametnuti svoje mi\u0161ljenje je tako\u0111er oduzimanje slobode. \u017divot je zami\u0161ljen da poma\u017eemo drugima i \u017eivimo u sre\u0107i, ljubavi i dobroti.<br>Svi smo mi, na neki na\u010din, slobodni ali i nismo. Slobodni smo zato \u0161to nas nitko ne dr\u017ei u zato\u010deni\u0161tvu, ali nismo slobodni jer imamo puno obaveza i ne mo\u017eemo raditi sve \u0161to \u017eelimo.<br>Pod pojmom sloboda smatram da \u010dovjek ima pravo biti svoj na na\u010din da slu\u0161a unutarnje osje\u0107aje, \u017eelje, stremnje te da u kona\u010dnici svatko od nas bude iskonski sretan. S druge strane trebamo biti svjesni snage postupaka i rije\u010di te uvijek postupati ispravno, dobro i pravedno.<br>Biti slobodan zna\u010di biti bez straha, biti odgovoran za sebe i za svoja djela , ali isto tako dozvoliti drugima da budu odgovorni za sebe i vlastita djela.<\/p>\n\n\n\n<p class=\"has-text-align-right\">\u00a0\u00a0\u00a0\u00a0\u00a0\u00a0\u00a0\u00a0\u00a0\u00a0\u00a0\u00a0\u00a0\u00a0\u00a0\u00a0\u00a0\u00a0\u00a0\u00a0\u00a0\u00a0\u00a0\u00a0\u00a0\u00a0\u00a0\u00a0\u00a0\u00a0\u00a0\u00a0\u00a0\u00a0\u00a0\u00a0\u00a0\u00a0\u00a0\u00a0\u00a0\u00a0\u00a0\u00a0\u00a0\u00a0\u00a0\u00a0\u00a0\u00a0\u00a0\u00a0\u00a0\u00a0\u00a0\u00a0\u00a0\u00a0\u00a0\u00a0\u00a0\u00a0\u00a0\u00a0\u00a0\u00a0\u00a0\u00a0\u00a0\u00a0\u00a0\u00a0\u00a0\u00a0\u00a0\u00a0\u00a0\u00a0\u00a0\u00a0\u00a0\u00a0\u00a0\u00a0\u00a0\u00a0 Ivan Juraj Filip\u010di\u0107, 8.b<\/p>\n","protected":false},"excerpt":{"rendered":"<p>Svaki \u010dovjek ima pravo na slobodu. Svi imaju isto pravo, kako bogati tako i siroma\u0161ni. Svaki \u010dovjek ima pravo slobodno misliti, disati, voljeti, birati \u2013 formirati sebe i svoj \u017eivot.Oduzeti nekome slobodu je najve\u0107i zlo\u010din. Zabraniti nekome ne\u0161to \u0161to je od \u017eivotne va\u017enosti ili mu nametnuti svoje mi\u0161ljenje je tako\u0111er oduzimanje slobode. \u017divot je zami\u0161ljen [&hellip;]<\/p>\n","protected":false},"author":2,"featured_media":0,"parent":0,"menu_order":0,"comment_status":"closed","ping_status":"closed","template":"","meta":[],"_links":{"self":[{"href":"http:\/\/cvrcak-daruvar.com.hr\/index.php?rest_route=\/wp\/v2\/pages\/7083"}],"collection":[{"href":"http:\/\/cvrcak-daruvar.com.hr\/index.php?rest_route=\/wp\/v2\/pages"}],"about":[{"href":"http:\/\/cvrcak-daruvar.com.hr\/index.php?rest_route=\/wp\/v2\/types\/page"}],"author":[{"embeddable":true,"href":"http:\/\/cvrcak-daruvar.com.hr\/index.php?rest_route=\/wp\/v2\/users\/2"}],"replies":[{"embeddable":true,"href":"http:\/\/cvrcak-daruvar.com.hr\/index.php?rest_route=%2Fwp%2Fv2%2Fcomments&post=7083"}],"version-history":[{"count":2,"href":"http:\/\/cvrcak-daruvar.com.hr\/index.php?rest_route=\/wp\/v2\/pages\/7083\/revisions"}],"predecessor-version":[{"id":7085,"href":"http:\/\/cvrcak-daruvar.com.hr\/index.php?rest_route=\/wp\/v2\/pages\/7083\/revisions\/7085"}],"wp:attachment":[{"href":"http:\/\/cvrcak-daruvar.com.hr\/index.php?rest_route=%2Fwp%2Fv2%2Fmedia&parent=7083"}],"curies":[{"name":"wp","href":"https:\/\/api.w.org\/{rel}","templated":true}]}}