{"id":7071,"date":"2022-12-11T19:34:18","date_gmt":"2022-12-11T18:34:18","guid":{"rendered":"http:\/\/cvrcak-daruvar.com.hr\/?page_id=7071"},"modified":"2022-12-11T19:41:16","modified_gmt":"2022-12-11T18:41:16","slug":"sreca","status":"publish","type":"page","link":"http:\/\/cvrcak-daruvar.com.hr\/?page_id=7071","title":{"rendered":"Sre\u0107a"},"content":{"rendered":"\n<pre class=\"wp-block-verse\">Sre\u0107a je ne\u0161to \u0161to volimo. \nSre\u0107a je dug koji imamo prema sebi.\nSre\u0107a je tvoja najdra\u017ea stvar\u010dica. \nSre\u0107a je znati \u017eivjeti u svojoj ko\u017ei, a ne u tu\u0111im o\u010dima.\nSre\u0107a je imati nekoga koga voli\u0161. \nSre\u0107a se dijeli, ne \u010duvaj je za sebe! \nKada je primi\u0161, ti je daj!\n<\/pre>\n\n\n\n<p class=\"has-text-align-right\">&nbsp;&nbsp;&nbsp;&nbsp;&nbsp;&nbsp;&nbsp;&nbsp;&nbsp;&nbsp;&nbsp;&nbsp;&nbsp;&nbsp;&nbsp;&nbsp;&nbsp;&nbsp;&nbsp;&nbsp;&nbsp;&nbsp;&nbsp;&nbsp;&nbsp;&nbsp;&nbsp;&nbsp;&nbsp;&nbsp;&nbsp; &nbsp;&nbsp;&nbsp;&nbsp;&nbsp;&nbsp;&nbsp;&nbsp;&nbsp;&nbsp;&nbsp;&nbsp;&nbsp;&nbsp;&nbsp;&nbsp;&nbsp;&nbsp;&nbsp;Kiara Gjai\u0107, 7.b<\/p>\n","protected":false},"excerpt":{"rendered":"<p>Sre\u0107a je ne\u0161to \u0161to volimo. Sre\u0107a je dug koji imamo prema sebi. Sre\u0107a je tvoja najdra\u017ea stvar\u010dica. Sre\u0107a je znati \u017eivjeti u svojoj ko\u017ei, a ne u tu\u0111im o\u010dima. Sre\u0107a je imati nekoga koga voli\u0161. Sre\u0107a se dijeli, ne \u010duvaj je za sebe! Kada je primi\u0161, ti je daj! &nbsp;&nbsp;&nbsp;&nbsp;&nbsp;&nbsp;&nbsp;&nbsp;&nbsp;&nbsp;&nbsp;&nbsp;&nbsp;&nbsp;&nbsp;&nbsp;&nbsp;&nbsp;&nbsp;&nbsp;&nbsp;&nbsp;&nbsp;&nbsp;&nbsp;&nbsp;&nbsp;&nbsp;&nbsp;&nbsp;&nbsp; &nbsp;&nbsp;&nbsp;&nbsp;&nbsp;&nbsp;&nbsp;&nbsp;&nbsp;&nbsp;&nbsp;&nbsp;&nbsp;&nbsp;&nbsp;&nbsp;&nbsp;&nbsp;&nbsp;Kiara Gjai\u0107, 7.b<\/p>\n","protected":false},"author":2,"featured_media":0,"parent":0,"menu_order":0,"comment_status":"closed","ping_status":"closed","template":"","meta":[],"_links":{"self":[{"href":"http:\/\/cvrcak-daruvar.com.hr\/index.php?rest_route=\/wp\/v2\/pages\/7071"}],"collection":[{"href":"http:\/\/cvrcak-daruvar.com.hr\/index.php?rest_route=\/wp\/v2\/pages"}],"about":[{"href":"http:\/\/cvrcak-daruvar.com.hr\/index.php?rest_route=\/wp\/v2\/types\/page"}],"author":[{"embeddable":true,"href":"http:\/\/cvrcak-daruvar.com.hr\/index.php?rest_route=\/wp\/v2\/users\/2"}],"replies":[{"embeddable":true,"href":"http:\/\/cvrcak-daruvar.com.hr\/index.php?rest_route=%2Fwp%2Fv2%2Fcomments&post=7071"}],"version-history":[{"count":3,"href":"http:\/\/cvrcak-daruvar.com.hr\/index.php?rest_route=\/wp\/v2\/pages\/7071\/revisions"}],"predecessor-version":[{"id":7082,"href":"http:\/\/cvrcak-daruvar.com.hr\/index.php?rest_route=\/wp\/v2\/pages\/7071\/revisions\/7082"}],"wp:attachment":[{"href":"http:\/\/cvrcak-daruvar.com.hr\/index.php?rest_route=%2Fwp%2Fv2%2Fmedia&parent=7071"}],"curies":[{"name":"wp","href":"https:\/\/api.w.org\/{rel}","templated":true}]}}