{"id":7055,"date":"2022-12-11T19:28:27","date_gmt":"2022-12-11T18:28:27","guid":{"rendered":"http:\/\/cvrcak-daruvar.com.hr\/?page_id=7055"},"modified":"2023-10-22T18:58:07","modified_gmt":"2023-10-22T16:58:07","slug":"projekti-8","status":"publish","type":"page","link":"http:\/\/cvrcak-daruvar.com.hr\/?page_id=7055","title":{"rendered":"Projekti 2022.\/2023."},"content":{"rendered":"\n<p><\/p>\n\n\n\n<h2 class=\"wp-block-heading\"><a href=\"http:\/\/cvrcak-daruvar.com.hr\/?page_id=7196\" data-type=\"page\" data-id=\"7196\">Zemlja izlaze\u0107eg sunca e-knjiga<\/a><\/h2>\n\n\n\n<h2 class=\"wp-block-heading\"><a href=\"http:\/\/cvrcak-daruvar.com.hr\/?page_id=7191\" data-type=\"page\" data-id=\"7191\">Knji\u017eica &#8220;Slavonijo &#8216;ko te ne bi volio&#8221;<\/a>&nbsp;<\/h2>\n\n\n\n<h2 class=\"wp-block-heading\"><a href=\"http:\/\/cvrcak-daruvar.com.hr\/?page_id=7164\" data-type=\"page\" data-id=\"7164\" target=\"_blank\" rel=\"noreferrer noopener\">PROJEKT ALOE VERA- kako glazba utje\u010de na rast biljke<\/a><\/h2>\n\n\n\n<h2 class=\"wp-block-heading\"><a href=\"http:\/\/cvrcak-daruvar.com.hr\/?page_id=7087\" data-type=\"page\" data-id=\"7087\">Pri\u010da jesenskog \u0161e\u0161ira<\/a><\/h2>\n\n\n\n<p><\/p>\n","protected":false},"excerpt":{"rendered":"<p>Zemlja izlaze\u0107eg sunca e-knjiga Knji\u017eica &#8220;Slavonijo &#8216;ko te ne bi volio&#8221;&nbsp; PROJEKT ALOE VERA- kako glazba utje\u010de na rast biljke Pri\u010da jesenskog \u0161e\u0161ira<\/p>\n","protected":false},"author":2,"featured_media":0,"parent":0,"menu_order":0,"comment_status":"closed","ping_status":"closed","template":"","meta":[],"_links":{"self":[{"href":"http:\/\/cvrcak-daruvar.com.hr\/index.php?rest_route=\/wp\/v2\/pages\/7055"}],"collection":[{"href":"http:\/\/cvrcak-daruvar.com.hr\/index.php?rest_route=\/wp\/v2\/pages"}],"about":[{"href":"http:\/\/cvrcak-daruvar.com.hr\/index.php?rest_route=\/wp\/v2\/types\/page"}],"author":[{"embeddable":true,"href":"http:\/\/cvrcak-daruvar.com.hr\/index.php?rest_route=\/wp\/v2\/users\/2"}],"replies":[{"embeddable":true,"href":"http:\/\/cvrcak-daruvar.com.hr\/index.php?rest_route=%2Fwp%2Fv2%2Fcomments&post=7055"}],"version-history":[{"count":6,"href":"http:\/\/cvrcak-daruvar.com.hr\/index.php?rest_route=\/wp\/v2\/pages\/7055\/revisions"}],"predecessor-version":[{"id":7316,"href":"http:\/\/cvrcak-daruvar.com.hr\/index.php?rest_route=\/wp\/v2\/pages\/7055\/revisions\/7316"}],"wp:attachment":[{"href":"http:\/\/cvrcak-daruvar.com.hr\/index.php?rest_route=%2Fwp%2Fv2%2Fmedia&parent=7055"}],"curies":[{"name":"wp","href":"https:\/\/api.w.org\/{rel}","templated":true}]}}