{"id":7029,"date":"2022-11-23T21:23:13","date_gmt":"2022-11-23T20:23:13","guid":{"rendered":"http:\/\/cvrcak-daruvar.com.hr\/?page_id=7029"},"modified":"2022-11-23T21:23:13","modified_gmt":"2022-11-23T20:23:13","slug":"impresum-2021-2022","status":"publish","type":"page","link":"http:\/\/cvrcak-daruvar.com.hr\/?page_id=7029","title":{"rendered":"Impresum 2021.\/2022."},"content":{"rendered":"\n<h2 class=\"wp-block-heading\"><\/h2>\n\n\n\n<ul id=\"menu-menu\"><li><a href=\"http:\/\/cvrcak-daruvar.com.hr\/\">NASLOVNICA<\/a><\/li><li><a href=\"http:\/\/cvrcak-daruvar.com.hr\/?page_id=6583\">IMPRESUM<\/a><\/li><li><a href=\"http:\/\/cvrcak-daruvar.com.hr\/?page_id=6587\">\u0160KOLSKI KUTAK<\/a><\/li><li><a href=\"http:\/\/cvrcak-daruvar.com.hr\/?page_id=6585\">PRODU\u017dENI BORAVAK<\/a><\/li><li><a href=\"http:\/\/cvrcak-daruvar.com.hr\/?page_id=6589\">NOVINARI<\/a><\/li><li><a href=\"http:\/\/cvrcak-daruvar.com.hr\/?page_id=6591\">PROJEKTI<\/a><\/li><li><a href=\"http:\/\/cvrcak-daruvar.com.hr\/?page_id=6623\">LITERARNI KUTAK<\/a><\/li><li><a href=\"http:\/\/cvrcak-daruvar.com.hr\/?page_id=6595\">LIKOVNI KUTAK<\/a><\/li><li><a href=\"http:\/\/cvrcak-daruvar.com.hr\/?page_id=6597\">NATJECANJA I SMOTRE<\/a><\/li><li><a href=\"http:\/\/cvrcak-daruvar.com.hr\/?page_id=6890\">STRIP<\/a><\/li><li><a href=\"http:\/\/cvrcak-daruvar.com.hr\/?page_id=4670\">ARHIVA<\/a><\/li><li><a href=\"http:\/\/cvrcak-daruvar.com.hr\/?page_id=6599\">FOTOGRAFIJE RAZREDA<\/a><\/li><\/ul>\n\n\n\n<h2 class=\"wp-block-heading\">IMPRESUM<\/h2>\n\n\n\n<p><strong>WRITTEN BY: ALENKA NJEGOVAC<em><\/em><\/strong><\/p>\n\n\n\n<p>\u0160kolska godina 2021.\/2022.<\/p>\n\n\n\n<p><strong>Digitalni \u0161kolski list \u201cCVR\u010cAK\u201d<\/strong><\/p>\n\n\n\n<p>Adresa izdava\u010da:<br>Osnovna \u0161kola Vladimira Nazora<br>Ljudevita Gaja 24<br>43500 Daruvar<br>Tel.: 043 333 123<br>Fax.: 043 331 147<br>E-mail: os-daruvar-001@os-vnazora-daruvar.skole.hr<br>Web stranica:&nbsp;<a href=\"http:\/\/os-vnazora-daruvar.skole.hr\/\">http:\/\/os-vnazora-daruvar.skole.hr\/<\/a><\/p>\n\n\n\n<p><br>Za \u0161kolu: ravnateljica Kornelija \u010castek, dipl. def. \u2013 soc. ped.<br>Glavna i odgovorna urednica: Jasminka Kuzle<br>Ra\u010dunalna obrada: Alenka Njegovac<br>Uredni\u0161tvo:<br>Alenka Njegovac, Jasminka Kuzle, Lana Borjan, Leo \u017dukina, Marina Singer, Biserka Hre\u0161i\u0107, Ankica Je\u017eabek, Andreja \u017duger<br>Uredni\u0161tvo \u2013 u\u010denici novinari<\/p>\n\n\n\n<p><br>Logo: Valentin Baron, Ivan Molnar<\/p>\n","protected":false},"excerpt":{"rendered":"<p>NASLOVNICA IMPRESUM \u0160KOLSKI KUTAK PRODU\u017dENI BORAVAK NOVINARI PROJEKTI LITERARNI KUTAK LIKOVNI KUTAK NATJECANJA I SMOTRE STRIP ARHIVA FOTOGRAFIJE RAZREDA IMPRESUM WRITTEN BY: ALENKA NJEGOVAC \u0160kolska godina 2021.\/2022. Digitalni \u0161kolski list \u201cCVR\u010cAK\u201d Adresa izdava\u010da:Osnovna \u0161kola Vladimira NazoraLjudevita Gaja 2443500 DaruvarTel.: 043 333 123Fax.: 043 331 147E-mail: os-daruvar-001@os-vnazora-daruvar.skole.hrWeb stranica:&nbsp;http:\/\/os-vnazora-daruvar.skole.hr\/ Za \u0161kolu: ravnateljica Kornelija \u010castek, dipl. def. \u2013 [&hellip;]<\/p>\n","protected":false},"author":2,"featured_media":0,"parent":0,"menu_order":0,"comment_status":"closed","ping_status":"closed","template":"","meta":[],"_links":{"self":[{"href":"http:\/\/cvrcak-daruvar.com.hr\/index.php?rest_route=\/wp\/v2\/pages\/7029"}],"collection":[{"href":"http:\/\/cvrcak-daruvar.com.hr\/index.php?rest_route=\/wp\/v2\/pages"}],"about":[{"href":"http:\/\/cvrcak-daruvar.com.hr\/index.php?rest_route=\/wp\/v2\/types\/page"}],"author":[{"embeddable":true,"href":"http:\/\/cvrcak-daruvar.com.hr\/index.php?rest_route=\/wp\/v2\/users\/2"}],"replies":[{"embeddable":true,"href":"http:\/\/cvrcak-daruvar.com.hr\/index.php?rest_route=%2Fwp%2Fv2%2Fcomments&post=7029"}],"version-history":[{"count":1,"href":"http:\/\/cvrcak-daruvar.com.hr\/index.php?rest_route=\/wp\/v2\/pages\/7029\/revisions"}],"predecessor-version":[{"id":7030,"href":"http:\/\/cvrcak-daruvar.com.hr\/index.php?rest_route=\/wp\/v2\/pages\/7029\/revisions\/7030"}],"wp:attachment":[{"href":"http:\/\/cvrcak-daruvar.com.hr\/index.php?rest_route=%2Fwp%2Fv2%2Fmedia&parent=7029"}],"curies":[{"name":"wp","href":"https:\/\/api.w.org\/{rel}","templated":true}]}}