{"id":6860,"date":"2022-06-16T20:25:42","date_gmt":"2022-06-16T18:25:42","guid":{"rendered":"http:\/\/cvrcak-daruvar.com.hr\/?page_id=6860"},"modified":"2022-06-16T20:25:42","modified_gmt":"2022-06-16T18:25:42","slug":"dan-jedne-skolske-torbe","status":"publish","type":"page","link":"http:\/\/cvrcak-daruvar.com.hr\/?page_id=6860","title":{"rendered":"Dan jedne \u0161kolske torbe"},"content":{"rendered":"\n<p>Od jutra rana sam ve\u0107 natrpana, jedva di\u0161em. Na put do \u0161kole bih trebala po\u0107i, ali moj Nemanja&#8230; tko zna koja \u0107e mu stanica biti! Ne\u0161to me jako \u017eulja, pika. Joj, ne! Opet \u0161estar nije stavio u kutijicu. Sve se isprekretalo, tra\u017ei se klju\u010d, nigdje ga nema. Slova i brojke poispadale na sve strane.<\/p>\n\n\n\n<p>&nbsp;&nbsp;&nbsp;&nbsp;&nbsp;&nbsp;&nbsp;&nbsp;&nbsp; Te\u017eak je moj put do \u0161kole. Amo \u2013 tamo, nikad kraja. Lagano ide moj Neco, kad ono \u2013 mirisa sto! Znam da je stigao do Gricka, njega ne mo\u017eemo zaobi\u0107i. A sad brzo do \u0161kole da sva znanja pokupimo i svim se nesta\u0161lucima nasmijemo. Pecivo miri\u0161e u torbi, \u010deka odmor. Aki i Sven su me stoput gurnuli i preokrenuli. Navikla sam, valjda sam im lijepa tako crvena. Olovke i gumice skupim, \u010dak se tu i tu\u0111e nekada na\u0111u. \u010cuvam sve pa kako bude, mo\u017eda nekome zatrebaju.<\/p>\n\n\n\n<p>&nbsp;&nbsp;&nbsp;&nbsp;&nbsp;&nbsp;&nbsp;&nbsp;&nbsp;&nbsp;&nbsp;&nbsp;&nbsp;&nbsp;&nbsp;&nbsp;&nbsp;&nbsp;&nbsp; Natrpana \u0161kolskih knjiga,<\/p>\n\n\n\n<p>&nbsp;&nbsp;&nbsp;&nbsp;&nbsp;&nbsp;&nbsp;&nbsp;&nbsp;&nbsp;&nbsp;&nbsp;&nbsp;&nbsp;&nbsp;&nbsp;&nbsp;&nbsp;&nbsp; a dje\u010daku puna briga.<\/p>\n\n\n\n<p>&nbsp;&nbsp;&nbsp;&nbsp;&nbsp;&nbsp;&nbsp;&nbsp;&nbsp;&nbsp;&nbsp;&nbsp;&nbsp;&nbsp;&nbsp;&nbsp;&nbsp;&nbsp;&nbsp; Nekada po zemlji pu\u017ee,<\/p>\n\n\n\n<p>&nbsp;&nbsp;&nbsp;&nbsp;&nbsp;&nbsp;&nbsp;&nbsp;&nbsp;&nbsp;&nbsp;&nbsp;&nbsp;&nbsp;&nbsp;&nbsp;&nbsp;&nbsp;&nbsp; ali pretinci joj ipak slu\u017ee.<\/p>\n\n\n\n<p>&nbsp;&nbsp;&nbsp;&nbsp;&nbsp;&nbsp;&nbsp;&nbsp;&nbsp;&nbsp;&nbsp;&nbsp;&nbsp;&nbsp;&nbsp;&nbsp;&nbsp;&nbsp;&nbsp; Pernica i razne boje<\/p>\n\n\n\n<p>&nbsp;&nbsp;&nbsp;&nbsp;&nbsp;&nbsp;&nbsp;&nbsp;&nbsp;&nbsp;&nbsp;&nbsp;&nbsp;&nbsp;&nbsp;&nbsp;&nbsp;&nbsp;&nbsp; u toj torbi stalno stoje.<\/p>\n\n\n\n<p>&nbsp;&nbsp;&nbsp;&nbsp;&nbsp;&nbsp;&nbsp;&nbsp;&nbsp;&nbsp;&nbsp;&nbsp;&nbsp;&nbsp;&nbsp;&nbsp;&nbsp;&nbsp;&nbsp; I tako od te\u0161ke borbe<\/p>\n\n\n\n<p>&nbsp;&nbsp;&nbsp;&nbsp;&nbsp;&nbsp;&nbsp;&nbsp;&nbsp;&nbsp;&nbsp;&nbsp;&nbsp;&nbsp;&nbsp;&nbsp;&nbsp;&nbsp;&nbsp; pro\u0111e i dan \u0161kolske torbe!<\/p>\n\n\n\n<p class=\"has-text-align-right\">Nemanja Popovi\u0107, 6.a<\/p>\n","protected":false},"excerpt":{"rendered":"<p>Od jutra rana sam ve\u0107 natrpana, jedva di\u0161em. Na put do \u0161kole bih trebala po\u0107i, ali moj Nemanja&#8230; tko zna koja \u0107e mu stanica biti! Ne\u0161to me jako \u017eulja, pika. Joj, ne! Opet \u0161estar nije stavio u kutijicu. Sve se isprekretalo, tra\u017ei se klju\u010d, nigdje ga nema. Slova i brojke poispadale na sve strane. &nbsp;&nbsp;&nbsp;&nbsp;&nbsp;&nbsp;&nbsp;&nbsp;&nbsp; [&hellip;]<\/p>\n","protected":false},"author":2,"featured_media":0,"parent":0,"menu_order":0,"comment_status":"closed","ping_status":"closed","template":"","meta":[],"_links":{"self":[{"href":"http:\/\/cvrcak-daruvar.com.hr\/index.php?rest_route=\/wp\/v2\/pages\/6860"}],"collection":[{"href":"http:\/\/cvrcak-daruvar.com.hr\/index.php?rest_route=\/wp\/v2\/pages"}],"about":[{"href":"http:\/\/cvrcak-daruvar.com.hr\/index.php?rest_route=\/wp\/v2\/types\/page"}],"author":[{"embeddable":true,"href":"http:\/\/cvrcak-daruvar.com.hr\/index.php?rest_route=\/wp\/v2\/users\/2"}],"replies":[{"embeddable":true,"href":"http:\/\/cvrcak-daruvar.com.hr\/index.php?rest_route=%2Fwp%2Fv2%2Fcomments&post=6860"}],"version-history":[{"count":1,"href":"http:\/\/cvrcak-daruvar.com.hr\/index.php?rest_route=\/wp\/v2\/pages\/6860\/revisions"}],"predecessor-version":[{"id":6861,"href":"http:\/\/cvrcak-daruvar.com.hr\/index.php?rest_route=\/wp\/v2\/pages\/6860\/revisions\/6861"}],"wp:attachment":[{"href":"http:\/\/cvrcak-daruvar.com.hr\/index.php?rest_route=%2Fwp%2Fv2%2Fmedia&parent=6860"}],"curies":[{"name":"wp","href":"https:\/\/api.w.org\/{rel}","templated":true}]}}