{"id":6845,"date":"2022-06-14T21:10:04","date_gmt":"2022-06-14T19:10:04","guid":{"rendered":"http:\/\/cvrcak-daruvar.com.hr\/?page_id=6845"},"modified":"2022-06-14T21:10:04","modified_gmt":"2022-06-14T19:10:04","slug":"maskare-u-skoli","status":"publish","type":"page","link":"http:\/\/cvrcak-daruvar.com.hr\/?page_id=6845","title":{"rendered":"Ma\u0161kare u \u0161koli"},"content":{"rendered":"\n<p>Veselje pokladnog utorka dotaklo je i na\u0161u \u0161kolu!<\/p>\n\n\n\n<p>U utorak 1. o\u017eujka 2022. obilje\u017eili smo ma\u0161kare u razredima. Svi su pokazali i dokazali da je pokladni\u00a0dan najveseliji dan u godini.<\/p>\n\n\n\n<figure class=\"wp-block-image\"><img decoding=\"async\" src=\"http:\/\/os-vnazora-daruvar.skole.hr\/upload\/os-vnazora-daruvar\/images\/newsimg\/7032\/Image\/Ma%C5%A1kare%20Nada.jpg\" alt=\"\"\/><figcaption>1.a<\/figcaption><\/figure>\n\n\n\n<figure class=\"wp-block-image\"><img decoding=\"async\" src=\"http:\/\/os-vnazora-daruvar.skole.hr\/upload\/os-vnazora-daruvar\/images\/newsimg\/7032\/Image\/Ma%C5%A1kare%20Inga.jpg\" alt=\"\"\/><figcaption>1.c<\/figcaption><\/figure>\n\n\n\n<figure class=\"wp-block-image\"><img decoding=\"async\" src=\"http:\/\/os-vnazora-daruvar.skole.hr\/upload\/os-vnazora-daruvar\/images\/newsimg\/7032\/Image\/Ma%C5%A1kare%20ja.jpg\" alt=\"\"\/><figcaption>1.d<\/figcaption><\/figure>\n\n\n\n<figure class=\"wp-block-image\"><img decoding=\"async\" src=\"http:\/\/os-vnazora-daruvar.skole.hr\/upload\/os-vnazora-daruvar\/images\/newsimg\/7032\/Image\/Ma%C5%A1kare%20Bo%C5%BEenka.jpg\" alt=\"\"\/><figcaption>2.c<\/figcaption><\/figure>\n\n\n\n<figure class=\"wp-block-image\"><img decoding=\"async\" src=\"http:\/\/os-vnazora-daruvar.skole.hr\/upload\/os-vnazora-daruvar\/images\/newsimg\/7032\/Image\/Ma%C5%A1kare%20Jasmina.jpg\" alt=\"\"\/><figcaption>2.d<\/figcaption><\/figure>\n\n\n\n<figure class=\"wp-block-image\"><img decoding=\"async\" src=\"http:\/\/os-vnazora-daruvar.skole.hr\/upload\/os-vnazora-daruvar\/images\/newsimg\/7032\/Image\/Ma%C5%A1kare%20Renata.jpg\" alt=\"\"\/><figcaption>3.d<\/figcaption><\/figure>\n\n\n\n<figure class=\"wp-block-image\"><img decoding=\"async\" src=\"http:\/\/os-vnazora-daruvar.skole.hr\/upload\/os-vnazora-daruvar\/images\/newsimg\/7032\/Image\/Ma%C5%A1kare%20Lorena.jpg\" alt=\"\"\/><figcaption>Produ\u017eeni boravak 1.a i 2.a<\/figcaption><\/figure>\n\n\n\n<figure class=\"wp-block-image\"><img decoding=\"async\" src=\"http:\/\/os-vnazora-daruvar.skole.hr\/upload\/os-vnazora-daruvar\/images\/newsimg\/7032\/Image\/Ma%C5%A1kare%20Sre%C4%91ani.jpg\" alt=\"\"\/><figcaption>P\u0160 Gornji Sre\u0111ani,2.,3.,4.r.<\/figcaption><\/figure>\n\n\n\n<figure class=\"wp-block-image\"><img decoding=\"async\" src=\"http:\/\/os-vnazora-daruvar.skole.hr\/upload\/os-vnazora-daruvar\/images\/newsimg\/7032\/Image\/Ma%C5%A1kare%20Doljani.jpg\" alt=\"\"\/><figcaption>P\u0160 Doljani, 3. i 4. r.<\/figcaption><\/figure>\n\n\n\n<figure class=\"wp-block-image\"><img decoding=\"async\" src=\"http:\/\/os-vnazora-daruvar.skole.hr\/upload\/os-vnazora-daruvar\/images\/newsimg\/7032\/Image\/Ma%C5%A1kare%20Batinjani.jpg\" alt=\"\"\/><figcaption>P\u0160 Batinjani<\/figcaption><\/figure>\n\n\n\n<figure class=\"wp-block-image\"><img decoding=\"async\" src=\"http:\/\/os-vnazora-daruvar.skole.hr\/upload\/os-vnazora-daruvar\/images\/newsimg\/7032\/Image\/Ma%C5%A1kare%20Ivana%20Tourek.jpg\" alt=\"\"\/><\/figure>\n\n\n\n<p>PS Gornji Daruvar i Ivanovo Polje<\/p>\n","protected":false},"excerpt":{"rendered":"<p>Veselje pokladnog utorka dotaklo je i na\u0161u \u0161kolu! U utorak 1. o\u017eujka 2022. obilje\u017eili smo ma\u0161kare u razredima. Svi su pokazali i dokazali da je pokladni\u00a0dan najveseliji dan u godini. PS Gornji Daruvar i Ivanovo Polje<\/p>\n","protected":false},"author":6,"featured_media":0,"parent":0,"menu_order":0,"comment_status":"closed","ping_status":"closed","template":"","meta":[],"_links":{"self":[{"href":"http:\/\/cvrcak-daruvar.com.hr\/index.php?rest_route=\/wp\/v2\/pages\/6845"}],"collection":[{"href":"http:\/\/cvrcak-daruvar.com.hr\/index.php?rest_route=\/wp\/v2\/pages"}],"about":[{"href":"http:\/\/cvrcak-daruvar.com.hr\/index.php?rest_route=\/wp\/v2\/types\/page"}],"author":[{"embeddable":true,"href":"http:\/\/cvrcak-daruvar.com.hr\/index.php?rest_route=\/wp\/v2\/users\/6"}],"replies":[{"embeddable":true,"href":"http:\/\/cvrcak-daruvar.com.hr\/index.php?rest_route=%2Fwp%2Fv2%2Fcomments&post=6845"}],"version-history":[{"count":1,"href":"http:\/\/cvrcak-daruvar.com.hr\/index.php?rest_route=\/wp\/v2\/pages\/6845\/revisions"}],"predecessor-version":[{"id":6846,"href":"http:\/\/cvrcak-daruvar.com.hr\/index.php?rest_route=\/wp\/v2\/pages\/6845\/revisions\/6846"}],"wp:attachment":[{"href":"http:\/\/cvrcak-daruvar.com.hr\/index.php?rest_route=%2Fwp%2Fv2%2Fmedia&parent=6845"}],"curies":[{"name":"wp","href":"https:\/\/api.w.org\/{rel}","templated":true}]}}