{"id":6837,"date":"2022-06-09T19:44:13","date_gmt":"2022-06-09T17:44:13","guid":{"rendered":"http:\/\/cvrcak-daruvar.com.hr\/?page_id=6837"},"modified":"2022-06-09T19:44:13","modified_gmt":"2022-06-09T17:44:13","slug":"izlet-u-hrvatsko-zagorje","status":"publish","type":"page","link":"http:\/\/cvrcak-daruvar.com.hr\/?page_id=6837","title":{"rendered":"Izlet u Hrvatsko zagorje"},"content":{"rendered":"\n<p>U\u010denici drugih razreda, te u\u010denici P\u0160 Batinjani i P\u0160 Doljani bili su na jednodnevnom izletu u Hrvatskom zagorju 19. i 20. 5. 2022.&nbsp; Po dolasku u Kumrovec posjetili su etno muzej \u201eStaro selo\u201c gdje su vidjeli o\u010duvane izvorne ku\u0107e s prijelaza 19. na 20. stolje\u0107e, razne etnolo\u0161ke izlo\u017ebe (od zrna do poga\u010de, Zagorska svadba, Od konoplja do platna..) te prisustvovali prezentaciji jednog tradicijskog obrta \u2013 izradi tradicijskih igra\u010daka od drveta.<\/p>\n\n\n\n<p>&nbsp;Na cesti Klanjec \u2013 Kumrovec, vidjeli su spomenik hrvatskoj himni \u201eLijepa na\u0161a\u201d, koji su povodom 100 godina himne, Bra\u0107a hrvatskog zmaja podigli u \u010dast njenom autoru Antunu Mihanovi\u0107u.<\/p>\n\n\n\n<p>&nbsp;Nastavili su prema Gornjoj Stubici gdje su posjetili dvorac obitelji Or\u0161i\u0107 i&nbsp; razgledali Muzej selja\u010dkih buna. Ispod dvorca je monumentalni Augustin\u010di\u0107ev Spomenik Selja\u010dkoj buni i Matiji Gupcu koji su pogledali i zajedno se slikali.<\/p>\n\n\n\n<p>Nakon toga odvezli su se do Gup\u010deve lipe. Lipa (prema narodnoj predaji stara vi\u0161e od 400 godina) i jedini je \u017eivi svjedok selja\u010dke bune pod vodstvom Matije Gupca iz 1573 g. Nakon razgleda Gup\u010deve lipe, odvezli su se do&nbsp; spomenika Rudolfu Pere\u0161inu.<\/p>\n\n\n\n<p>&nbsp;Nastavili su put&nbsp; prema Mariji Bistrici, posjetili smo sveti\u0161te i baziliku u kojoj se nalazi kip Majke Bo\u017eje Bistri\u010dke.<\/p>\n\n\n\n<p>&nbsp;U kasnim popodnevnim satima krenuli smo ku\u0107i. Vratili smo se umorni, ali puni dojmova i&nbsp; zadovoljni.<\/p>\n\n\n\n<p>Voditeljica izleta, u\u010diteljica Bo\u017eenka Mik<\/p>\n\n\n\n<figure class=\"wp-block-image\"><img decoding=\"async\" src=\"http:\/\/os-vnazora-daruvar.skole.hr\/upload\/os-vnazora-daruvar\/images\/newsimg\/7295\/Image\/Bo%C5%BEenka%20izlet%201.jpg\" alt=\"\"\/><\/figure>\n\n\n\n<figure class=\"wp-block-image\"><img decoding=\"async\" src=\"http:\/\/os-vnazora-daruvar.skole.hr\/upload\/os-vnazora-daruvar\/images\/newsimg\/7295\/Image\/Bo%C5%BEenka%20izlet%203.jpg\" alt=\"\"\/><\/figure>\n\n\n\n<figure class=\"wp-block-image\"><img decoding=\"async\" src=\"http:\/\/os-vnazora-daruvar.skole.hr\/upload\/os-vnazora-daruvar\/images\/newsimg\/7295\/Image\/Bo%C5%BEenka%20izlet%204.jpg\" alt=\"\"\/><\/figure>\n\n\n\n<figure class=\"wp-block-image\"><img decoding=\"async\" src=\"http:\/\/os-vnazora-daruvar.skole.hr\/upload\/os-vnazora-daruvar\/images\/newsimg\/7295\/Image\/Bo%C5%BEenka%20izlet%206.jpg\" alt=\"\"\/><\/figure>\n\n\n\n<figure class=\"wp-block-image\"><img decoding=\"async\" src=\"http:\/\/os-vnazora-daruvar.skole.hr\/upload\/os-vnazora-daruvar\/images\/newsimg\/7295\/Image\/Bo%C5%BEenka%20izlet%207.jpg\" alt=\"\"\/><\/figure>\n\n\n\n<figure class=\"wp-block-image\"><img decoding=\"async\" src=\"http:\/\/os-vnazora-daruvar.skole.hr\/upload\/os-vnazora-daruvar\/images\/newsimg\/7295\/Image\/Bo%C5%BEenka%20izlet%208.jpg\" alt=\"\"\/><\/figure>\n\n\n\n<figure class=\"wp-block-image\"><img decoding=\"async\" src=\"http:\/\/os-vnazora-daruvar.skole.hr\/upload\/os-vnazora-daruvar\/images\/newsimg\/7295\/Image\/Bo%C5%BEenka%20izlet%202.jpg\" alt=\"\"\/><\/figure>\n\n\n\n<figure class=\"wp-block-image\"><img decoding=\"async\" src=\"http:\/\/os-vnazora-daruvar.skole.hr\/upload\/os-vnazora-daruvar\/images\/newsimg\/7295\/Image\/0-02-0a-0d56d5b8d47a9c5f7f93d1ceffcb777e66d1b48cc2b5376924d5e6a8fc30bba5_8424f785.jpg\" alt=\"\"\/><\/figure>\n\n\n\n<figure class=\"wp-block-image\"><img decoding=\"async\" src=\"http:\/\/os-vnazora-daruvar.skole.hr\/upload\/os-vnazora-daruvar\/images\/newsimg\/7295\/Image\/0-02-0a-0980b118799e9b95e8e1e6f1d14ed2a8dc300902cf3408b6ee34a2fd5586bf4b_1ef0cb05.jpg\" alt=\"\"\/><\/figure>\n\n\n\n<figure class=\"wp-block-image\"><img decoding=\"async\" src=\"http:\/\/os-vnazora-daruvar.skole.hr\/upload\/os-vnazora-daruvar\/images\/newsimg\/7295\/Image\/0-02-05-b200699f6d8b65d31841574ab124bcbb787694e79d0eacd7ea52ad33b81afbfe_e5c52e26.jpg\" alt=\"\"\/><\/figure>\n\n\n\n<figure class=\"wp-block-image\"><img decoding=\"async\" src=\"http:\/\/os-vnazora-daruvar.skole.hr\/upload\/os-vnazora-daruvar\/images\/newsimg\/7295\/Image\/0-02-05-b17fc815db441bc2f733ec46030ad7900c0e545c39d7e5622d532a10ca585f7c_d72c77e1.jpg\" alt=\"\"\/><\/figure>\n","protected":false},"excerpt":{"rendered":"<p>U\u010denici drugih razreda, te u\u010denici P\u0160 Batinjani i P\u0160 Doljani bili su na jednodnevnom izletu u Hrvatskom zagorju 19. i 20. 5. 2022.&nbsp; Po dolasku u Kumrovec posjetili su etno muzej \u201eStaro selo\u201c gdje su vidjeli o\u010duvane izvorne ku\u0107e s prijelaza 19. na 20. stolje\u0107e, razne etnolo\u0161ke izlo\u017ebe (od zrna do poga\u010de, Zagorska svadba, Od [&hellip;]<\/p>\n","protected":false},"author":6,"featured_media":0,"parent":0,"menu_order":0,"comment_status":"closed","ping_status":"closed","template":"","meta":[],"_links":{"self":[{"href":"http:\/\/cvrcak-daruvar.com.hr\/index.php?rest_route=\/wp\/v2\/pages\/6837"}],"collection":[{"href":"http:\/\/cvrcak-daruvar.com.hr\/index.php?rest_route=\/wp\/v2\/pages"}],"about":[{"href":"http:\/\/cvrcak-daruvar.com.hr\/index.php?rest_route=\/wp\/v2\/types\/page"}],"author":[{"embeddable":true,"href":"http:\/\/cvrcak-daruvar.com.hr\/index.php?rest_route=\/wp\/v2\/users\/6"}],"replies":[{"embeddable":true,"href":"http:\/\/cvrcak-daruvar.com.hr\/index.php?rest_route=%2Fwp%2Fv2%2Fcomments&post=6837"}],"version-history":[{"count":1,"href":"http:\/\/cvrcak-daruvar.com.hr\/index.php?rest_route=\/wp\/v2\/pages\/6837\/revisions"}],"predecessor-version":[{"id":6838,"href":"http:\/\/cvrcak-daruvar.com.hr\/index.php?rest_route=\/wp\/v2\/pages\/6837\/revisions\/6838"}],"wp:attachment":[{"href":"http:\/\/cvrcak-daruvar.com.hr\/index.php?rest_route=%2Fwp%2Fv2%2Fmedia&parent=6837"}],"curies":[{"name":"wp","href":"https:\/\/api.w.org\/{rel}","templated":true}]}}