{"id":6820,"date":"2022-06-08T11:45:12","date_gmt":"2022-06-08T09:45:12","guid":{"rendered":"http:\/\/cvrcak-daruvar.com.hr\/?page_id=6820"},"modified":"2022-06-08T11:54:33","modified_gmt":"2022-06-08T09:54:33","slug":"nikada-ne-bih-vjerovala-da-tea-bilavcic","status":"publish","type":"page","link":"http:\/\/cvrcak-daruvar.com.hr\/?page_id=6820","title":{"rendered":"Nikada ne bih vjerovala, da\u2026 (Tea Bilav\u010di\u0107)"},"content":{"rendered":"\n<p>Nikada ne bih vjerovala da \u0107u upravo upoznati jednog malog vilenjaka po imenu Tonko. Bio je tako malen.&nbsp;<\/p>\n\n\n\n<p>Tonko je \u017eivio u malenom selu koje se zove Tonkovil. Po cijele bi dane ma\u0161tao, pisao pri\u010de i sastavke. Volio je pisati i \u010ditati. Njegove pri\u010de su bile kao prave pri\u010de, a on je imao samo dvanaest godina. Jednog dana poslao je pri\u010du pod naslovom \u201ePustolovine \u010detvorice dje\u010daka\u201c na natjecanje. Stiglo mu je pismo gdje je pisalo da to nije dovoljno dobra pri\u010da. Tonko nije odustao. Nastavio je pisati i pisati dok nije bio zadovoljan. Tjedan dana je \u0161etao po ku\u0107i i pisao pri\u010de o djevoj\u010dici koja je voljela biti na livadi. Poslao je i tu pri\u010du na natjecanje, ali ni ona nije bila dovoljno dobra. Nastavio je pisati dok nije napisao tako dobru pri\u010du o malenome vilenjaku. Dobio je pismo u kojem je pisalo da je napisao tako dobru pri\u010du da je osvojio prvo mjesto u pisanju pri\u010da.&nbsp;<\/p>\n\n\n\n<p>Od tada je pro\u0161lo \u0161est godina i vilenjak je otputovao u veliki grad koji se zvao Viltan. Ondje si je prona\u0161ao mali stan. Zaposlio se kao u\u010ditelj hrvatskoga jezika u osnovnoj \u0161koli. Pokazao je djeci kako je pisao pri\u010de. Pri\u010de je odnio u muzej i u knji\u017enicu u Viltanu gdje su djeca posu\u0111ivala njegove knjige za lektiru. Djeci su se svidjele njegove pri\u010de pa su posu\u0111ivala jo\u0161 mnogo njegovih knjiga, pri\u010de i pjesme.&nbsp;<\/p>\n\n\n\n<p>Jednog dana djeci je zadao zadatak napisati sastavak o prijatelju iz razreda. On je tako\u0111er pisao sastavak o jednom u\u010deniku iz tog razreda. Djeci se jako svidio u\u010diteljev sastavak. Nastavili su \u010ditati sastavke i u\u010ditelj je svima dao petice. Jednog dana postao je ravnatelj \u0161kole, ali je i dalje predavao hrvatski jeziku u\u010denicima petih i osmih razreda. U\u010denici \u0161estog i sedmog razreda bili su tu\u017eni. Jednom su napravili film o njegovoj prvoj knjizi koju je napisao s dvanaest godina. Bio je to film o malom vilenjaku. Kada je film objavljen, svi u\u010denici su ga i\u0161li gledati u kino. Kad je Tonko saznao za film pokazao ga je petim i osmim razredima. Dao im je da napi\u0161u svoj sastavak o malom vilenjaku. Rekao je da tko napi\u0161e najbolji sastavak i zna ga objasniti da \u0107e mu zaklju\u010diti peticu na kraju \u0161kolske godine. Tako je napravio.<\/p>\n\n\n\n<p>Tonko je uvijek bio pravedan i po\u0161ten i kao ravnatelj i kao u\u010ditelj. Nakon nekoliko godina opet je po\u010deo pisati pri\u010de o svojim u\u010denicima i svojoj djeci. Volio je pisati i pisao je do kraja \u017eivota.<\/p>\n\n\n\n<p class=\"has-text-align-right\"><strong>&nbsp;Tea Bilav\u010di\u0107, 5.d<\/strong><\/p>\n","protected":false},"excerpt":{"rendered":"<p>Nikada ne bih vjerovala da \u0107u upravo upoznati jednog malog vilenjaka po imenu Tonko. Bio je tako malen.&nbsp; Tonko je \u017eivio u malenom selu koje se zove Tonkovil. Po cijele bi dane ma\u0161tao, pisao pri\u010de i sastavke. Volio je pisati i \u010ditati. Njegove pri\u010de su bile kao prave pri\u010de, a on je imao samo dvanaest [&hellip;]<\/p>\n","protected":false},"author":5,"featured_media":0,"parent":0,"menu_order":0,"comment_status":"closed","ping_status":"closed","template":"","meta":[],"_links":{"self":[{"href":"http:\/\/cvrcak-daruvar.com.hr\/index.php?rest_route=\/wp\/v2\/pages\/6820"}],"collection":[{"href":"http:\/\/cvrcak-daruvar.com.hr\/index.php?rest_route=\/wp\/v2\/pages"}],"about":[{"href":"http:\/\/cvrcak-daruvar.com.hr\/index.php?rest_route=\/wp\/v2\/types\/page"}],"author":[{"embeddable":true,"href":"http:\/\/cvrcak-daruvar.com.hr\/index.php?rest_route=\/wp\/v2\/users\/5"}],"replies":[{"embeddable":true,"href":"http:\/\/cvrcak-daruvar.com.hr\/index.php?rest_route=%2Fwp%2Fv2%2Fcomments&post=6820"}],"version-history":[{"count":3,"href":"http:\/\/cvrcak-daruvar.com.hr\/index.php?rest_route=\/wp\/v2\/pages\/6820\/revisions"}],"predecessor-version":[{"id":6833,"href":"http:\/\/cvrcak-daruvar.com.hr\/index.php?rest_route=\/wp\/v2\/pages\/6820\/revisions\/6833"}],"wp:attachment":[{"href":"http:\/\/cvrcak-daruvar.com.hr\/index.php?rest_route=%2Fwp%2Fv2%2Fmedia&parent=6820"}],"curies":[{"name":"wp","href":"https:\/\/api.w.org\/{rel}","templated":true}]}}