{"id":6806,"date":"2022-06-08T11:34:23","date_gmt":"2022-06-08T09:34:23","guid":{"rendered":"http:\/\/cvrcak-daruvar.com.hr\/?page_id=6806"},"modified":"2022-06-08T11:51:10","modified_gmt":"2022-06-08T09:51:10","slug":"medunarodni-projekt-postani-pisac-s","status":"publish","type":"page","link":"http:\/\/cvrcak-daruvar.com.hr\/?page_id=6806","title":{"rendered":"ME\u0110UNARODNI PROJEKT Postani pisac s\u2026"},"content":{"rendered":"\n<p><strong>U\u010cENICI NA\u0160E \u0160KOLE SUDJELOVALI U ME\u0110UNARODNOM PROJEKTU<\/strong><\/p>\n\n\n\n<p><strong>Postani pisac s\u2026<\/strong><\/p>\n\n\n\n<p><em>\u010cak pet u\u010denika na\u0161e \u0161kole nagra\u0111eno je 31.5.2022. godine u Pu\u010dkoj knji\u017enici i \u010ditaonici Daruvar u okviru projekta Postani pisac s\u2026<\/em><\/p>\n\n\n\n<p>Jedna skupina u\u010denika na\u0161e \u0161kole je u Pu\u010dkoj knji\u017enici pod stru\u010dnim vodstvom profesionalne pripovjeda\u010dice Sandre Vukoje iz Slavonskog Broda pisala kratke pri\u010de na temu: <strong>Nikada ne bih vjerovao da\u2026<\/strong><\/p>\n\n\n\n<p>Od \u0161est odabranih radova, pet ih je bilo iz na\u0161e \u0161kole. Najuspje\u0161nije pri\u010de napisali su: <strong>Nevia Hrabri\u0107 iz 7.d, Melissa Rihter iz 6.a, David Radman iz 8.e, Una \u0160imek iz 5.e i Tea Bilav\u010di\u0107 iz 5.d.<\/strong><\/p>\n\n\n\n<figure class=\"wp-block-image size-full is-style-rounded\"><a href=\"http:\/\/cvrcak-daruvar.com.hr\/wp-content\/uploads\/2022\/06\/image.png\" class=\"gallery_colorbox\"><img decoding=\"async\" loading=\"lazy\" width=\"975\" height=\"731\" src=\"http:\/\/cvrcak-daruvar.com.hr\/wp-content\/uploads\/2022\/06\/image.png\"  alt=\"\" class=\"wp-image-6807\" srcset=\"http:\/\/cvrcak-daruvar.com.hr\/wp-content\/uploads\/2022\/06\/image.png 975w, http:\/\/cvrcak-daruvar.com.hr\/wp-content\/uploads\/2022\/06\/image-300x225.png 300w, http:\/\/cvrcak-daruvar.com.hr\/wp-content\/uploads\/2022\/06\/image-768x576.png 768w\" sizes=\"(max-width: 975px) 100vw, 975px\" \/><\/a><\/figure>\n\n\n\n<p>Na sve\u010danoj promociji njihove su radove \u010ditali predsjednik Gradskog vije\u0107a Grada Daruvara Ivor Kova\u010dko, ravnateljica Razvojne agencije Daruvar Nicol Polenus te knji\u017eni\u010darke Dea, Danijela i&nbsp; Ljiljana. Radovi su uvr\u0161teni u me\u0111unarodni e-zbornik koji se mo\u017ee pogledati na mre\u017enoj stranici Pu\u010dke knji\u017enice na poveznici: <a href=\"https:\/\/issuu.com\/szymczysko\/docs\/stan_se_spisovatelem_2022\">https:\/\/issuu.com\/szymczysko\/docs\/stan_se_spisovatelem_2022<\/a><\/p>\n\n\n\n<p>\u010cestitamo na\u0161im mladim piscima!<\/p>\n\n\n\n<figure class=\"wp-block-image size-full is-style-rounded\"><a href=\"http:\/\/cvrcak-daruvar.com.hr\/wp-content\/uploads\/2022\/06\/image-1.png\" class=\"gallery_colorbox\"><img decoding=\"async\" loading=\"lazy\" width=\"975\" height=\"731\" src=\"http:\/\/cvrcak-daruvar.com.hr\/wp-content\/uploads\/2022\/06\/image-1.png\"  alt=\"\" class=\"wp-image-6808\" srcset=\"http:\/\/cvrcak-daruvar.com.hr\/wp-content\/uploads\/2022\/06\/image-1.png 975w, http:\/\/cvrcak-daruvar.com.hr\/wp-content\/uploads\/2022\/06\/image-1-300x225.png 300w, http:\/\/cvrcak-daruvar.com.hr\/wp-content\/uploads\/2022\/06\/image-1-768x576.png 768w\" sizes=\"(max-width: 975px) 100vw, 975px\" \/><\/a><\/figure>\n\n\n\n<p class=\"has-text-align-right\">&nbsp;&nbsp;&nbsp;&nbsp;&nbsp;&nbsp;&nbsp;&nbsp;&nbsp;&nbsp;&nbsp;&nbsp;&nbsp;&nbsp;&nbsp;&nbsp;&nbsp;&nbsp;&nbsp;&nbsp;&nbsp;&nbsp;&nbsp;&nbsp;&nbsp;&nbsp;&nbsp;&nbsp;&nbsp;&nbsp;&nbsp;&nbsp;&nbsp;&nbsp;&nbsp;&nbsp;&nbsp;&nbsp;&nbsp;&nbsp;&nbsp;&nbsp;&nbsp;&nbsp;&nbsp;&nbsp;&nbsp;&nbsp;&nbsp;&nbsp;&nbsp;&nbsp;&nbsp;&nbsp;&nbsp;&nbsp;&nbsp;&nbsp;&nbsp;&nbsp;&nbsp;&nbsp;&nbsp;&nbsp;&nbsp;&nbsp;&nbsp;&nbsp;&nbsp;&nbsp;&nbsp;&nbsp;&nbsp;&nbsp;&nbsp;&nbsp;&nbsp;&nbsp;&nbsp;&nbsp;&nbsp;&nbsp;&nbsp;&nbsp;&nbsp;&nbsp;&nbsp; Jasminka Kuzle<\/p>\n\n\n\n<h2 class=\"wp-block-heading\">Nikada ne bih vjerovala, da\u2026<\/h2>\n\n\n\n<p><a href=\"http:\/\/cvrcak-daruvar.com.hr\/?page_id=6814\" data-type=\"page\" data-id=\"6814\">Melissa Rihter, 6.a<\/a><\/p>\n\n\n\n<p><a href=\"http:\/\/cvrcak-daruvar.com.hr\/?page_id=6818\" data-type=\"page\" data-id=\"6818\">Una \u0160imek, 5.e<\/a><\/p>\n\n\n\n<p><a href=\"http:\/\/cvrcak-daruvar.com.hr\/?page_id=6820\" data-type=\"page\" data-id=\"6820\">Tea Bilav\u010di\u0107, 5,d<\/a><\/p>\n\n\n\n<p><a href=\"http:\/\/cvrcak-daruvar.com.hr\/?page_id=6822\" data-type=\"page\" data-id=\"6822\">Nevia Hrabri\u0107, 7.d<\/a><\/p>\n\n\n\n<h2 class=\"wp-block-heading\">Nikada ne bih vjerovao, da\u2026<\/h2>\n\n\n\n<p><a href=\"http:\/\/cvrcak-daruvar.com.hr\/?page_id=6824\" data-type=\"page\" data-id=\"6824\">David Radman, 8.d<\/a><\/p>\n\n\n\n<p><\/p>\n\n\n\n<p><\/p>\n","protected":false},"excerpt":{"rendered":"<p>U\u010cENICI NA\u0160E \u0160KOLE SUDJELOVALI U ME\u0110UNARODNOM PROJEKTU Postani pisac s\u2026 \u010cak pet u\u010denika na\u0161e \u0161kole nagra\u0111eno je 31.5.2022. godine u Pu\u010dkoj knji\u017enici i \u010ditaonici Daruvar u okviru projekta Postani pisac s\u2026 Jedna skupina u\u010denika na\u0161e \u0161kole je u Pu\u010dkoj knji\u017enici pod stru\u010dnim vodstvom profesionalne pripovjeda\u010dice Sandre Vukoje iz Slavonskog Broda pisala kratke pri\u010de na temu: [&hellip;]<\/p>\n","protected":false},"author":5,"featured_media":0,"parent":0,"menu_order":0,"comment_status":"closed","ping_status":"closed","template":"","meta":[],"_links":{"self":[{"href":"http:\/\/cvrcak-daruvar.com.hr\/index.php?rest_route=\/wp\/v2\/pages\/6806"}],"collection":[{"href":"http:\/\/cvrcak-daruvar.com.hr\/index.php?rest_route=\/wp\/v2\/pages"}],"about":[{"href":"http:\/\/cvrcak-daruvar.com.hr\/index.php?rest_route=\/wp\/v2\/types\/page"}],"author":[{"embeddable":true,"href":"http:\/\/cvrcak-daruvar.com.hr\/index.php?rest_route=\/wp\/v2\/users\/5"}],"replies":[{"embeddable":true,"href":"http:\/\/cvrcak-daruvar.com.hr\/index.php?rest_route=%2Fwp%2Fv2%2Fcomments&post=6806"}],"version-history":[{"count":6,"href":"http:\/\/cvrcak-daruvar.com.hr\/index.php?rest_route=\/wp\/v2\/pages\/6806\/revisions"}],"predecessor-version":[{"id":6830,"href":"http:\/\/cvrcak-daruvar.com.hr\/index.php?rest_route=\/wp\/v2\/pages\/6806\/revisions\/6830"}],"wp:attachment":[{"href":"http:\/\/cvrcak-daruvar.com.hr\/index.php?rest_route=%2Fwp%2Fv2%2Fmedia&parent=6806"}],"curies":[{"name":"wp","href":"https:\/\/api.w.org\/{rel}","templated":true}]}}