{"id":6796,"date":"2022-05-15T22:20:07","date_gmt":"2022-05-15T20:20:07","guid":{"rendered":"http:\/\/cvrcak-daruvar.com.hr\/?page_id=6796"},"modified":"2022-05-15T22:26:44","modified_gmt":"2022-05-15T20:26:44","slug":"etwinning-projekti-u-1-d-razredu","status":"publish","type":"page","link":"http:\/\/cvrcak-daruvar.com.hr\/?page_id=6796","title":{"rendered":"eTwinning projekti u 1.d razredu"},"content":{"rendered":"\n<p>U\u010denici 1.d&nbsp; razreda s u\u010diteljicom Biserkom Hre\u0161i\u0107, ove \u0161kolske godine, sudjelovali &nbsp;su u eTwinning projektima: \u010citam tebi, \u010ditam sebi; Pjesmom, pri\u010dom i slikom kroz 1. razred.; U svijetu likovnih umjetnika 4 te u Webu\u010dionica 2.0. Projektnim aktivnostima smo poticali radost \u010ditanja, razvijali vje\u0161tinu \u010ditanja, u\u010dili kako se odnositi prema knjizi te provo\u0111enja slobodnog vremena uz knjigu. U projektu U svijetu likovnih umjetnika 4 &nbsp;u\u010denici &nbsp;su upoznali najve\u0107e likovne umjetnike svijeta i domovine potaknuti na u\u010denje i stvaranje likovnih djela.<\/p>\n\n\n\n<p>Odabranim aktivnostima u\u010denici su u\u010dili kroz istra\u017eiva\u010dki rad, a zatim svoje radove predstavili videokonferencijama u\u010denicima drugih \u0161kola uklju\u010denih u projekt. Rad u raznim IKT alatima i igre te zanimljive teme bili su odli\u010dni pokreta\u010d i rezultati su bili izvrsni. Projekti su u\u010denicima bili zabavni, zanimljivi i aktivno su sudjelovali u radu.<\/p>\n\n\n\n<h2 class=\"wp-block-heading\"><a href=\"https:\/\/read.bookcreator.com\/KKHhjN0eRBWfHt87Mt9YbRXJRti2\/n_uZ7qS_QMWPdkPWeoAk9Q\" target=\"_blank\" rel=\"noreferrer noopener\">Izgubljeni Flegi &#8211; slikovnica<\/a><\/h2>\n\n\n\n<figure class=\"wp-block-embed is-type-video is-provider-youtube wp-block-embed-youtube wp-embed-aspect-4-3 wp-has-aspect-ratio\"><div class=\"wp-block-embed__wrapper\">\n<iframe loading=\"lazy\" title=\"Abeceda 1. d\" width=\"500\" height=\"375\" src=\"https:\/\/www.youtube.com\/embed\/R9gweLBcagk?feature=oembed\" frameborder=\"0\" allow=\"accelerometer; autoplay; clipboard-write; encrypted-media; gyroscope; picture-in-picture\" allowfullscreen><\/iframe>\n<\/div><figcaption>Abeceda 1.d<\/figcaption><\/figure>\n\n\n\n<h2 class=\"wp-block-heading\"><a href=\"https:\/\/www.emaze.com\/@ALRCTZWTZ\/u-svijetu-likovnih-umjetnika-4\" data-type=\"URL\" data-id=\"https:\/\/www.emaze.com\/@ALRCTZWTZ\/u-svijetu-likovnih-umjetnika-4\" target=\"_blank\" rel=\"noreferrer noopener\">Galerija slika<\/a><\/h2>\n","protected":false},"excerpt":{"rendered":"<p>U\u010denici 1.d&nbsp; razreda s u\u010diteljicom Biserkom Hre\u0161i\u0107, ove \u0161kolske godine, sudjelovali &nbsp;su u eTwinning projektima: \u010citam tebi, \u010ditam sebi; Pjesmom, pri\u010dom i slikom kroz 1. razred.; U svijetu likovnih umjetnika 4 te u Webu\u010dionica 2.0. Projektnim aktivnostima smo poticali radost \u010ditanja, razvijali vje\u0161tinu \u010ditanja, u\u010dili kako se odnositi prema knjizi te provo\u0111enja slobodnog vremena uz [&hellip;]<\/p>\n","protected":false},"author":6,"featured_media":0,"parent":0,"menu_order":0,"comment_status":"closed","ping_status":"closed","template":"","meta":[],"_links":{"self":[{"href":"http:\/\/cvrcak-daruvar.com.hr\/index.php?rest_route=\/wp\/v2\/pages\/6796"}],"collection":[{"href":"http:\/\/cvrcak-daruvar.com.hr\/index.php?rest_route=\/wp\/v2\/pages"}],"about":[{"href":"http:\/\/cvrcak-daruvar.com.hr\/index.php?rest_route=\/wp\/v2\/types\/page"}],"author":[{"embeddable":true,"href":"http:\/\/cvrcak-daruvar.com.hr\/index.php?rest_route=\/wp\/v2\/users\/6"}],"replies":[{"embeddable":true,"href":"http:\/\/cvrcak-daruvar.com.hr\/index.php?rest_route=%2Fwp%2Fv2%2Fcomments&post=6796"}],"version-history":[{"count":5,"href":"http:\/\/cvrcak-daruvar.com.hr\/index.php?rest_route=\/wp\/v2\/pages\/6796\/revisions"}],"predecessor-version":[{"id":6802,"href":"http:\/\/cvrcak-daruvar.com.hr\/index.php?rest_route=\/wp\/v2\/pages\/6796\/revisions\/6802"}],"wp:attachment":[{"href":"http:\/\/cvrcak-daruvar.com.hr\/index.php?rest_route=%2Fwp%2Fv2%2Fmedia&parent=6796"}],"curies":[{"name":"wp","href":"https:\/\/api.w.org\/{rel}","templated":true}]}}